{"id":9248,"date":"2024-09-17T14:43:20","date_gmt":"2024-09-17T12:43:20","guid":{"rendered":"https:\/\/antcube.shop\/en\/product\/antcube-box-10x10-gipsnest-beige\/"},"modified":"2026-01-12T12:38:20","modified_gmt":"2026-01-12T11:38:20","slug":"antcube-box-10x10-gipsrede-beige","status":"publish","type":"product","link":"https:\/\/antcube.shop\/da\/vare\/antcube-box-10x10-gipsrede-beige\/","title":{"rendered":"ANTCUBE - Kasse 10\u00d710 - Gipsrede beige"},"content":{"rendered":"<p><strong>Dimensioner:<\/strong><br \/>\n100x100x100mm<\/p>\n<p><strong>Materiale:<\/strong><br \/>\nPMMA, PS, gips<\/p>\n<p><strong>Farve:<\/strong> gennemsigtig, beige<\/p>\n<p><strong>Indhold:<\/strong><br \/>\n1x kasse 100x100x100mm<br \/>\n1x inds\u00e6ttelig ramme<br \/>\n1x inds\u00e6tteligt l\u00e5g med 50 mm hul<br \/>\n1x indsats til gipsrede<br \/>\n2x formicariumpropper 27 mm<br \/>\n1x gitterindsats - 50mm - rustfrit st\u00e5l<\/p>\n<p><strong>Beskrivelse:<\/strong><br \/>\nDenne beholder er udstyret med en ramme og et l\u00e5g, der kan s\u00e6ttes i, og har ogs\u00e5 to 27 mm \u00e5bninger til fremtidige udvidelser. L\u00e5get har et 50 mm hul, hvori der kan inds\u00e6ttes gitterindsatser, ventilator- eller lampeudtag. Denne praktiske og letplejede arena med integreret gipsrede er velegnet til fundamentkolonier, der kan lide at bygge deres reder i jorden eller mellem sten.<\/p>","protected":false},"excerpt":{"rendered":"<p><strong>St\u00f8rrelse:<\/strong> 10x10x10 cm<\/p>","protected":false},"featured_media":9559,"comment_status":"open","ping_status":"closed","template":"","meta":{"_acf_changed":false,"content-type":"","_monsterinsights_skip_tracking":false,"_monsterinsights_sitenote_active":false,"_monsterinsights_sitenote_note":"","_monsterinsights_sitenote_category":0},"product_brand":[],"product_cat":[80,90],"product_tag":[],"class_list":{"0":"post-9248","1":"product","2":"type-product","3":"status-publish","4":"has-post-thumbnail","6":"product_cat-antfarms","7":"product_cat-gypsum","9":"first","10":"instock","11":"taxable","12":"shipping-taxable","13":"purchasable","14":"product-type-simple"},"acf":[],"aioseo_notices":[],"jetpack_sharing_enabled":true,"_links":{"self":[{"href":"https:\/\/antcube.shop\/da\/wp-json\/wp\/v2\/product\/9248","targetHints":{"allow":["GET"]}}],"collection":[{"href":"https:\/\/antcube.shop\/da\/wp-json\/wp\/v2\/product"}],"about":[{"href":"https:\/\/antcube.shop\/da\/wp-json\/wp\/v2\/types\/product"}],"replies":[{"embeddable":true,"href":"https:\/\/antcube.shop\/da\/wp-json\/wp\/v2\/comments?post=9248"}],"wp:featuredmedia":[{"embeddable":true,"href":"https:\/\/antcube.shop\/da\/wp-json\/wp\/v2\/media\/9559"}],"wp:attachment":[{"href":"https:\/\/antcube.shop\/da\/wp-json\/wp\/v2\/media?parent=9248"}],"wp:term":[{"taxonomy":"product_brand","embeddable":true,"href":"https:\/\/antcube.shop\/da\/wp-json\/wp\/v2\/product_brand?post=9248"},{"taxonomy":"product_cat","embeddable":true,"href":"https:\/\/antcube.shop\/da\/wp-json\/wp\/v2\/product_cat?post=9248"},{"taxonomy":"product_tag","embeddable":true,"href":"https:\/\/antcube.shop\/da\/wp-json\/wp\/v2\/product_tag?post=9248"}],"curies":[{"name":"wp","href":"https:\/\/api.w.org\/{rel}","templated":true}]}}