{"id":9247,"date":"2024-09-17T14:42:38","date_gmt":"2024-09-17T12:42:38","guid":{"rendered":"https:\/\/antcube.shop\/en\/product\/antcube-gipsnest-30x30-liegend\/"},"modified":"2026-03-19T18:11:44","modified_gmt":"2026-03-19T17:11:44","slug":"antcube-gipsnest-30x30-liegend","status":"publish","type":"product","link":"https:\/\/antcube.shop\/da\/vare\/antcube-gipsnest-30x30-liegend\/","title":{"rendered":"ANTCUBE - Gipsrede 30\u00d730 - vandret"},"content":{"rendered":"<p><span data-text-color=\"alert\"><strong>Forsendelse kun mulig via GO! inden for Tyskland eller via palette inden for Europa (ingen \u00f8er)<\/strong><\/span><\/p>\n<p><strong>Dimensioner:<\/strong><br \/>\nGipsrede: 290 x 290 x 50 mm<br \/>\nGlasd\u00e6ksel: 279 x 279 x 4 mm<\/p>\n<p><strong>Materiale:<\/strong> Gips<\/p>\n<p><strong>Indhold:<\/strong><br \/>\n1x gipsrede 30\u00d730 med to tilslutningsstik L 14\/16\/18\/20 x 20 mm<\/p>\n<ul>\n<li>14\/10-slangen er sat godt ind i 14 mm-stikket<\/li>\n<li>20\/16-slangen sidder godt fast p\u00e5 det f\u00f8rste 16 mm-trin<\/li>\n<li>22\/18-slangen er fastgjort til det andet 20 mm-trin<\/li>\n<li>24\/20-slangen er l\u00f8st fastgjort til det andet 20 mm-trin<\/li>\n<\/ul>\n<p>1x glasd\u00e6ksel med 50 mm hul<br \/>\n1x akrylring 50 mm til 27 mm hul<br \/>\n1x formicarium base 30\u00d730<br \/>\n2x gitterh\u00e6tte - 16 mm - rustfrit st\u00e5l<br \/>\n1x gitterindsats - 27 mm - rustfrit st\u00e5l<\/p>\n<p><strong>Beskrivelse:<\/strong> Vores gipsrede med pr\u00e6fabrikerede gange og kamre er velegnet til mange myrearter, is\u00e6r til arter, der bygger deres reder i meget sandet eller stenet jord. Den har et hul til adgang til reden. Gips har den egenskab, at det absorberer vand, s\u00e5 der oplagres en vis m\u00e6ngde fugt. Ikke desto mindre b\u00f8r gipsreden ikke bruges permanent fugtig, da der ellers kan dannes skimmel (p\u00e5 grund af madrester eller ekskrementer fra myrerne). Derfor b\u00f8r arter fra ret t\u00f8rre omr\u00e5der opbevares her, hvis det er muligt. Det kunne f.eks. v\u00e6re arter fra middelhavs- eller \u00f8rkenomr\u00e5der.<\/p>\n<p><strong>Bem\u00e6rk:<\/strong> P\u00e5 grund af deres design er de ikke egnede til meget sm\u00e5 arter (f.eks. Pheidole-arter, Temnothorax-arter), hvor der kan forekomme huller p\u00e5 0,3-0,5 mm.<\/p>\n<p><strong>Bem\u00e6rkninger om forbindelsesd\u00e5serne<\/strong><br \/>\nN\u00e5r du monterer eller fjerner slanger, skal du v\u00e6re opm\u00e6rksom p\u00e5 f\u00f8lgende:<br \/>\nHvis det er meget sv\u00e6rt at f\u00e5 slangen til at passe p\u00e5 tilslutningsmuffen, skal muffen gnides let med en dr\u00e5be af vores olie eller pulver til beskyttelse mod udbrud. Derefter skal slangen skubbes p\u00e5 muffen med drejende eller skruende bev\u00e6gelser uden at belaste muffen med op- og nedadg\u00e5ende bev\u00e6gelser. Det samme g\u00e6lder, n\u00e5r du fjerner slangerne fra g\u00e5rdtilslutningsstudsen. Du m\u00e5 ikke bare tr\u00e6kke den af!<\/p>","protected":false},"excerpt":{"rendered":"<p>Forsendelse kun mulig via GO! inden for Tyskland eller via palette inden for Europa (ingen \u00f8er) M\u00e5l: Gipsrede: 290 x 290 x 50mm Glasd\u00e6ksel: 279 x 279 x 4mm Materiale: Gips Indhold: 1x gipsrede 30x30 med to tilslutningsd\u00e5ser L 14\/16\/18\/20 x 20mm 14\/10-slange inds\u00e6ttes fast i 14mm-d\u00e5sen","protected":false},"featured_media":9683,"comment_status":"open","ping_status":"closed","template":"","meta":{"_acf_changed":false,"content-type":"","_monsterinsights_skip_tracking":false,"_monsterinsights_sitenote_active":false,"_monsterinsights_sitenote_note":"","_monsterinsights_sitenote_category":0},"product_brand":[],"product_cat":[80,83],"product_tag":[],"class_list":{"0":"post-9247","1":"product","2":"type-product","3":"status-publish","4":"has-post-thumbnail","6":"product_cat-antfarms","7":"product_cat-antfarms-l","9":"first","10":"instock","11":"taxable","12":"shipping-taxable","13":"purchasable","14":"product-type-simple"},"acf":[],"aioseo_notices":[],"jetpack_sharing_enabled":true,"_links":{"self":[{"href":"https:\/\/antcube.shop\/da\/wp-json\/wp\/v2\/product\/9247","targetHints":{"allow":["GET"]}}],"collection":[{"href":"https:\/\/antcube.shop\/da\/wp-json\/wp\/v2\/product"}],"about":[{"href":"https:\/\/antcube.shop\/da\/wp-json\/wp\/v2\/types\/product"}],"replies":[{"embeddable":true,"href":"https:\/\/antcube.shop\/da\/wp-json\/wp\/v2\/comments?post=9247"}],"wp:featuredmedia":[{"embeddable":true,"href":"https:\/\/antcube.shop\/da\/wp-json\/wp\/v2\/media\/9683"}],"wp:attachment":[{"href":"https:\/\/antcube.shop\/da\/wp-json\/wp\/v2\/media?parent=9247"}],"wp:term":[{"taxonomy":"product_brand","embeddable":true,"href":"https:\/\/antcube.shop\/da\/wp-json\/wp\/v2\/product_brand?post=9247"},{"taxonomy":"product_cat","embeddable":true,"href":"https:\/\/antcube.shop\/da\/wp-json\/wp\/v2\/product_cat?post=9247"},{"taxonomy":"product_tag","embeddable":true,"href":"https:\/\/antcube.shop\/da\/wp-json\/wp\/v2\/product_tag?post=9247"}],"curies":[{"name":"wp","href":"https:\/\/api.w.org\/{rel}","templated":true}]}}