{"id":9245,"date":"2024-09-17T14:41:26","date_gmt":"2024-09-17T12:41:26","guid":{"rendered":"https:\/\/antcube.shop\/en\/product\/antcube-gipsnest-30x30-stehend\/"},"modified":"2026-01-12T12:39:49","modified_gmt":"2026-01-12T11:39:49","slug":"antcube-gipsnest-30x30-stehend","status":"publish","type":"product","link":"https:\/\/antcube.shop\/da\/vare\/antcube-gipsnest-30x30-stehend\/","title":{"rendered":"ANTCUBE - Gipsrede 30\u00d730 - opretst\u00e5ende"},"content":{"rendered":"<p><span data-text-color=\"alert\"><strong>Forsendelse kun mulig via GO! inden for Tyskland eller via palette inden for Europa (ingen \u00f8er)<\/strong><\/span><\/p>\n<p><strong>Dimensioner:<\/strong> 282 x 239 x 45,5 mm<\/p>\n<p><strong>Materiale:<\/strong> gips<\/p>\n<p>Passer kun i vores myrefarme i den st\u00f8rrelse <span style=\"font-size: 10.5pt; font-family: Arial; color: #ff0000; background-color: transparent; font-weight: bold; font-style: normal; font-variant: normal; text-decoration: none; vertical-align: baseline;\">XL<\/span><\/p>\n<p><strong>Beskrivelse:<\/strong> Vores gipsrede med pr\u00e6fabrikerede gange og kamre er velegnet til mange myrearter, is\u00e6r til arter, der bygger deres reder i meget sandet eller stenet jord. Den har et hul til adgang til reden. Gips har den egenskab, at det absorberer vand, s\u00e5 der oplagres en vis m\u00e6ngde fugt. Ikke desto mindre b\u00f8r gipsreden ikke bruges permanent fugtig, da der ellers kan dannes skimmel (p\u00e5 grund af madrester eller ekskrementer fra myrerne). Derfor b\u00f8r arter fra ret t\u00f8rre omr\u00e5der opbevares her, hvis det er muligt. Det kunne f.eks. v\u00e6re arter fra middelhavs- eller \u00f8rkenomr\u00e5der.<\/p>","protected":false},"excerpt":{"rendered":"<p>Forsendelse kun mulig via GO! inden for Tyskland eller via palette inden for Europa (ingen \u00f8er) M\u00e5l: 282 x 239 x 45,5 mm Materiale: gips Passer kun til vores myrebo i st\u00f8rrelse XL Beskrivelse: Vores gipsrede med pr\u00e6fabrikerede passager og kamre er velegnet til mange myrearter, is\u00e6r til arter, der bygger","protected":false},"featured_media":9679,"comment_status":"open","ping_status":"closed","template":"","meta":{"_acf_changed":false,"content-type":"","_monsterinsights_skip_tracking":false,"_monsterinsights_sitenote_active":false,"_monsterinsights_sitenote_note":"","_monsterinsights_sitenote_category":0},"product_brand":[],"product_cat":[87,90],"product_tag":[],"class_list":{"0":"post-9245","1":"product","2":"type-product","3":"status-publish","4":"has-post-thumbnail","6":"product_cat-nest-insets","7":"product_cat-gypsum","9":"first","10":"instock","11":"taxable","12":"shipping-taxable","13":"purchasable","14":"product-type-simple"},"acf":[],"aioseo_notices":[],"jetpack_sharing_enabled":true,"_links":{"self":[{"href":"https:\/\/antcube.shop\/da\/wp-json\/wp\/v2\/product\/9245","targetHints":{"allow":["GET"]}}],"collection":[{"href":"https:\/\/antcube.shop\/da\/wp-json\/wp\/v2\/product"}],"about":[{"href":"https:\/\/antcube.shop\/da\/wp-json\/wp\/v2\/types\/product"}],"replies":[{"embeddable":true,"href":"https:\/\/antcube.shop\/da\/wp-json\/wp\/v2\/comments?post=9245"}],"wp:featuredmedia":[{"embeddable":true,"href":"https:\/\/antcube.shop\/da\/wp-json\/wp\/v2\/media\/9679"}],"wp:attachment":[{"href":"https:\/\/antcube.shop\/da\/wp-json\/wp\/v2\/media?parent=9245"}],"wp:term":[{"taxonomy":"product_brand","embeddable":true,"href":"https:\/\/antcube.shop\/da\/wp-json\/wp\/v2\/product_brand?post=9245"},{"taxonomy":"product_cat","embeddable":true,"href":"https:\/\/antcube.shop\/da\/wp-json\/wp\/v2\/product_cat?post=9245"},{"taxonomy":"product_tag","embeddable":true,"href":"https:\/\/antcube.shop\/da\/wp-json\/wp\/v2\/product_tag?post=9245"}],"curies":[{"name":"wp","href":"https:\/\/api.w.org\/{rel}","templated":true}]}}