{"id":9243,"date":"2024-09-17T14:40:16","date_gmt":"2024-09-17T12:40:16","guid":{"rendered":"https:\/\/antcube.shop\/en\/product\/antcube-digfix-platte-60x30-xl\/"},"modified":"2026-04-02T09:54:12","modified_gmt":"2026-04-02T07:54:12","slug":"antcube-digfix-plade-60x30-xl","status":"publish","type":"product","link":"https:\/\/antcube.shop\/da\/vare\/antcube-digfix-plade-60x30-xl\/","title":{"rendered":"ANTCUBE - Digfix-plade 60\u00d730 - XL"},"content":{"rendered":"<p><span data-text-color=\"alert\"><strong>Forsendelse kun mulig via GO! inden for Tyskland eller via palette inden for Europa (ingen \u00f8er)<\/strong><\/span><\/p>\n<p><strong>Dimensioner:<\/strong> 584x230x50 mm (570-575 mm tolerance)<\/p>\n<p><strong>Materiale:<\/strong> Digfix<\/p>\n<p><strong>Beskrivelse:<\/strong> Digfix-pladen er lavet af gravevenligt materiale og passer perfekt til vores ANTCUBE-myrefarme. Den kan bruges b\u00e5de t\u00f8rt og v\u00e5dt. Den er ogs\u00e5 velegnet til mange myrearter, is\u00e6r til arter, der bygger rede i sand og (d\u00f8dt) tr\u00e6. Det kan bruges i stedet for sand\/ler-blandinger eller redeindsatser af kork. En stor fordel i forhold til korkreder er, at Digfix ikke bliver muggent, selv n\u00e5r det er v\u00e5dt. Det betyder, at myrearter med et h\u00f8jt fugtbehov nemt kan forsynes med tilstr\u00e6kkeligt vand. Digfix har ogs\u00e5 den fordel, at gravende myrearter ikke tilsmudser glasruderne i deres bo, n\u00e5r de graver, hvilket giver et perfekt udsyn til boet.<\/p>\n<p><strong>Bem\u00e6rk:<\/strong> Den naturlige farve kan variere mellem gr\u00f8n\/gr\u00e5brun og jordbrun. Farvetonen har ingen indflydelse p\u00e5 kvaliteten.<br \/>\nP\u00e5 grund af fremstillingsprocessen kan m\u00e5lene variere med +\/- 1 mm.<\/p>","protected":false},"excerpt":{"rendered":"<p>St\u00f8rrelse: <span style=\"color: #ff0000;\"><strong>XL<\/strong><\/span><\/p>","protected":false},"featured_media":9674,"comment_status":"open","ping_status":"closed","template":"","meta":{"_acf_changed":false,"content-type":"","_monsterinsights_skip_tracking":false,"_monsterinsights_sitenote_active":false,"_monsterinsights_sitenote_note":"","_monsterinsights_sitenote_category":0},"product_brand":[],"product_cat":[87,88],"product_tag":[],"class_list":{"0":"post-9243","1":"product","2":"type-product","3":"status-publish","4":"has-post-thumbnail","6":"product_cat-nest-insets","7":"product_cat-digfix","9":"first","10":"instock","11":"taxable","12":"shipping-taxable","13":"purchasable","14":"product-type-simple"},"acf":[],"aioseo_notices":[],"jetpack_sharing_enabled":true,"_links":{"self":[{"href":"https:\/\/antcube.shop\/da\/wp-json\/wp\/v2\/product\/9243","targetHints":{"allow":["GET"]}}],"collection":[{"href":"https:\/\/antcube.shop\/da\/wp-json\/wp\/v2\/product"}],"about":[{"href":"https:\/\/antcube.shop\/da\/wp-json\/wp\/v2\/types\/product"}],"replies":[{"embeddable":true,"href":"https:\/\/antcube.shop\/da\/wp-json\/wp\/v2\/comments?post=9243"}],"wp:featuredmedia":[{"embeddable":true,"href":"https:\/\/antcube.shop\/da\/wp-json\/wp\/v2\/media\/9674"}],"wp:attachment":[{"href":"https:\/\/antcube.shop\/da\/wp-json\/wp\/v2\/media?parent=9243"}],"wp:term":[{"taxonomy":"product_brand","embeddable":true,"href":"https:\/\/antcube.shop\/da\/wp-json\/wp\/v2\/product_brand?post=9243"},{"taxonomy":"product_cat","embeddable":true,"href":"https:\/\/antcube.shop\/da\/wp-json\/wp\/v2\/product_cat?post=9243"},{"taxonomy":"product_tag","embeddable":true,"href":"https:\/\/antcube.shop\/da\/wp-json\/wp\/v2\/product_tag?post=9243"}],"curies":[{"name":"wp","href":"https:\/\/api.w.org\/{rel}","templated":true}]}}