{"id":9236,"date":"2024-09-17T14:31:58","date_gmt":"2024-09-17T12:31:58","guid":{"rendered":"https:\/\/antcube.shop\/en\/product\/ameisenarena-rahmen-20x10\/"},"modified":"2026-03-31T12:29:33","modified_gmt":"2026-03-31T10:29:33","slug":"myre-arena-ramme-20x10","status":"publish","type":"product","link":"https:\/\/antcube.shop\/da\/vare\/myre-arena-ramme-20x10\/","title":{"rendered":"Ramme til myrearena 20\u00d710"},"content":{"rendered":"<p><strong>M\u00e5l (LxBxH):<\/strong> 20x10x0,4 cm<\/p>\n<p><strong>Materiale:<\/strong> Floatglas<\/p>\n<p><strong>Farve:<\/strong> klar \/ gennemsigtig<\/p>\n<p><strong>Indhold:<\/strong><br \/>\n1x Ramme til myrearena<\/p>\n<p><strong>Beskrivelse:<\/strong><br \/>\nRamme af glas til en myrearena som flugtbeskyttelse.<\/p>\n<p><strong>Anvendelse:<\/strong><br \/>\nEn myretue-ramme er en ramme af glas, som placeres p\u00e5 en myretue og forsynes med en anti-udbrudsbeskyttelse (olie, pulver eller lak) fra undersiden for at forhindre myrerne i at bryde ud.<\/p>\n<p><strong>Bem\u00e6rk:<\/strong><br \/>\nDa artiklen er lavet af glas og derfor er f\u00f8lsom, skal den behandles meget forsigtigt. Glas er sk\u00e5ret i henhold til DIN 1249 med en tolerance p\u00e5 +\/- 1 mm. Ved ekstremt sm\u00e5 myrearter er det n\u00f8dvendigt med en ekstra udbryderbeskyttelse.<\/p>","protected":false},"excerpt":{"rendered":"<p>M\u00e5l (LxBxH): 60x30x0,4 cm Materiale: Floatglas Farve: klar\/transparent Indhold: 1x Ramme til myrearena Beskrivelse: Ramme af glas til en myrearena som flugtbeskyttelse. Anvendelse: En myretue-ramme er en ramme af glas, som placeres p\u00e5 en myretue og forsynes med en udbrudsbeskyttelse (olie, pulver, etc.).","protected":false},"featured_media":9498,"comment_status":"open","ping_status":"closed","template":"","meta":{"_acf_changed":false,"content-type":"","_monsterinsights_skip_tracking":false,"_monsterinsights_sitenote_active":false,"_monsterinsights_sitenote_note":"","_monsterinsights_sitenote_category":0},"product_brand":[],"product_cat":[91,93],"product_tag":[],"class_list":{"0":"post-9236","1":"product","2":"type-product","3":"status-publish","4":"has-post-thumbnail","6":"product_cat-formicarium-modules","7":"product_cat-arena-frame","9":"first","10":"instock","11":"taxable","12":"shipping-taxable","13":"purchasable","14":"product-type-simple"},"acf":[],"aioseo_notices":[],"jetpack_sharing_enabled":true,"_links":{"self":[{"href":"https:\/\/antcube.shop\/da\/wp-json\/wp\/v2\/product\/9236","targetHints":{"allow":["GET"]}}],"collection":[{"href":"https:\/\/antcube.shop\/da\/wp-json\/wp\/v2\/product"}],"about":[{"href":"https:\/\/antcube.shop\/da\/wp-json\/wp\/v2\/types\/product"}],"replies":[{"embeddable":true,"href":"https:\/\/antcube.shop\/da\/wp-json\/wp\/v2\/comments?post=9236"}],"wp:featuredmedia":[{"embeddable":true,"href":"https:\/\/antcube.shop\/da\/wp-json\/wp\/v2\/media\/9498"}],"wp:attachment":[{"href":"https:\/\/antcube.shop\/da\/wp-json\/wp\/v2\/media?parent=9236"}],"wp:term":[{"taxonomy":"product_brand","embeddable":true,"href":"https:\/\/antcube.shop\/da\/wp-json\/wp\/v2\/product_brand?post=9236"},{"taxonomy":"product_cat","embeddable":true,"href":"https:\/\/antcube.shop\/da\/wp-json\/wp\/v2\/product_cat?post=9236"},{"taxonomy":"product_tag","embeddable":true,"href":"https:\/\/antcube.shop\/da\/wp-json\/wp\/v2\/product_tag?post=9236"}],"curies":[{"name":"wp","href":"https:\/\/api.w.org\/{rel}","templated":true}]}}