{"id":9235,"date":"2024-09-17T14:31:37","date_gmt":"2024-09-17T12:31:37","guid":{"rendered":"https:\/\/antcube.shop\/en\/product\/ameisenarena-abdeckung-20x10\/"},"modified":"2026-04-03T22:49:10","modified_gmt":"2026-04-03T20:49:10","slug":"myretaeppe-til-arena-20x10","status":"publish","type":"product","link":"https:\/\/antcube.shop\/da\/vare\/myretaeppe-til-arena-20x10\/","title":{"rendered":"Myret\u00e6ppe til arena 20\u00d710"},"content":{"rendered":"<p><strong>M\u00e5l (LxBxH):<\/strong> 20x10x0,4 cm<\/p>\n<p><strong>Materiale:<\/strong> floatglas<\/p>\n<p><strong>Farve:<\/strong> krystalklar \/ gennemsigtig<\/p>\n<p><strong>Indhold:<\/strong><br \/>\n1x d\u00e6kning af myre arena<br \/>\n1x fastg\u00f8relsespunkter \u00e0 4 stk.<\/p>\n<p><strong>Beskrivelse:<\/strong><br \/>\nGlasd\u00e6ksel til myrearenaen som flugtbeskyttelse<\/p>\n<p><strong>Anvendelse:<\/strong><br \/>\nGlasmyret\u00e6ppet placeres p\u00e5 en myrearena og bruges ogs\u00e5 til klimaregulering.<br \/>\nI 50 mm-\u00e5bningerne kan der inds\u00e6ttes forskellige moduler til klimastyring, f.eks. ventilationsgitre, belysning eller befugtning.<br \/>\nFor at forhindre myrer i at slippe ud gennem \u00e5bningerne b\u00f8r der p\u00e5f\u00f8res en flugtsikring (olie, pulver eller lak) p\u00e5 undersiden omkring hullerne.<\/p>\n<p><strong>Bem\u00e6rk:<\/strong><br \/>\nDa genstanden er lavet af glas og derfor er skr\u00f8belig, skal den h\u00e5ndteres med stor forsigtighed.<\/p>","protected":false},"excerpt":{"rendered":"<p>M\u00e5l (LxBxH): 20x10x0,4 cm Materiale: floatglas Farve: krystalklar\/transparent Indhold: 1x ant arena cover 1x fastg\u00f8relsespunkter \u00e0 4 stk. Beskrivelse: Glasd\u00e6ksel til myrearenaen som flugtbeskyttelse Anvendelse: Glasd\u00e6kslet til myretuen placeres p\u00e5 en myretue og bruges ogs\u00e5 til klimaregulering. Forskellige former for klimakontrol","protected":false},"featured_media":9568,"comment_status":"open","ping_status":"closed","template":"","meta":{"_acf_changed":false,"content-type":"","_monsterinsights_skip_tracking":false,"_monsterinsights_sitenote_active":false,"_monsterinsights_sitenote_note":"","_monsterinsights_sitenote_category":0},"product_brand":[],"product_cat":[91,92],"product_tag":[],"class_list":{"0":"post-9235","1":"product","2":"type-product","3":"status-publish","4":"has-post-thumbnail","6":"product_cat-formicarium-modules","7":"product_cat-arena-cover","9":"first","10":"instock","11":"taxable","12":"shipping-taxable","13":"purchasable","14":"product-type-simple"},"acf":[],"aioseo_notices":[],"jetpack_sharing_enabled":true,"_links":{"self":[{"href":"https:\/\/antcube.shop\/da\/wp-json\/wp\/v2\/product\/9235","targetHints":{"allow":["GET"]}}],"collection":[{"href":"https:\/\/antcube.shop\/da\/wp-json\/wp\/v2\/product"}],"about":[{"href":"https:\/\/antcube.shop\/da\/wp-json\/wp\/v2\/types\/product"}],"replies":[{"embeddable":true,"href":"https:\/\/antcube.shop\/da\/wp-json\/wp\/v2\/comments?post=9235"}],"wp:featuredmedia":[{"embeddable":true,"href":"https:\/\/antcube.shop\/da\/wp-json\/wp\/v2\/media\/9568"}],"wp:attachment":[{"href":"https:\/\/antcube.shop\/da\/wp-json\/wp\/v2\/media?parent=9235"}],"wp:term":[{"taxonomy":"product_brand","embeddable":true,"href":"https:\/\/antcube.shop\/da\/wp-json\/wp\/v2\/product_brand?post=9235"},{"taxonomy":"product_cat","embeddable":true,"href":"https:\/\/antcube.shop\/da\/wp-json\/wp\/v2\/product_cat?post=9235"},{"taxonomy":"product_tag","embeddable":true,"href":"https:\/\/antcube.shop\/da\/wp-json\/wp\/v2\/product_tag?post=9235"}],"curies":[{"name":"wp","href":"https:\/\/api.w.org\/{rel}","templated":true}]}}