{"id":9234,"date":"2024-09-17T14:31:14","date_gmt":"2024-09-17T12:31:14","guid":{"rendered":"https:\/\/antcube.shop\/en\/product\/ameisenarena-lufter-50mm\/"},"modified":"2026-04-02T12:12:12","modified_gmt":"2026-04-02T10:12:12","slug":"ant-arena-fan-50mm","status":"publish","type":"product","link":"https:\/\/antcube.shop\/da\/vare\/ant-arena-fan-50mm\/","title":{"rendered":"Ant Arena - ventilator 50 mm"},"content":{"rendered":"<p><span data-text-color=\"alert\"><strong>Forsendelse kun mulig i Tyskland!<\/strong><\/span><\/p>\n<p><strong>Indhold:<\/strong><br \/>\n- Ventilator 42 mm<br \/>\n- Gitterindsats 50 mm - transparent<br \/>\n- Stik\/forbindelse<\/p>\n<p><strong>Tekniske specifikationer:<\/strong><br \/>\nEffekt: 1W<br \/>\nSp\u00e6nding: 12V<br \/>\nKabell\u00e6ngde: 10 cm<br \/>\nTemperaturomr\u00e5de -10 - +60 \u00b0C<br \/>\nLevetid 50 000 timer<br \/>\nLuftgennemstr\u00f8mning 10 m\u00b3\/t (med gittertilslutning reduceres gennemstr\u00f8mningen afh\u00e6ngigt af \u00e5bningsst\u00f8rrelsen)<\/p>\n<p><strong>Materiale:<\/strong> plast<\/p>\n<p><strong>Farve:<\/strong> hvid \/ gennemsigtig<\/p>\n<p><strong>Beskrivelse:<\/strong><br \/>\nFor at ventilere et myrebo kan denne ventilator s\u00e6ttes direkte i myreboets l\u00e5g.<\/p>\n<p><strong>Milj\u00f8oplysninger:<\/strong><br \/>\nS\u00e6rlig bortskaffelse kan v\u00e6re p\u00e5kr\u00e6vet. Kontakt venligst de lokale myndigheder.<br \/>\nYderligere information:<\/p>\n<blockquote class=\"wp-embedded-content\" data-secret=\"E5wsFkHgL8\"><p><a href=\"https:\/\/antcube.shop\/en\/electrical-devices-act\/\">Lov om elektrisk udstyr<\/a><\/p><\/blockquote>\n<p><iframe loading=\"lazy\" class=\"wp-embedded-content\" sandbox=\"allow-scripts\" security=\"restricted\" style=\"position: absolute; visibility: hidden;\" title=\"&quot;Lov om elektriske apparater&quot; - ANTCUBE\" src=\"https:\/\/antcube.shop\/en\/electrical-devices-act\/embed\/#?secret=BvHuHVTyVI#?secret=E5wsFkHgL8\" data-secret=\"E5wsFkHgL8\" width=\"600\" height=\"338\" frameborder=\"0\" marginwidth=\"0\" marginheight=\"0\" scrolling=\"no\"><\/iframe><\/p>\n<p>&nbsp;<\/p>\n<p>Denne artikel er registreret under WEEE-Reg. DE 54590387.<\/p>\n<p>&nbsp;<\/p>","protected":false},"excerpt":{"rendered":"<p>Forsendelse kun mulig i Tyskland! Indhold: - Ventilator 42 mm - Gitterindsats 50 mm - gennemsigtig - Stik\/stik Tekniske specifikationer: Effekt: 1W Sp\u00e6nding: 12V Kabell\u00e6ngde: 10 cm Temperaturomr\u00e5de -10 - +60 \u00b0C Levetid 50 000 h Luftgennemstr\u00f8mning 10 m\u00b3\/t (med gitterindsats reduceres gennemstr\u00f8mningen afh\u00e6ngigt af [...]","protected":false},"featured_media":9512,"comment_status":"open","ping_status":"closed","template":"","meta":{"_acf_changed":false,"content-type":"","_monsterinsights_skip_tracking":false,"_monsterinsights_sitenote_active":false,"_monsterinsights_sitenote_note":"","_monsterinsights_sitenote_category":0},"product_brand":[],"product_cat":[359,119],"product_tag":[],"class_list":{"0":"post-9234","1":"product","2":"type-product","3":"status-publish","4":"has-post-thumbnail","6":"product_cat-light-heat-humidity","7":"product_cat-formicarium-components","9":"first","10":"instock","11":"taxable","12":"shipping-taxable","13":"purchasable","14":"product-type-simple"},"acf":[],"aioseo_notices":[],"jetpack_sharing_enabled":true,"_links":{"self":[{"href":"https:\/\/antcube.shop\/da\/wp-json\/wp\/v2\/product\/9234","targetHints":{"allow":["GET"]}}],"collection":[{"href":"https:\/\/antcube.shop\/da\/wp-json\/wp\/v2\/product"}],"about":[{"href":"https:\/\/antcube.shop\/da\/wp-json\/wp\/v2\/types\/product"}],"replies":[{"embeddable":true,"href":"https:\/\/antcube.shop\/da\/wp-json\/wp\/v2\/comments?post=9234"}],"wp:featuredmedia":[{"embeddable":true,"href":"https:\/\/antcube.shop\/da\/wp-json\/wp\/v2\/media\/9512"}],"wp:attachment":[{"href":"https:\/\/antcube.shop\/da\/wp-json\/wp\/v2\/media?parent=9234"}],"wp:term":[{"taxonomy":"product_brand","embeddable":true,"href":"https:\/\/antcube.shop\/da\/wp-json\/wp\/v2\/product_brand?post=9234"},{"taxonomy":"product_cat","embeddable":true,"href":"https:\/\/antcube.shop\/da\/wp-json\/wp\/v2\/product_cat?post=9234"},{"taxonomy":"product_tag","embeddable":true,"href":"https:\/\/antcube.shop\/da\/wp-json\/wp\/v2\/product_tag?post=9234"}],"curies":[{"name":"wp","href":"https:\/\/api.w.org\/{rel}","templated":true}]}}