{"id":9233,"date":"2024-09-17T14:30:50","date_gmt":"2024-09-17T12:30:50","guid":{"rendered":"https:\/\/antcube.shop\/en\/product\/ameisenarena-lufter-set-50mm-mit-netzgerat\/"},"modified":"2026-04-02T18:12:07","modified_gmt":"2026-04-02T16:12:07","slug":"ant-arena-blaesersaet-50-mm-med-stromforsyning","status":"publish","type":"product","link":"https:\/\/antcube.shop\/da\/vare\/ant-arena-blaesersaet-50-mm-med-stromforsyning\/","title":{"rendered":"Ant Arena - bl\u00e6sers\u00e6t 50 mm med str\u00f8mforsyning"},"content":{"rendered":"<p><span data-text-color=\"alert\"><strong>Forsendelse kun mulig i Tyskland!<\/strong><\/span><\/p>\n<p><strong>Indhold:<\/strong><br \/>\n- Ventilator 42 mm<br \/>\n- p\u00e5 gitterindsats 50mm - transparent<br \/>\n- Str\u00f8mforsyningsenhed<br \/>\n- Stik\/forbindelse<\/p>\n<p><strong>Tekniske specifikationer:<\/strong><br \/>\nStr\u00f8mforsyningsenhedens output: 2,5 A (12W)<br \/>\nSp\u00e6ndingsindgang: 100V-240V<br \/>\nUdgangssp\u00e6nding: 5V<br \/>\nKabell\u00e6ngde: 10 cm (ventilator)<br \/>\nKabell\u00e6ngde: 90 cm (str\u00f8mforsyningsenhed)<br \/>\nStr\u00f8mforsyningsventilator 1 W<br \/>\nTemperaturomr\u00e5de -10 - +60 \u00b0C<br \/>\nLevetid 50 000 timer<br \/>\nLuftgennemstr\u00f8mning 10 m\u00b3\/t (med gittertilslutning reduceres gennemstr\u00f8mningen afh\u00e6ngigt af \u00e5bningsst\u00f8rrelsen)<\/p>\n<p><strong>Dimensioner:<\/strong> 5 x 5 x 1 cm (vifte)<\/p>\n<p><strong>Materiale:<\/strong> plast<\/p>\n<p><strong>Farve:<\/strong> gennemsigtig, gennemskinnelig (ventilator); sort (str\u00f8mforsyningsenhed)<\/p>\n<p><strong>Beskrivelse:<\/strong><br \/>\nVentilation er s\u00e6rlig vigtig for at opn\u00e5 et s\u00e5 naturligt klima som muligt i et formicarium og for at forhindre skimmelv\u00e6kst. Ventilatoren kan enten monteres ved hj\u00e6lp af de fire skrue\u00e5bninger eller skal fastg\u00f8res med silikone eller en plastkl\u00e6ber. Motoren k\u00f8rer n\u00e6sten lydl\u00f8st og vibrationsfrit.<\/p>\n<p><strong>Milj\u00f8oplysninger:<\/strong><br \/>\nS\u00e6rlig bortskaffelse kan v\u00e6re p\u00e5kr\u00e6vet. Kontakt venligst de lokale myndigheder.<br \/>\nYderligere information:<\/p>\n<blockquote class=\"wp-embedded-content\" data-secret=\"jOGF5OPQCF\"><p><a href=\"https:\/\/antcube.shop\/en\/electrical-devices-act\/\">Lov om elektrisk udstyr<\/a><\/p><\/blockquote>\n<p><iframe loading=\"lazy\" class=\"wp-embedded-content\" sandbox=\"allow-scripts\" security=\"restricted\" style=\"position: absolute; visibility: hidden;\" title=\"&quot;Lov om elektriske apparater&quot; - ANTCUBE\" src=\"https:\/\/antcube.shop\/en\/electrical-devices-act\/embed\/#?secret=NfRYQNwKWB#?secret=jOGF5OPQCF\" data-secret=\"jOGF5OPQCF\" width=\"600\" height=\"338\" frameborder=\"0\" marginwidth=\"0\" marginheight=\"0\" scrolling=\"no\"><\/iframe><\/p>","protected":false},"excerpt":{"rendered":"<p>Shipping only possible in Germany! Contents: &#8211; Fan 42mm &#8211; on grille insert 50mm &#8211; transparent &#8211; Power supply unit &#8211; Plug \/ connector Technical specifications: Power supply unit output: 2.5 A (12W) Voltage input: 100V-240V Voltage output: 5V Cable length: 10 cm (fan) Cable length: 90 cm (power supply unit) Power fan 1 W [&#8230;]","protected":false},"featured_media":9507,"comment_status":"open","ping_status":"closed","template":"","meta":{"_acf_changed":false,"content-type":"","_monsterinsights_skip_tracking":false,"_monsterinsights_sitenote_active":false,"_monsterinsights_sitenote_note":"","_monsterinsights_sitenote_category":0},"product_brand":[],"product_cat":[359,119],"product_tag":[],"class_list":{"0":"post-9233","1":"product","2":"type-product","3":"status-publish","4":"has-post-thumbnail","6":"product_cat-light-heat-humidity","7":"product_cat-formicarium-components","9":"first","10":"outofstock","11":"taxable","12":"shipping-taxable","13":"purchasable","14":"product-type-simple"},"acf":[],"aioseo_notices":[],"jetpack_sharing_enabled":true,"_links":{"self":[{"href":"https:\/\/antcube.shop\/da\/wp-json\/wp\/v2\/product\/9233","targetHints":{"allow":["GET"]}}],"collection":[{"href":"https:\/\/antcube.shop\/da\/wp-json\/wp\/v2\/product"}],"about":[{"href":"https:\/\/antcube.shop\/da\/wp-json\/wp\/v2\/types\/product"}],"replies":[{"embeddable":true,"href":"https:\/\/antcube.shop\/da\/wp-json\/wp\/v2\/comments?post=9233"}],"wp:featuredmedia":[{"embeddable":true,"href":"https:\/\/antcube.shop\/da\/wp-json\/wp\/v2\/media\/9507"}],"wp:attachment":[{"href":"https:\/\/antcube.shop\/da\/wp-json\/wp\/v2\/media?parent=9233"}],"wp:term":[{"taxonomy":"product_brand","embeddable":true,"href":"https:\/\/antcube.shop\/da\/wp-json\/wp\/v2\/product_brand?post=9233"},{"taxonomy":"product_cat","embeddable":true,"href":"https:\/\/antcube.shop\/da\/wp-json\/wp\/v2\/product_cat?post=9233"},{"taxonomy":"product_tag","embeddable":true,"href":"https:\/\/antcube.shop\/da\/wp-json\/wp\/v2\/product_tag?post=9233"}],"curies":[{"name":"wp","href":"https:\/\/api.w.org\/{rel}","templated":true}]}}