{"id":9221,"date":"2024-09-17T14:26:05","date_gmt":"2024-09-17T12:26:05","guid":{"rendered":"https:\/\/antcube.shop\/en\/product\/antcube-ameisenfarm-xl-30x30-stehend\/"},"modified":"2026-03-29T14:39:20","modified_gmt":"2026-03-29T12:39:20","slug":"antcube-ameisenfarm-xl-30x30-stehend","status":"publish","type":"product","link":"https:\/\/antcube.shop\/da\/vare\/antcube-ameisenfarm-xl-30x30-stehend\/","title":{"rendered":"ANTCUBE - Myrefarm - XL - 30\u00d730 - opretst\u00e5ende"},"content":{"rendered":"<p><strong>M\u00e5l (LxBxH):<\/strong><br \/>\nudvendigt: 290x58x299 mm<br \/>\nindvendigt: 284x50x290 mm<\/p>\n<p><strong>Materiale:<\/strong><br \/>\nFlydeglas, plast<\/p>\n<p><strong>farve:<\/strong><br \/>\nkrystalklart<\/p>\n<p><strong>Indhold:<\/strong><br \/>\n1x ANTCUBE myrefarm - 52 mm pladeafstand<br \/>\n1x myrefarmd\u00e6ksel XL 30\u00d76<br \/>\n2x stik 4mm<\/p>\n<p><strong>Forbindelse:<\/strong><br \/>\nDer er et 27 mm hul p\u00e5 begge sider, s\u00e5 denne g\u00e5rd kan tilsluttes en 28 mm slange eller vores \"tanktilslutning med slange til 27 mm huller\".<br \/>\n2x 4mm huller med 4mm plugs.<\/p>\n<p><strong>Beskrivelse:<\/strong><br \/>\nDenne fuldt gennemsigtige myrefarm er egnet til myrearter i S-st\u00f8rrelse.<\/p>\n<p><strong>Bem\u00e6rkninger om produktionen<\/strong><br \/>\nGlas sk\u00e6res i henhold til DIN 1249 med en tolerance p\u00e5 +\/- 1 mm. For ekstremt sm\u00e5 myrearter er det n\u00f8dvendigt med yderligere flugtsikring.<\/p>\n<p><strong>Bem\u00e6rkninger om bedriften<\/strong><br \/>\nV\u00e6r opm\u00e6rksom p\u00e5 f\u00f8lgende, n\u00e5r du s\u00e6tter slangerne fast:<br \/>\nHvis slangen er meget sv\u00e6r at f\u00e5 til at passe p\u00e5 tilslutningsmuffen, skal muffen gnides let med en dr\u00e5be af vores udbrudsbeskyttelsesolie eller -pulver. Derefter skal slangen skubbes p\u00e5 muffen ved hj\u00e6lp af dreje- eller skruebev\u00e6gelser uden at belaste muffen med op- og nedbev\u00e6gelser.<\/p>","protected":false},"excerpt":{"rendered":"<p><strong>Forbindelse<\/strong>: 27 mm boring<br \/>\n<strong>St\u00f8rrelse<\/strong>: <span style=\"font-size: small;\"><span style=\"font-family: Arial;\"><strong>XL<\/strong><\/span><\/span><\/p>","protected":false},"featured_media":9540,"comment_status":"open","ping_status":"closed","template":"","meta":{"_acf_changed":false,"content-type":"","_monsterinsights_skip_tracking":false,"_monsterinsights_sitenote_active":false,"_monsterinsights_sitenote_note":"","_monsterinsights_sitenote_category":0},"product_brand":[],"product_cat":[80,84],"product_tag":[],"class_list":{"0":"post-9221","1":"product","2":"type-product","3":"status-publish","4":"has-post-thumbnail","6":"product_cat-antfarms","7":"product_cat-antfarms-xl","9":"first","10":"instock","11":"taxable","12":"shipping-taxable","13":"purchasable","14":"product-type-simple"},"acf":[],"aioseo_notices":[],"jetpack_sharing_enabled":true,"_links":{"self":[{"href":"https:\/\/antcube.shop\/da\/wp-json\/wp\/v2\/product\/9221","targetHints":{"allow":["GET"]}}],"collection":[{"href":"https:\/\/antcube.shop\/da\/wp-json\/wp\/v2\/product"}],"about":[{"href":"https:\/\/antcube.shop\/da\/wp-json\/wp\/v2\/types\/product"}],"replies":[{"embeddable":true,"href":"https:\/\/antcube.shop\/da\/wp-json\/wp\/v2\/comments?post=9221"}],"wp:featuredmedia":[{"embeddable":true,"href":"https:\/\/antcube.shop\/da\/wp-json\/wp\/v2\/media\/9540"}],"wp:attachment":[{"href":"https:\/\/antcube.shop\/da\/wp-json\/wp\/v2\/media?parent=9221"}],"wp:term":[{"taxonomy":"product_brand","embeddable":true,"href":"https:\/\/antcube.shop\/da\/wp-json\/wp\/v2\/product_brand?post=9221"},{"taxonomy":"product_cat","embeddable":true,"href":"https:\/\/antcube.shop\/da\/wp-json\/wp\/v2\/product_cat?post=9221"},{"taxonomy":"product_tag","embeddable":true,"href":"https:\/\/antcube.shop\/da\/wp-json\/wp\/v2\/product_tag?post=9221"}],"curies":[{"name":"wp","href":"https:\/\/api.w.org\/{rel}","templated":true}]}}