{"id":9216,"date":"2024-09-17T14:24:00","date_gmt":"2024-09-17T12:24:00","guid":{"rendered":"https:\/\/antcube.shop\/en\/product\/antcube-ameisenfarm-l-20x10-stehend\/"},"modified":"2026-04-02T09:54:34","modified_gmt":"2026-04-02T07:54:34","slug":"antcube-myrefarm-l-20x10-staende","status":"publish","type":"product","link":"https:\/\/antcube.shop\/da\/vare\/antcube-myrefarm-l-20x10-staende\/","title":{"rendered":"ANTCUBE - Myrefarm - L - 20\u00d710 - st\u00e5ende"},"content":{"rendered":"<p><strong>M\u00e5l (LxBxH):<\/strong><br \/>\nudvendigt: 234x58x99 mm<br \/>\nindvendigt: 184x20x90 mm<\/p>\n<p><strong>Materiale:<\/strong><br \/>\nFlydeglas, plast<\/p>\n<p><strong>farve:<\/strong><br \/>\nkrystalklart<\/p>\n<p><strong>Indhold:<\/strong><br \/>\n1x ANTCUBE myrefarm - 20 mm afstand mellem pladerne<br \/>\n1x d\u00e6kning af myretue L 20\u00d73<br \/>\n2x stik 4mm<\/p>\n<p><strong>Forbindelse:<\/strong><br \/>\n2x 14\/16\/18\/20 x 20 mm stikd\u00e5se<br \/>\n2x 4mm huller med 4mm plugs<\/p>\n<p>14\/10-slangen er sat godt ind i 14 mm-stikket<br \/>\n20\/16-slangen sidder godt fast p\u00e5 det f\u00f8rste 16 mm-trin<br \/>\n22\/18-slangen er fastgjort til det andet 20 mm-trin<br \/>\n24\/20-slangen monteres l\u00f8st p\u00e5 det andet 20 mm-trin<\/p>\n<p><strong>Beskrivelse:<\/strong><br \/>\nDenne fuldt gennemsigtige myrefarm er egnet til myrearter i st\u00f8rrelse M.<\/p>\n<p><strong>Bem\u00e6rkninger om produktionen<\/strong><br \/>\nGlas sk\u00e6res i henhold til DIN 1249 med en tolerance p\u00e5 +\/- 1 mm. For ekstremt sm\u00e5 myrearter er det n\u00f8dvendigt med yderligere flugtsikring.<\/p>\n<p><strong>Bem\u00e6rkninger om bedriften<\/strong><br \/>\nN\u00e5r du monterer eller fjerner slanger, skal du v\u00e6re opm\u00e6rksom p\u00e5 f\u00f8lgende:<br \/>\nHvis det er meget sv\u00e6rt at f\u00e5 slangen til at passe p\u00e5 tilslutningsmuffen, skal muffen gnides let med en dr\u00e5be af vores olie eller pulver til beskyttelse mod udbrud. Derefter skal slangen skubbes p\u00e5 muffen med drejende eller skruende bev\u00e6gelser uden at belaste muffen med op- og nedadg\u00e5ende bev\u00e6gelser. Det samme g\u00e6lder, n\u00e5r du fjerner slangerne fra g\u00e5rdtilslutningsstudsen. Du m\u00e5 ikke bare tr\u00e6kke den af!<\/p>","protected":false},"excerpt":{"rendered":"<p><strong>Forbindelse:<\/strong> Sokkel 2\u00d714\/16\/18\/20 mm + d\u00e6ksel Pladeafstand: Indvendigt 20 mm \/ udvendigt 28 mm<\/p>\n<p><strong>St\u00f8rrelse:<\/strong> L<\/p>","protected":false},"featured_media":9550,"comment_status":"open","ping_status":"closed","template":"","meta":{"_acf_changed":false,"content-type":"","_monsterinsights_skip_tracking":false,"_monsterinsights_sitenote_active":false,"_monsterinsights_sitenote_note":"","_monsterinsights_sitenote_category":0},"product_brand":[],"product_cat":[80,83],"product_tag":[],"class_list":{"0":"post-9216","1":"product","2":"type-product","3":"status-publish","4":"has-post-thumbnail","6":"product_cat-antfarms","7":"product_cat-antfarms-l","9":"first","10":"instock","11":"taxable","12":"shipping-taxable","13":"purchasable","14":"product-type-simple"},"acf":[],"aioseo_notices":[],"jetpack_sharing_enabled":true,"_links":{"self":[{"href":"https:\/\/antcube.shop\/da\/wp-json\/wp\/v2\/product\/9216","targetHints":{"allow":["GET"]}}],"collection":[{"href":"https:\/\/antcube.shop\/da\/wp-json\/wp\/v2\/product"}],"about":[{"href":"https:\/\/antcube.shop\/da\/wp-json\/wp\/v2\/types\/product"}],"replies":[{"embeddable":true,"href":"https:\/\/antcube.shop\/da\/wp-json\/wp\/v2\/comments?post=9216"}],"wp:featuredmedia":[{"embeddable":true,"href":"https:\/\/antcube.shop\/da\/wp-json\/wp\/v2\/media\/9550"}],"wp:attachment":[{"href":"https:\/\/antcube.shop\/da\/wp-json\/wp\/v2\/media?parent=9216"}],"wp:term":[{"taxonomy":"product_brand","embeddable":true,"href":"https:\/\/antcube.shop\/da\/wp-json\/wp\/v2\/product_brand?post=9216"},{"taxonomy":"product_cat","embeddable":true,"href":"https:\/\/antcube.shop\/da\/wp-json\/wp\/v2\/product_cat?post=9216"},{"taxonomy":"product_tag","embeddable":true,"href":"https:\/\/antcube.shop\/da\/wp-json\/wp\/v2\/product_tag?post=9216"}],"curies":[{"name":"wp","href":"https:\/\/api.w.org\/{rel}","templated":true}]}}