{"id":9215,"date":"2024-09-17T14:23:32","date_gmt":"2024-09-17T12:23:32","guid":{"rendered":"https:\/\/antcube.shop\/en\/product\/rote-abdeckplatte-30x30-liegend\/"},"modified":"2026-03-19T18:11:45","modified_gmt":"2026-03-19T17:11:45","slug":"rod-daekplade-30x30-vandret","status":"publish","type":"product","link":"https:\/\/antcube.shop\/da\/vare\/rod-daekplade-30x30-vandret\/","title":{"rendered":"R\u00f8d d\u00e6kplade 30\u00d730 - vandret"},"content":{"rendered":"<p><strong>Dimensioner:<\/strong> 280 x 280 mm,<br \/>\nTykkelse: 3 mm<br \/>\n56 mm ydre dimension p\u00e5 hulringen - 33 mm indre dimension p\u00e5 hullet<\/p>\n<p><strong>Materiale:<\/strong> PMMA<\/p>\n<p><strong>Farve:<\/strong> m\u00f8rker\u00f8d, gennemsigtig<\/p>\n<p><strong>Indhold:<\/strong> 1 stk.<\/p>\n<p><strong>Beskrivelse:<\/strong> Den r\u00f8de, gennemsigtige d\u00e6kplade - vandret - bruges til at give myrerne en fornemmelse af at v\u00e6re under jorden. Vi anbefaler derfor at bruge dette produkt i det mindste delvist i redeomr\u00e5det. Man kan endda se myrerne i boet gennem d\u00e6kslet.<\/p>\n<p>Denne d\u00e6kplade passer perfekt til vores \"ANTCUBE - gipsrede 30\u00d730 - vandret\".<\/p>","protected":false},"excerpt":{"rendered":"<p>Dimensioner: 180 x 180 mm, tykkelse: 3 mm 56mm hulring ydre dimension - 33mm hul indre dimension Materiale: PMMA Farve: m\u00f8rker\u00f8d, gennemsigtig Indhold: 1 stk. Beskrivelse: Den r\u00f8de gennemsigtige d\u00e6kplade - vandret, bruges til at give myrerne en underjordisk f\u00f8lelse. Vi anbefaler derfor at bruge dette produkt i det mindste delvist i","protected":false},"featured_media":9552,"comment_status":"open","ping_status":"closed","template":"","meta":{"_acf_changed":false,"content-type":"","_monsterinsights_skip_tracking":false,"_monsterinsights_sitenote_active":false,"_monsterinsights_sitenote_note":"","_monsterinsights_sitenote_category":0},"product_brand":[],"product_cat":[119,239],"product_tag":[],"class_list":{"0":"post-9215","1":"product","2":"type-product","3":"status-publish","4":"has-post-thumbnail","6":"product_cat-formicarium-components","7":"product_cat-useful-additions","9":"first","10":"instock","11":"taxable","12":"shipping-taxable","13":"purchasable","14":"product-type-simple"},"acf":[],"aioseo_notices":[],"jetpack_sharing_enabled":true,"_links":{"self":[{"href":"https:\/\/antcube.shop\/da\/wp-json\/wp\/v2\/product\/9215","targetHints":{"allow":["GET"]}}],"collection":[{"href":"https:\/\/antcube.shop\/da\/wp-json\/wp\/v2\/product"}],"about":[{"href":"https:\/\/antcube.shop\/da\/wp-json\/wp\/v2\/types\/product"}],"replies":[{"embeddable":true,"href":"https:\/\/antcube.shop\/da\/wp-json\/wp\/v2\/comments?post=9215"}],"wp:featuredmedia":[{"embeddable":true,"href":"https:\/\/antcube.shop\/da\/wp-json\/wp\/v2\/media\/9552"}],"wp:attachment":[{"href":"https:\/\/antcube.shop\/da\/wp-json\/wp\/v2\/media?parent=9215"}],"wp:term":[{"taxonomy":"product_brand","embeddable":true,"href":"https:\/\/antcube.shop\/da\/wp-json\/wp\/v2\/product_brand?post=9215"},{"taxonomy":"product_cat","embeddable":true,"href":"https:\/\/antcube.shop\/da\/wp-json\/wp\/v2\/product_cat?post=9215"},{"taxonomy":"product_tag","embeddable":true,"href":"https:\/\/antcube.shop\/da\/wp-json\/wp\/v2\/product_tag?post=9215"}],"curies":[{"name":"wp","href":"https:\/\/api.w.org\/{rel}","templated":true}]}}