{"id":9213,"date":"2024-09-17T14:22:15","date_gmt":"2024-09-17T12:22:15","guid":{"rendered":"https:\/\/antcube.shop\/en\/product\/tiger-aloe-10cm\/"},"modified":"2026-04-13T09:32:19","modified_gmt":"2026-04-13T07:32:19","slug":"tigeraloe-10-cm","status":"publish","type":"product","link":"https:\/\/antcube.shop\/da\/vare\/tigeraloe-10-cm\/","title":{"rendered":"Tigeraloe - 10 cm"},"content":{"rendered":"<p><strong>Dimensioner:<\/strong> 99 x 95 x 105 mm<\/p>\n<p><strong>Materiale:<\/strong> Polymerbeton, ler, plast<\/p>\n<p><strong>Farve:<\/strong><br \/>\nBase: gr\u00e5gr\u00f8n<br \/>\nPlante: gr\u00f8n med r\u00f8dbrune spidser<\/p>\n<p><strong>Indhold:<\/strong> 1 stk.<\/p>\n<p><strong>Beskrivelse:<\/strong> Tiger Aloe er fremstillet af robust plast og har en base af kunstharpiks med stenlook. Det g\u00f8r den ekstremt holdbar og kan ikke \u00f8del\u00e6gges af myrer.<br \/>\nIkke desto mindre ser den meget naturlig og attraktiv ud og kan nemt integreres i et formicarium.<\/p>\n<p><strong>Bem\u00e6rk:<\/strong> Reng\u00f8r venligst under rindende vand f\u00f8r brug!<\/p>","protected":false},"excerpt":{"rendered":"<p>Dimensioner: 99 x 95 x 105 mm Materiale: polymerbeton, ler, plast Farve: Base: gr\u00e5gr\u00f8n Plante: gr\u00f8n med r\u00f8dbrune spidser Indhold: 1 stk. Beskrivelse: Tiger Aloe er fremstillet af robust plast og har en base af kunstharpiks med stenlook. Det g\u00f8r den ekstremt holdbar og kan ikke \u00f8del\u00e6gges af myrer. Ikke desto mindre er den","protected":false},"featured_media":9662,"comment_status":"open","ping_status":"closed","template":"","meta":{"_acf_changed":false,"content-type":"","_monsterinsights_skip_tracking":false,"_monsterinsights_sitenote_active":false,"_monsterinsights_sitenote_note":"","_monsterinsights_sitenote_category":0},"product_brand":[],"product_cat":[98,99],"product_tag":[],"class_list":{"0":"post-9213","1":"product","2":"type-product","3":"status-publish","4":"has-post-thumbnail","6":"product_cat-decoration","7":"product_cat-desert","9":"first","10":"instock","11":"taxable","12":"shipping-taxable","13":"purchasable","14":"product-type-simple"},"acf":[],"aioseo_notices":[],"jetpack_sharing_enabled":true,"_links":{"self":[{"href":"https:\/\/antcube.shop\/da\/wp-json\/wp\/v2\/product\/9213","targetHints":{"allow":["GET"]}}],"collection":[{"href":"https:\/\/antcube.shop\/da\/wp-json\/wp\/v2\/product"}],"about":[{"href":"https:\/\/antcube.shop\/da\/wp-json\/wp\/v2\/types\/product"}],"replies":[{"embeddable":true,"href":"https:\/\/antcube.shop\/da\/wp-json\/wp\/v2\/comments?post=9213"}],"wp:featuredmedia":[{"embeddable":true,"href":"https:\/\/antcube.shop\/da\/wp-json\/wp\/v2\/media\/9662"}],"wp:attachment":[{"href":"https:\/\/antcube.shop\/da\/wp-json\/wp\/v2\/media?parent=9213"}],"wp:term":[{"taxonomy":"product_brand","embeddable":true,"href":"https:\/\/antcube.shop\/da\/wp-json\/wp\/v2\/product_brand?post=9213"},{"taxonomy":"product_cat","embeddable":true,"href":"https:\/\/antcube.shop\/da\/wp-json\/wp\/v2\/product_cat?post=9213"},{"taxonomy":"product_tag","embeddable":true,"href":"https:\/\/antcube.shop\/da\/wp-json\/wp\/v2\/product_tag?post=9213"}],"curies":[{"name":"wp","href":"https:\/\/api.w.org\/{rel}","templated":true}]}}