{"id":9209,"date":"2024-09-17T14:20:13","date_gmt":"2024-09-17T12:20:13","guid":{"rendered":"https:\/\/antcube.shop\/en\/product\/sumpfpflanze\/"},"modified":"2026-04-02T23:03:13","modified_gmt":"2026-04-02T21:03:13","slug":"moseplante","status":"publish","type":"product","link":"https:\/\/antcube.shop\/da\/vare\/moseplante\/","title":{"rendered":"moseplante"},"content":{"rendered":"<p><strong>Dimensioner:<\/strong> ca. 90 x 30 x 125 mm<\/p>\n<p><strong>Materiale:<\/strong> Polymerbeton, ler, plast<\/p>\n<p><strong>Farve:<\/strong><br \/>\nBase: gr\u00f8n, lysegr\u00e5-m\u00f8rkegr\u00e5<br \/>\nPlante: lysegr\u00f8n-m\u00f8rkegr\u00f8n<\/p>\n<p><strong>Indhold:<\/strong> 1 stk.<\/p>\n<p><strong>Beskrivelse:<\/strong> Disse planter er lavet af robust plast og har en base af kunstharpiks med stenlook. Det g\u00f8r dem ekstremt robuste, og de kan ikke \u00f8del\u00e6gges af myrer. Ikke desto mindre ser de meget naturlige og attraktive ud og kan nemt integreres i et formicarium.<\/p>\n<p><strong>Bem\u00e6rk:<\/strong> Reng\u00f8r venligst under rindende vand f\u00f8r brug!<\/p>","protected":false},"excerpt":{"rendered":"<p>M\u00e5l: ca. 9 x 3 x 12,5 cm<\/p>","protected":false},"featured_media":9362,"comment_status":"open","ping_status":"closed","template":"","meta":{"_acf_changed":false,"content-type":"","_monsterinsights_skip_tracking":false,"_monsterinsights_sitenote_active":false,"_monsterinsights_sitenote_note":"","_monsterinsights_sitenote_category":0},"product_brand":[],"product_cat":[98,100],"product_tag":[],"class_list":{"0":"post-9209","1":"product","2":"type-product","3":"status-publish","4":"has-post-thumbnail","6":"product_cat-decoration","7":"product_cat-rainforest","9":"first","10":"instock","11":"taxable","12":"shipping-taxable","13":"purchasable","14":"product-type-simple"},"acf":[],"aioseo_notices":[],"jetpack_sharing_enabled":true,"_links":{"self":[{"href":"https:\/\/antcube.shop\/da\/wp-json\/wp\/v2\/product\/9209","targetHints":{"allow":["GET"]}}],"collection":[{"href":"https:\/\/antcube.shop\/da\/wp-json\/wp\/v2\/product"}],"about":[{"href":"https:\/\/antcube.shop\/da\/wp-json\/wp\/v2\/types\/product"}],"replies":[{"embeddable":true,"href":"https:\/\/antcube.shop\/da\/wp-json\/wp\/v2\/comments?post=9209"}],"wp:featuredmedia":[{"embeddable":true,"href":"https:\/\/antcube.shop\/da\/wp-json\/wp\/v2\/media\/9362"}],"wp:attachment":[{"href":"https:\/\/antcube.shop\/da\/wp-json\/wp\/v2\/media?parent=9209"}],"wp:term":[{"taxonomy":"product_brand","embeddable":true,"href":"https:\/\/antcube.shop\/da\/wp-json\/wp\/v2\/product_brand?post=9209"},{"taxonomy":"product_cat","embeddable":true,"href":"https:\/\/antcube.shop\/da\/wp-json\/wp\/v2\/product_cat?post=9209"},{"taxonomy":"product_tag","embeddable":true,"href":"https:\/\/antcube.shop\/da\/wp-json\/wp\/v2\/product_tag?post=9209"}],"curies":[{"name":"wp","href":"https:\/\/api.w.org\/{rel}","templated":true}]}}