{"id":9208,"date":"2024-09-17T14:19:38","date_gmt":"2024-09-17T12:19:38","guid":{"rendered":"https:\/\/antcube.shop\/en\/product\/kleines-fettblatt\/"},"modified":"2026-04-02T23:03:12","modified_gmt":"2026-04-02T21:03:12","slug":"lille-fedtblad","status":"publish","type":"product","link":"https:\/\/antcube.shop\/da\/vare\/lille-fedtblad\/","title":{"rendered":"Lille sm\u00f8rblomst"},"content":{"rendered":"<p><strong>Dimensioner:<\/strong> ca. 70 x 40 x 100 mm<\/p>\n<p><strong>Materiale:<\/strong> Polymerbeton, ler, plast<\/p>\n<p><strong>Farve:<\/strong><br \/>\nBase: gr\u00f8n, lysegr\u00e5-m\u00f8rkegr\u00e5<br \/>\nPlante: m\u00f8rkegr\u00f8n<\/p>\n<p><strong>Indhold:<\/strong> 1 stk.<\/p>\n<p><strong>Beskrivelse:<\/strong> Den lille sm\u00f8rurt er lavet af robust plast og har en base af kunstharpiks med stenlook. Det g\u00f8r den ekstremt holdbar og kan ikke \u00f8del\u00e6gges af myrer. Ikke desto mindre ser den meget naturlig og attraktiv ud og kan nemt integreres i et formicarium.<\/p>\n<p><strong>Bem\u00e6rk:<\/strong> Reng\u00f8r venligst under rindende vand f\u00f8r brug!<\/p>","protected":false},"excerpt":{"rendered":"<p>M\u00e5l: ca. 7 x 4 x 10 cm<\/p>","protected":false},"featured_media":9360,"comment_status":"open","ping_status":"closed","template":"","meta":{"_acf_changed":false,"content-type":"","_monsterinsights_skip_tracking":false,"_monsterinsights_sitenote_active":false,"_monsterinsights_sitenote_note":"","_monsterinsights_sitenote_category":0},"product_brand":[],"product_cat":[98,102,100],"product_tag":[],"class_list":{"0":"post-9208","1":"product","2":"type-product","3":"status-publish","4":"has-post-thumbnail","6":"product_cat-decoration","7":"product_cat-meadow","8":"product_cat-rainforest","10":"first","11":"instock","12":"taxable","13":"shipping-taxable","14":"purchasable","15":"product-type-simple"},"acf":[],"aioseo_notices":[],"jetpack_sharing_enabled":true,"_links":{"self":[{"href":"https:\/\/antcube.shop\/da\/wp-json\/wp\/v2\/product\/9208","targetHints":{"allow":["GET"]}}],"collection":[{"href":"https:\/\/antcube.shop\/da\/wp-json\/wp\/v2\/product"}],"about":[{"href":"https:\/\/antcube.shop\/da\/wp-json\/wp\/v2\/types\/product"}],"replies":[{"embeddable":true,"href":"https:\/\/antcube.shop\/da\/wp-json\/wp\/v2\/comments?post=9208"}],"wp:featuredmedia":[{"embeddable":true,"href":"https:\/\/antcube.shop\/da\/wp-json\/wp\/v2\/media\/9360"}],"wp:attachment":[{"href":"https:\/\/antcube.shop\/da\/wp-json\/wp\/v2\/media?parent=9208"}],"wp:term":[{"taxonomy":"product_brand","embeddable":true,"href":"https:\/\/antcube.shop\/da\/wp-json\/wp\/v2\/product_brand?post=9208"},{"taxonomy":"product_cat","embeddable":true,"href":"https:\/\/antcube.shop\/da\/wp-json\/wp\/v2\/product_cat?post=9208"},{"taxonomy":"product_tag","embeddable":true,"href":"https:\/\/antcube.shop\/da\/wp-json\/wp\/v2\/product_tag?post=9208"}],"curies":[{"name":"wp","href":"https:\/\/api.w.org\/{rel}","templated":true}]}}