{"id":9207,"date":"2024-09-17T14:19:09","date_gmt":"2024-09-17T12:19:09","guid":{"rendered":"https:\/\/antcube.shop\/en\/product\/grasstein-3cm\/"},"modified":"2026-04-13T09:31:48","modified_gmt":"2026-04-13T07:31:48","slug":"grasstein-3cm","status":"publish","type":"product","link":"https:\/\/antcube.shop\/da\/vare\/grasstein-3cm\/","title":{"rendered":"Gr\u00e6ssten - 3 cm"},"content":{"rendered":"<p><strong>Dimensioner:<\/strong> ca. 86 x 29 x 30 mm<\/p>\n<p><strong>Materiale:<\/strong> Polymerbeton, ler, plast<\/p>\n<p><strong>Farve:<\/strong><br \/>\nBase: gr\u00f8n, m\u00f8rkegr\u00e5<br \/>\nPlante: lysegr\u00f8n-m\u00f8rkegr\u00f8n<\/p>\n<p><strong>Indhold:<\/strong> 1 stk.<\/p>\n<p><strong>Beskrivelse:<\/strong> Disse planter er lavet af robust plast og har en base af kunstharpiks med stenlook. Det g\u00f8r dem ekstremt robuste, og de kan ikke \u00f8del\u00e6gges af myrer. Ikke desto mindre ser de meget naturlige og attraktive ud og kan nemt integreres i et formicarium.<\/p>\n<p><strong>Bem\u00e6rk:<\/strong> Reng\u00f8r venligst under rindende vand f\u00f8r brug!<\/p>\n<p>&nbsp;<\/p>","protected":false},"excerpt":{"rendered":"<p>M\u00e5l: ca. 86 x 29 x 30 mm Materiale: polymerbeton, ler, plast Farve: Base: gr\u00f8n, m\u00f8rkegr\u00e5 Plante: lysegr\u00f8n-m\u00f8rkegr\u00f8n Indhold: 1 stk. Beskrivelse: Disse planter er lavet af robust plast og har en base af kunstharpiks med stenlook. Det g\u00f8r dem ekstremt holdbare, og de kan ikke \u00f8del\u00e6gges af myrer.","protected":false},"featured_media":9356,"comment_status":"open","ping_status":"closed","template":"","meta":{"_acf_changed":false,"content-type":"","_monsterinsights_skip_tracking":false,"_monsterinsights_sitenote_active":false,"_monsterinsights_sitenote_note":"","_monsterinsights_sitenote_category":0},"product_brand":[],"product_cat":[98,102],"product_tag":[],"class_list":{"0":"post-9207","1":"product","2":"type-product","3":"status-publish","4":"has-post-thumbnail","6":"product_cat-decoration","7":"product_cat-meadow","9":"first","10":"instock","11":"taxable","12":"shipping-taxable","13":"purchasable","14":"product-type-simple"},"acf":[],"aioseo_notices":[],"jetpack_sharing_enabled":true,"_links":{"self":[{"href":"https:\/\/antcube.shop\/da\/wp-json\/wp\/v2\/product\/9207","targetHints":{"allow":["GET"]}}],"collection":[{"href":"https:\/\/antcube.shop\/da\/wp-json\/wp\/v2\/product"}],"about":[{"href":"https:\/\/antcube.shop\/da\/wp-json\/wp\/v2\/types\/product"}],"replies":[{"embeddable":true,"href":"https:\/\/antcube.shop\/da\/wp-json\/wp\/v2\/comments?post=9207"}],"wp:featuredmedia":[{"embeddable":true,"href":"https:\/\/antcube.shop\/da\/wp-json\/wp\/v2\/media\/9356"}],"wp:attachment":[{"href":"https:\/\/antcube.shop\/da\/wp-json\/wp\/v2\/media?parent=9207"}],"wp:term":[{"taxonomy":"product_brand","embeddable":true,"href":"https:\/\/antcube.shop\/da\/wp-json\/wp\/v2\/product_brand?post=9207"},{"taxonomy":"product_cat","embeddable":true,"href":"https:\/\/antcube.shop\/da\/wp-json\/wp\/v2\/product_cat?post=9207"},{"taxonomy":"product_tag","embeddable":true,"href":"https:\/\/antcube.shop\/da\/wp-json\/wp\/v2\/product_tag?post=9207"}],"curies":[{"name":"wp","href":"https:\/\/api.w.org\/{rel}","templated":true}]}}