{"id":9030,"date":"2024-08-27T16:21:31","date_gmt":"2024-08-27T14:21:31","guid":{"rendered":"https:\/\/antcube.shop\/product\/antcube-digfix-terra-nidum-platte-40x20-l-beige\/"},"modified":"2026-04-14T14:05:23","modified_gmt":"2026-04-14T12:05:23","slug":"antcube-digfix-terra-nidum-plade-40x20-l-beige","status":"publish","type":"product","link":"https:\/\/antcube.shop\/da\/vare\/antcube-digfix-terra-nidum-plade-40x20-l-beige\/","title":{"rendered":"ANTCUBE - Digfix Terra nidum-plade 40\u00d720 - L - beige"},"content":{"rendered":"<p><strong>Dimensioner:<\/strong> 383x160x19 mm<\/p>\n<p><strong>Materiale:<\/strong> Diggable harpiksbaseret materiale<\/p>\n<p><strong>Beskrivelse:<\/strong> Terra nidum-pladen (latin for jordrede) er lavet af gravevenligt materiale og passer perfekt til vores ANTCUBE-myrefarme. Den kan bruges b\u00e5de t\u00f8rt og v\u00e5dt. Den er ogs\u00e5 velegnet til mange myrearter, is\u00e6r til arter, der bygger rede i sand og (d\u00f8dt) tr\u00e6. Den kan bruges i stedet for sand\/ler-blandinger eller kork-redeindsatser. Fordelen ved denne rede er, at opfugtningen af pladen er lettere at kontrollere p\u00e5 grund af en tydeligt synlig misfarvning, og farven p\u00e5 pladen giver en super kontrast til de normalt m\u00f8rkere myrearter. Desuden kan de indre ruder i myreboet ikke tilsmudses med substrat, som det er tilf\u00e6ldet med f.eks. sand\/ler-blandinger, hvilket giver et perfekt udsyn til boet. Vores redemateriale har ogs\u00e5 en meget fastere struktur, s\u00e5 tunneller og kamre, som myrerne har gravet, ikke falder sammen.<\/p>\n<p><strong>Bem\u00e6rk:<\/strong> Den naturlige farve kan variere mellem beige\/sand og lysebrun. Farvetonen har ingen indflydelse p\u00e5 kvaliteten.<br \/>\nDimensionerne kan variere med +\/- 1 mm p\u00e5 grund af fremstillingsprocessen.<\/p>","protected":false},"excerpt":{"rendered":"<p>St\u00f8rrelse: <strong>L<\/strong><\/p>","protected":false},"featured_media":9039,"comment_status":"open","ping_status":"closed","template":"","meta":{"_acf_changed":false,"content-type":"","_monsterinsights_skip_tracking":false,"_monsterinsights_sitenote_active":false,"_monsterinsights_sitenote_note":"","_monsterinsights_sitenote_category":0},"product_brand":[],"product_cat":[257,87,88],"product_tag":[],"class_list":{"0":"post-9030","1":"product","2":"type-product","3":"status-publish","4":"has-post-thumbnail","6":"product_cat-new-innovatve-products","7":"product_cat-nest-insets","8":"product_cat-digfix","10":"first","11":"instock","12":"taxable","13":"shipping-taxable","14":"purchasable","15":"product-type-simple"},"acf":[],"aioseo_notices":[],"jetpack_sharing_enabled":true,"_links":{"self":[{"href":"https:\/\/antcube.shop\/da\/wp-json\/wp\/v2\/product\/9030","targetHints":{"allow":["GET"]}}],"collection":[{"href":"https:\/\/antcube.shop\/da\/wp-json\/wp\/v2\/product"}],"about":[{"href":"https:\/\/antcube.shop\/da\/wp-json\/wp\/v2\/types\/product"}],"replies":[{"embeddable":true,"href":"https:\/\/antcube.shop\/da\/wp-json\/wp\/v2\/comments?post=9030"}],"wp:featuredmedia":[{"embeddable":true,"href":"https:\/\/antcube.shop\/da\/wp-json\/wp\/v2\/media\/9039"}],"wp:attachment":[{"href":"https:\/\/antcube.shop\/da\/wp-json\/wp\/v2\/media?parent=9030"}],"wp:term":[{"taxonomy":"product_brand","embeddable":true,"href":"https:\/\/antcube.shop\/da\/wp-json\/wp\/v2\/product_brand?post=9030"},{"taxonomy":"product_cat","embeddable":true,"href":"https:\/\/antcube.shop\/da\/wp-json\/wp\/v2\/product_cat?post=9030"},{"taxonomy":"product_tag","embeddable":true,"href":"https:\/\/antcube.shop\/da\/wp-json\/wp\/v2\/product_tag?post=9030"}],"curies":[{"name":"wp","href":"https:\/\/api.w.org\/{rel}","templated":true}]}}