{"id":8974,"date":"2024-08-19T20:51:45","date_gmt":"2024-08-19T18:51:45","guid":{"rendered":"https:\/\/antcube.shop\/product\/abstandshalter-fur-32mm-rohr\/"},"modified":"2026-01-12T12:38:28","modified_gmt":"2026-01-12T11:38:28","slug":"afstandsstykke-til-32-mm-ror","status":"publish","type":"product","link":"https:\/\/antcube.shop\/da\/vare\/afstandsstykke-til-32-mm-ror\/","title":{"rendered":"Afstandsstykke til 32 mm r\u00f8r"},"content":{"rendered":"<p><strong>Produktets dimensioner:<\/strong> 49x14x8mm (afstandsstykke)<\/p>\n<p><strong>Materiale:<\/strong> Akrylglas, fjederst\u00e5l<\/p>\n<p><strong>Farve:<\/strong> hvid, st\u00e5lgr\u00e5<\/p>\n<p><strong>Indhold:<\/strong><br \/>\n1x afstandsstykke<br \/>\n1x klemmeholder - fjederst\u00e5l til 32 mm<br \/>\n2x skrue og dyvel til v\u00e6gmontering<br \/>\n1x lille skrue til fastg\u00f8relse af klemmeholderen p\u00e5 afstandsstykket<\/p>\n<p><strong>Beskrivelse:<\/strong><br \/>\nAfstandsstykker til fastg\u00f8relse af akrylr\u00f8r p\u00e5 v\u00e6ggen. De er udviklet til at forbinde vores v\u00e6garenaer og v\u00e6gmyrefarme med hinanden eller med andre elementer via akrylr\u00f8r. Det bygger bro mellem v\u00e6ggen og akrylr\u00f8rene og g\u00f8r det muligt at fastg\u00f8re akrylr\u00f8rene sikkert, solidt og visuelt attraktivt med klemmeholdere.<\/p>\n<p><strong>Bem\u00e6rk:<\/strong><br \/>\nLeveres i enkeltdele og skal monteres med en stjerneskruetr\u00e6kker<br \/>\nDer er tynde beskyttelsesfilm p\u00e5 begge sider af afstandsstykket. De skal blot tr\u00e6kkes af.<\/p>\n<p><strong>Lukning:<\/strong><br \/>\nFor at fastg\u00f8re de 2 \"S6\" rawlplugs i v\u00e6ggen skal du bruge et bor med et 6 mm bor (tr\u00e6, sten eller metal afh\u00e6ngigt af materialet).<br \/>\nDer skal bores 40 mm dybe huller i v\u00e6ggen for at kunne fors\u00e6nke de 6x30 mm dyvler med de 4,5x40 mm skruer.<br \/>\n<strong>N\u00f8dvendig til montering:<\/strong><br \/>\n- Vaterpas<br \/>\n- Selvkl\u00e6bende tape, s\u00e5 du ikke beh\u00f8ver at markere v\u00e6ggen nedenunder.<br \/>\n- Phillips-skruetr\u00e6kker<br \/>\n- Boremaskine\/skruemaskine afh\u00e6ngigt af v\u00e6ggen<br \/>\n- 6 mm bor (tr\u00e6, sten eller metal afh\u00e6ngigt af overfladen)<\/p>","protected":false},"excerpt":{"rendered":"<p>Produktets dimensioner: 49x14x8mm (afstandsstykke) Materiale: akrylglas, fjederst\u00e5l Farve: hvid, st\u00e5lgr\u00e5 Indhold: 1x afstandsstykke 1x klemmeholder - fjederst\u00e5l til 20 mm 2x skrue og dyvel til v\u00e6gmontering 1x lille skrue til fastg\u00f8relse af klemmeholderen p\u00e5 afstandsstykket Beskrivelse: Afstandsstykker til fastg\u00f8relse af akrylr\u00f8r p\u00e5 v\u00e6ggen. Disse blev udviklet til at","protected":false},"featured_media":8991,"comment_status":"open","ping_status":"closed","template":"","meta":{"_acf_changed":false,"content-type":"","_monsterinsights_skip_tracking":false,"_monsterinsights_sitenote_active":false,"_monsterinsights_sitenote_note":"","_monsterinsights_sitenote_category":0},"product_brand":[],"product_cat":[345,119,120],"product_tag":[],"class_list":{"0":"post-8974","1":"product","2":"type-product","3":"status-publish","4":"has-post-thumbnail","6":"product_cat-pipe-connectors","7":"product_cat-formicarium-components","8":"product_cat-hoses","10":"first","11":"instock","12":"taxable","13":"shipping-taxable","14":"purchasable","15":"product-type-simple"},"acf":[],"aioseo_notices":[],"jetpack_sharing_enabled":true,"_links":{"self":[{"href":"https:\/\/antcube.shop\/da\/wp-json\/wp\/v2\/product\/8974","targetHints":{"allow":["GET"]}}],"collection":[{"href":"https:\/\/antcube.shop\/da\/wp-json\/wp\/v2\/product"}],"about":[{"href":"https:\/\/antcube.shop\/da\/wp-json\/wp\/v2\/types\/product"}],"replies":[{"embeddable":true,"href":"https:\/\/antcube.shop\/da\/wp-json\/wp\/v2\/comments?post=8974"}],"wp:featuredmedia":[{"embeddable":true,"href":"https:\/\/antcube.shop\/da\/wp-json\/wp\/v2\/media\/8991"}],"wp:attachment":[{"href":"https:\/\/antcube.shop\/da\/wp-json\/wp\/v2\/media?parent=8974"}],"wp:term":[{"taxonomy":"product_brand","embeddable":true,"href":"https:\/\/antcube.shop\/da\/wp-json\/wp\/v2\/product_brand?post=8974"},{"taxonomy":"product_cat","embeddable":true,"href":"https:\/\/antcube.shop\/da\/wp-json\/wp\/v2\/product_cat?post=8974"},{"taxonomy":"product_tag","embeddable":true,"href":"https:\/\/antcube.shop\/da\/wp-json\/wp\/v2\/product_tag?post=8974"}],"curies":[{"name":"wp","href":"https:\/\/api.w.org\/{rel}","templated":true}]}}