{"id":8971,"date":"2024-08-19T20:48:56","date_gmt":"2024-08-19T18:48:56","guid":{"rendered":"https:\/\/antcube.shop\/product\/bundle-offer-camponotus-ligniperdus\/"},"modified":"2026-03-16T16:48:12","modified_gmt":"2026-03-16T15:48:12","slug":"pakke-tilbud-camponotus-ligniperdus","status":"publish","type":"product","link":"https:\/\/antcube.shop\/da\/vare\/pakke-tilbud-camponotus-ligniperdus\/","title":{"rendered":"Pakketilbud - Camponotus ligniperdus"},"content":{"rendered":"<p><span data-text-color=\"secondary\"><strong>Pakketilbud med en Camponotus ligniperdus-myrekoloni (dronning med 1-4 arbejdere + yngel)<\/strong><\/span><\/p>\n<p><span data-text-color=\"alert\"><strong>Kun s\u00e5 l\u00e6nge lager haves.<\/strong><\/span><\/p>\n<p><strong>Alt, hvad du skal bruge til en Camponotus ligniperdus-myrekoloni:<\/strong><br \/>\nDenne pakke indeholder alt, hvad du skal bruge for at f\u00e5 en Camponotus ligniperdus-koloni godt igennem de f\u00f8rste par m\u00e5neder. Det kan udvides fleksibelt og er blevet testet gennem flere \u00e5r med denne myreart.<\/p>\n<p><strong>Myrearten Camponotus ligniperdus:<\/strong><br \/>\nCamponotus ligniperdus er en af de st\u00f8rste myrearter i Europa. Deres dronninger n\u00e5r en st\u00f8rrelse p\u00e5 omkring 18 mm. De producerer s\u00e5kaldte minor-, media- og major-arbejdere (sm\u00e5, mellemstore og store). Disse p\u00e5tager sig forskellige opgaver i kolonien.<\/p>\n<p>De forveksles ofte med Camponotus herculeanus, som er lidt m\u00f8rkere og noget mere kedelige. Bagkroppen (gaster) er lidt st\u00f8rre hos Camponotus ligniperdus.<\/p>\n<p>Camponotus ligniperdus overvintrer i naturen mellem slutningen af oktober og slutningen af marts ved ca. 5-8\u00b0.<\/p>\n<p><strong>Rede til Camponotus ligniperdus:<\/strong><br \/>\nI naturen bygger Camponotus ligniperdus rede under sten, i d\u00f8dt tr\u00e6, men ogs\u00e5 i jorden.<\/p>\n<p>I dette starts\u00e6t har vi inkluderet en gipsrede som redemateriale. Det simulerer en rede under eller mellem sten. Det giver ogs\u00e5 et permanent klart udsyn til kamrene og gangene.<\/p>\n<p><strong>F\u00f8de til Camponotus ligniperdus:<\/strong><br \/>\nCamponotus ligniperdus lever af insekter og nektar i naturen. Ligesom Lasius niger holder Camponotus ligniperdus ogs\u00e5 bladluskolonier og forsvarer dem.<\/p>\n<p>Vi har inkluderet vores hele blancherede f\u00e5rekyllinger og honningdug som foder i dette s\u00e6t. Begge dele accepteres meget godt af Camponotus ligniperdus og underst\u00f8tter en naturlig og positiv udvikling af kolonien p\u00e5 grund af de n\u00e6ringsstoffer, de indeholder.<\/p>\n<p><strong>De optimale klimatiske forhold for Camponotus ligniperdus er som f\u00f8lger:<\/strong><br \/>\nFugtighed:<br \/>\nArena: 30 - 50% Redeomr\u00e5de: 50 - 60%<br \/>\nTemperatur:<br \/>\nArena: 18 - 28\u00b0C Redeomr\u00e5de: 21 - 24\u00b0C<\/p>\n<p><strong>Indhold:<\/strong><\/p>\n<p>1x Camponotus ligniperdus (dronning + 1-4 arbejdere + yngel)<br \/>\n1x syrenmarmelade 25g<br \/>\n1x honeydew mix (HT) - refill-pakke 10 ml<br \/>\n1x formicarium-pude - 20x20cm<br \/>\n1x formicarium pad &#8211; 20x6cm<\/p>\n<p>1x ANTCUBE - arena 20x20x10 - flad<br \/>\n1x ramme til myrearena 20\u00d720<br \/>\n1x d\u00e6kning af myrearena 20\u00d720<br \/>\n4x fastg\u00f8relsespunkt til arenaafd\u00e6kning<br \/>\n1x ANTCUBE - Myrefarm - L - 20\u00d720 - opretst\u00e5ende<\/p>\n<p>1x ANTCUBE - gipsrede 20\u00d720 - opretst\u00e5ende<br \/>\n1x 0,5m slange gennemsigtig 20\/16 mm<br \/>\n1x ANTCUBE - R\u00f8d folie 20\u00d720 - filter<br \/>\n1x selvkl\u00e6bende clips - gennemsigtig 2 stk.<br \/>\n1x substrat - skov - 1 kg<br \/>\n1x Formicarium granulat 200 ml - sort<\/p>\n<p>2x Grid insert acrylic &#8211; 50 mm with sealing ring<br \/>\n1x Grid insert acrylic &#8211; 27 mm with sealing ring<br \/>\n1x gitterkappe - 16mm - rustfrit st\u00e5l<\/p>\n<p>1x bassin slangekobling 27-14,16,20 mm - gennemsigtig<br \/>\n1x Foil thermometer &#8211; farm<br \/>\n1x Foil thermometer Display<br \/>\n1x drinking clear 5ml &#8211; sponge<br \/>\n1x Feeding dish white rectangle &#8211; 3 compartments<br \/>\n1x Drinking trough 2ml &#8211; 360 Degrees<br \/>\n1x Beskyttelsesolie til beskyttelse mod myrer 10ml<br \/>\n1x Pincet af fjederst\u00e5l - bred - bl\u00f8d<br \/>\n1x Pincet i gennemsigtig plast<br \/>\n1x plastpipette 3ml<br \/>\n1x h\u00e5ndlup - 2x - 30mm<br \/>\n1x skumt\u00f8rrer 150x18x2,5mm<br \/>\n1x photo backwall &#8211; forest &#8211; 20&#215;10<\/p>\n<p><strong>Beskrivelse:<\/strong><br \/>\nDette udvidelige starts\u00e6t til Camponotus ligniperdus indeholder ikke kun det optimalt tilpassede formicarium, men ogs\u00e5 det rigtige tilbeh\u00f8r til at holde denne myreart. \"Klar 20 ml - svamp\"-drikken er beregnet til vand, \"2 ml - 360 grader\"-drikken til honningdugblandingen.<\/p>\n<p><span data-text-color=\"alert\"><strong>Vigtigt:<\/strong> <\/span>Fugt venligst underlaget f\u00f8r brug, s\u00e5 blandingen kan binde sig. Desuden kan et t\u00f8rt og st\u00f8vet underlag f\u00f8re til, at myrernes luftveje blokeres, og at dyrene i v\u00e6rste fald bliver kvalt.<\/p>\n<p><strong>Bem\u00e6rkninger om produktionen<\/strong><br \/>\nGlasset er sk\u00e5ret til i overensstemmelse med DIN 1249 med en tolerance p\u00e5 +\/- 1 mm. Ekstra udbrudsbeskyttelse er afg\u00f8rende for ekstremt sm\u00e5 myrearter.<\/p>\n<p><strong>Bem\u00e6rk om de blancherede f\u00e5rekyllinger:<\/strong><br \/>\nVores blancherede f\u00e5rekyllinger er en nem m\u00e5de at give dine myrer frisk konserveret proteinfoder p\u00e5 uden at skulle fodre med levende insekter. F\u00e5rekyllingerne (Acheta domesticus) er blevet blancheret forsigtigt for at sikre, at n\u00e6ringsv\u00e6rdier, smag og aroma bevares. Desuden bl\u00f8dg\u00f8res insekternes kitinholdige skal p\u00e5 denne m\u00e5de, s\u00e5 den lettere kan ford\u00f8jes. Bindingerne i kollagenproteinerne nedbrydes, s\u00e5 myrerne bedre kan udnytte dem. Acheta domesticus p\u00e5 d\u00e5se har samme n\u00e6ringsv\u00e6rdi som levende f\u00e5rekyllinger, men er lettere at ford\u00f8je.<\/p>\n<p>De blancherede f\u00e5rekyllinger er ikke egnede til at jage myrearter, der kr\u00e6ver levende f\u00f8de (f.eks. poneriner (store myrer) som Harpegnathos eller Odontomachus).<\/p>\n<p><strong>Yderligere fordele:<\/strong><br \/>\nGaranteret fri for mider<br \/>\nKan portionsanrettes<br \/>\nSteriliseret og st\u00f8vsuget<br \/>\nUden tils\u00e6tningsstoffer<br \/>\nF\u00e5rekyllinger fra b\u00e6redygtigt, rent \u00f8kologisk opdr\u00e6t, fodret med organisk affald<\/p>\n<p><strong>Bem\u00e6rk venligst:<\/strong><br \/>\nKan opbevares i k\u00f8leskabet i ca. fire dage efter \u00e5bning. L\u00e6ngere holdbarhed, hvis den fryses.<\/p>\n<p><strong>Note om honningdug:<\/strong><br \/>\nIndhold: 10 ml<br \/>\nDette er et naturprodukt, som vi har forfinet efter omfattende test i vores laboratorium og udviklet til et foder, der er meget velaccepteret af myrer. \u00c5rsagen er, at uforarbejdet honningdughonning i sin koncentrerede oprindelige form ikke accepteres godt af myrer og deres stofskifte.<br \/>\nVores honningdug er indsamlet i de uforurenede, vilde bjergskove i Bulgarien. Honningdug produceres kun i en meget begr\u00e6nset periode, omkring to m\u00e5neder om sommeren. Den er derfor meget sj\u00e6lden. P\u00e5 grund af skovenes s\u00e6rlige jordbundsforhold og klimaet oplagres vigtige n\u00e6ringsstoffer i tr\u00e6ernes blade, som absorberes af bladlusene. Det er det, der g\u00f8r denne honningdugblanding s\u00e5 eftertragtet for myrer.<\/p>\n<p><strong>Anvendelse:<\/strong><br \/>\nM\u00e6ngden af mad skal indtages inden for ca. 3 dage.<\/p>\n<p><strong>Beskrivelse:<\/strong><br \/>\nI mods\u00e6tning til blomsterhonning udvindes honningdug af sekreter fra insekter, der suger p\u00e5 planter, f.eks. bladlus. Honningdug er en popul\u00e6r f\u00f8dekilde for mange insekter som myrer, bier og humlebier. Bier og humlebier slikker det af blade eller n\u00e5le fra forskellige tr\u00e6er. Myrer som Lasius niger holder bogstaveligt talt bladlusene. De forsvarer dem endda mod rovdyr og b\u00e6rer dem hen til friske skud.<\/p>\n<p>Honningdug er s\u00e6rlig popul\u00e6r blandt myrer p\u00e5 grund af dens noget anderledes bestanddele. De vigtigste sukkerarter i honningdug er saccharose og fructose, men der findes ogs\u00e5 mindre m\u00e6ngder af maltose, trehalose, melezitose, raffinose og andre oligosaccharider. Ud over sukker og vand indeholder honningdug ogs\u00e5 essentielle aminosyrer, mineraler, sporstoffer, adenosiner, fosfater og andre ingredienser s\u00e5som vitaminer.<\/p>\n<p><strong>Anvendelse:<\/strong><br \/>\nFor honningspisende myrearter (Meliphagidae)<br \/>\nDette er et tilskudsfoder<br \/>\nDet kan tilbydes dyrene, som det leveres. Da sukkerkoncentrationen reduceres af fugtigheden, og en g\u00e6ringsproces begynder, b\u00f8r foderet udskiftes hver 3. dag. Reng\u00f8r fodersk\u00e5len\/r\u00f8ret grundigt f\u00f8r genbrug.<br \/>\nN\u00e5r en pakke er blevet \u00e5bnet, skal den holdes t\u00e6t lukket indtil udl\u00f8bsdatoen.<\/p>\n<p><strong>N\u00e6ringsoplysninger pr. 100 g:<\/strong><br \/>\nca. 2,7 % fedtstoffer<br \/>\nhvoraf m\u00e6ttet ca. 0,45 %<br \/>\nca. 95 % kulhydrater<br \/>\nheraf sukker ca. 71<br \/>\nca. 2.85% protein<\/p>\n<p>Mineraler (kalium, calcium, kobber, jern, natrium, magnesium, fosfor, zink og andre sporstoffer) Aminosyrer (prolin, leucin, phenylalanin, alanin, histidin, isoleucin, glutaminsyre, arginin, asparaginsyre osv.) Organiske syrer Enzymer (fermenter) Smagsstoffer Inhibiner (antibakterielle stoffer) Blomster Pollen<\/p>\n<p><strong>Opbevaring:<\/strong><br \/>\nFor at sikre foderets kvalitet skal det opbevares m\u00f8rkt og t\u00f8rt.<\/p>\n<p><strong>Bem\u00e6rk:<\/strong><br \/>\nTilskudsfoder til honning\u00e6dende myrer.<br \/>\nSe venligst indl\u00e6gssedlen for sammens\u00e6tning, analytiske ingredienser, bedst f\u00f8r-dato og batchnummer.<\/p>\n<p>Informationshotline +49 30 439703870<\/p>\n<p><strong>Ansvarlig veterin\u00e6r- og f\u00f8devareinspektorat:<\/strong><br \/>\nSteglitz Veterin\u00e6rkontor<br \/>\nK\u00f6nigin-Luise-Str. 92<br \/>\n14195 Berlin<\/p>","protected":false},"excerpt":{"rendered":"<p>S\u00e6ttet best\u00e5r af 35 dele<\/p>\n<p>St\u00f8rrelse: <span style=\"color: #0000ff;\"><strong>L<\/strong><\/span><\/p>","protected":false},"featured_media":8984,"comment_status":"open","ping_status":"closed","template":"","meta":{"_acf_changed":false,"content-type":"","_monsterinsights_skip_tracking":false,"_monsterinsights_sitenote_active":false,"_monsterinsights_sitenote_note":"","_monsterinsights_sitenote_category":0},"product_brand":[],"product_cat":[355,73],"product_tag":[],"class_list":{"0":"post-8971","1":"product","2":"type-product","3":"status-publish","4":"has-post-thumbnail","6":"product_cat-bundle-offers","7":"product_cat-starter-sets","9":"first","10":"instock","11":"taxable","12":"shipping-taxable","13":"purchasable","14":"product-type-simple"},"acf":[],"aioseo_notices":[],"jetpack_sharing_enabled":true,"_links":{"self":[{"href":"https:\/\/antcube.shop\/da\/wp-json\/wp\/v2\/product\/8971","targetHints":{"allow":["GET"]}}],"collection":[{"href":"https:\/\/antcube.shop\/da\/wp-json\/wp\/v2\/product"}],"about":[{"href":"https:\/\/antcube.shop\/da\/wp-json\/wp\/v2\/types\/product"}],"replies":[{"embeddable":true,"href":"https:\/\/antcube.shop\/da\/wp-json\/wp\/v2\/comments?post=8971"}],"wp:featuredmedia":[{"embeddable":true,"href":"https:\/\/antcube.shop\/da\/wp-json\/wp\/v2\/media\/8984"}],"wp:attachment":[{"href":"https:\/\/antcube.shop\/da\/wp-json\/wp\/v2\/media?parent=8971"}],"wp:term":[{"taxonomy":"product_brand","embeddable":true,"href":"https:\/\/antcube.shop\/da\/wp-json\/wp\/v2\/product_brand?post=8971"},{"taxonomy":"product_cat","embeddable":true,"href":"https:\/\/antcube.shop\/da\/wp-json\/wp\/v2\/product_cat?post=8971"},{"taxonomy":"product_tag","embeddable":true,"href":"https:\/\/antcube.shop\/da\/wp-json\/wp\/v2\/product_tag?post=8971"}],"curies":[{"name":"wp","href":"https:\/\/api.w.org\/{rel}","templated":true}]}}