{"id":8970,"date":"2024-08-19T20:48:32","date_gmt":"2024-08-19T18:48:32","guid":{"rendered":"https:\/\/antcube.shop\/product\/wand-formicarien-set\/"},"modified":"2026-03-04T17:24:31","modified_gmt":"2026-03-04T16:24:31","slug":"vaegmonteret-formicarium-saet-2","status":"publish","type":"product","link":"https:\/\/antcube.shop\/da\/vare\/vaegmonteret-formicarium-saet-2\/","title":{"rendered":"V\u00e6gmonteret formicarium-s\u00e6t"},"content":{"rendered":"<p><strong>Inkluderer:<\/strong><br \/>\n1x V\u00e6gmonteret myrearena - 30x15x15<br \/>\n1x v\u00e6gh\u00e6ngt myrefarm - L - 30\u00d730 - glas<br \/>\n1x myretue-ramme 30\u00d715<br \/>\n1x myretueovertr\u00e6k 30\u00d715<\/p>\n<p>3x r\u00f8rkobling krystalklar til 20 mm - L<br \/>\n1x r\u00f8rkobling krystalklar til 20 mm - I<br \/>\n1x bassinkobling 3\/4\u2033 til 20mm - krystalklar<br \/>\n1x myreslange - krystalklar 20 mm (3x3 cm og 1x30 cm)<br \/>\n1x afstandsstykke med 20 mm klemmeholder<br \/>\n1x Gitterh\u00e6tte - 16 mm - rustfrit st\u00e5l<br \/>\n2x Grid insert acrylic &#8211; 50 mm with sealing ring<br \/>\n1x Grid insert acrylic &#8211; 27 mm with sealing ring<br \/>\n1x formicarium-m\u00f8trik 3\/4 tomme - krystalklar<br \/>\n8x gummiindsats til borehuller som beskyttelse<br \/>\n8x sp\u00e6ndeskiver<br \/>\ninkl. 8x skruer og dyvler<\/p>\n<p><strong>Beskrivelse:<\/strong><br \/>\nDette v\u00e6gmonterede formicariums\u00e6t er udviklet til v\u00e6gmontering og er nemt at installere p\u00e5 tr\u00e6- og stenv\u00e6gge. B\u00e5de arenaen og myrefarmen er helt gennemsigtige, s\u00e5 man har et godt udsyn til reden. Myrerne kan bruge enten sand og ler eller en af vores matchende redeindsatser af kork eller Digfix som redemateriale. Til at forbinde myretuen og arenaen har vi inkluderet akrylr\u00f8r, der er sk\u00e5ret til i s\u00e6ttet. Skruer og plugs til fastg\u00f8relse p\u00e5 v\u00e6ggen er ogs\u00e5 inkluderet i s\u00e6ttet.<\/p>\n<p><strong>Installationsvejledning:<\/strong><\/p>\n<p><strong>P\u00e5 grund af glaspanelet som bagv\u00e6g skal v\u00e6ggen nedenunder v\u00e6re helt lige.<\/strong><br \/>\nFor at fastg\u00f8re de 8 \"S6\"-dyvler i v\u00e6ggen skal du bruge et bor med et 6 mm bor (tr\u00e6, sten eller metal afh\u00e6ngigt af materialet). Der skal bores 45 mm dybe huller i v\u00e6ggen for at fors\u00e6nke de 6x30 mm dyvler med de 4,5x40 mm skruer.<br \/>\n<strong>N\u00f8dvendig til montering:<\/strong><br \/>\n- vaterpas<br \/>\n- Selvkl\u00e6bende tape for at undg\u00e5 at skulle markere p\u00e5 v\u00e6ggen nedenunder.<br \/>\n- Phillips-skruetr\u00e6kker<br \/>\n- Boremaskine\/skruemaskine afh\u00e6ngigt af v\u00e6ggen<br \/>\n- 6 mm bor (tr\u00e6, sten eller metal afh\u00e6ngigt af overfladen)<br \/>\n- Det er ogs\u00e5 en god id\u00e9 at lave en skabelon til borehullerne af et stykke papir. Placer det blot under bagv\u00e6ggen og marker hullerne.<\/p>\n<p><strong>Detaljer om myrefarm:<\/strong><br \/>\nM\u00e5l (LxH):<br \/>\nBagv\u00e6g (6 mm tyk): 400x293mm<\/p>\n<p>Udvendigt (uden bagpanel)<br \/>\n334x28x296mm<\/p>\n<p>Indenfor<br \/>\n284x20x290 mm<\/p>\n<p><strong>Materiale:<\/strong><br \/>\nFloatglas<\/p>\n<p><strong>farve:<\/strong><br \/>\nkrystalklart<\/p>\n<p><strong>Detaljer om myrearenaen:<\/strong><br \/>\nM\u00e5l (LxBxH):<br \/>\nBagv\u00e6g (6 mm): 400x150mm<\/p>\n<p>Arena (uden bagv\u00e6g): 300x146x150mm<\/p>\n<p><strong>materiale:<\/strong><br \/>\nFloatglas<\/p>\n<p><strong>Farve:<\/strong><br \/>\nkrystalklart<\/p>\n<p><strong>M\u00e5l (LxBxH):<\/strong><br \/>\nBagv\u00e6g (6 mm): 400x150mm<\/p>\n<p>Arena (uden bagpanel): 300x146x150mm<\/p>\n<p><strong>materiale:<\/strong><br \/>\nFloatglas<\/p>\n<p><strong>Farve:<\/strong><br \/>\nkrystalklart<\/p>\n<p><strong>Bem\u00e6rkninger om produktionen<\/strong><br \/>\nGlasset er sk\u00e5ret til i overensstemmelse med DIN 1249 med en tolerance p\u00e5 +\/- 1 mm. Ekstra udbrudsbeskyttelse er afg\u00f8rende for ekstremt sm\u00e5 myrearter.<br \/>\nDa vores produkter fremstilles i h\u00e5nden, kan der forekomme minimale afvigelser p\u00e5 trods af den st\u00f8rste omhu.<\/p>\n<p><strong>Bem\u00e6rkninger om bedriften<\/strong><br \/>\n<strong>N\u00e5r du monterer eller fjerner slanger, skal du v\u00e6re opm\u00e6rksom p\u00e5 f\u00f8lgende:<\/strong><br \/>\nHvis det er meget sv\u00e6rt at f\u00e5 slangen til at passe p\u00e5 tilslutningsmuffen, skal muffen gnides let med en dr\u00e5be af vores olie eller pulver til beskyttelse mod udbrud. Derefter skal slangen skubbes p\u00e5 muffen med drejende eller skruende bev\u00e6gelser uden at belaste muffen med op- og nedadg\u00e5ende bev\u00e6gelser. Det samme g\u00e6lder, n\u00e5r du fjerner slangerne fra g\u00e5rdtilslutningsstudsen. Du m\u00e5 ikke bare tr\u00e6kke den af!<\/p>","protected":false},"excerpt":{"rendered":"<p>Dette s\u00e6t best\u00e5r af 21 dele<\/p>\n<p>St\u00f8rrelse: <span style=\"color: #0000ff;\"><strong>L<\/strong> <\/span><\/p>","protected":false},"featured_media":8995,"comment_status":"open","ping_status":"closed","template":"","meta":{"_acf_changed":false,"content-type":"","_monsterinsights_skip_tracking":false,"_monsterinsights_sitenote_active":false,"_monsterinsights_sitenote_note":"","_monsterinsights_sitenote_category":0},"product_brand":[],"product_cat":[257,73,86],"product_tag":[],"class_list":{"0":"post-8970","1":"product","2":"type-product","3":"status-publish","4":"has-post-thumbnail","6":"product_cat-new-innovatve-products","7":"product_cat-starter-sets","8":"product_cat-formicariums","10":"first","11":"instock","12":"taxable","13":"shipping-taxable","14":"purchasable","15":"product-type-simple"},"acf":[],"aioseo_notices":[],"jetpack_sharing_enabled":true,"_links":{"self":[{"href":"https:\/\/antcube.shop\/da\/wp-json\/wp\/v2\/product\/8970","targetHints":{"allow":["GET"]}}],"collection":[{"href":"https:\/\/antcube.shop\/da\/wp-json\/wp\/v2\/product"}],"about":[{"href":"https:\/\/antcube.shop\/da\/wp-json\/wp\/v2\/types\/product"}],"replies":[{"embeddable":true,"href":"https:\/\/antcube.shop\/da\/wp-json\/wp\/v2\/comments?post=8970"}],"wp:featuredmedia":[{"embeddable":true,"href":"https:\/\/antcube.shop\/da\/wp-json\/wp\/v2\/media\/8995"}],"wp:attachment":[{"href":"https:\/\/antcube.shop\/da\/wp-json\/wp\/v2\/media?parent=8970"}],"wp:term":[{"taxonomy":"product_brand","embeddable":true,"href":"https:\/\/antcube.shop\/da\/wp-json\/wp\/v2\/product_brand?post=8970"},{"taxonomy":"product_cat","embeddable":true,"href":"https:\/\/antcube.shop\/da\/wp-json\/wp\/v2\/product_cat?post=8970"},{"taxonomy":"product_tag","embeddable":true,"href":"https:\/\/antcube.shop\/da\/wp-json\/wp\/v2\/product_tag?post=8970"}],"curies":[{"name":"wp","href":"https:\/\/api.w.org\/{rel}","templated":true}]}}