{"id":8968,"date":"2024-08-19T20:47:21","date_gmt":"2024-08-19T18:47:21","guid":{"rendered":"https:\/\/antcube.shop\/product\/wand-ameisenfarm-l-30x30-glas\/"},"modified":"2026-01-12T12:39:31","modified_gmt":"2026-01-12T11:39:31","slug":"vaegmyre-gard-l-30x30-glas","status":"publish","type":"product","link":"https:\/\/antcube.shop\/da\/vare\/vaegmyre-gard-l-30x30-glas\/","title":{"rendered":"V\u00e6gmyrefarm - L - 30\u00d730 - Glas"},"content":{"rendered":"<p><strong>M\u00e5l (LxH):<\/strong><br \/>\nBagv\u00e6g (6 mm tyk) : 400x293mm<\/p>\n<p>Udvendigt (uden bagpanel)<br \/>\n334x28x296mm<\/p>\n<p>Indenfor<br \/>\n284x20x290 mm<\/p>\n<p><strong>Materiale:<\/strong><br \/>\nFloatglas<\/p>\n<p><strong>Farve:<\/strong><br \/>\nkrystalklart<\/p>\n<p><strong>Indhold:<\/strong><br \/>\nV\u00e6gmyrefarm - L - 30\u00d730 - Glas<br \/>\n1x d\u00e6kmyrefarm<br \/>\n4x gummiindsats til borehuller som beskyttelse<br \/>\n4x skive til borehuller<br \/>\n4x stik og skruer<\/p>\n<p><strong>Forbindelse:<\/strong><br \/>\n2x 14\/16\/18\/20 x 20 mm stikd\u00e5se<\/p>\n<p>14\/10-slangen er sat godt ind i 14 mm-stikket<br \/>\n20\/16-slangen sidder godt fast p\u00e5 det f\u00f8rste 16 mm-trin<\/p>\n<p><strong>Beskrivelse:<\/strong><br \/>\nDenne myrefarm er udviklet til v\u00e6gmontering og er nem at installere p\u00e5 tr\u00e6- og stenv\u00e6gge. Den er helt gennemsigtig og giver et godt udsyn til reden. Enten sand og ler eller en af vores matchende redeindsatser af kork eller Digfix kan bruges som redemateriale til myrerne. Derudover kan enten en slange, et gennemsigtigt akrylr\u00f8r eller \"myretrappen\" tilsluttes sidetilslutningsstikkene. Vi tilbyder ogs\u00e5 v\u00e6gmyretuer i st\u00f8rrelserne 30\u00d715 eller 30\u00d730, som passer til v\u00e6gmyrefarmen.<\/p>\n<p><strong>Installationsvejledning:<\/strong><br \/>\n<strong>P\u00e5 grund af glaspanelet som bagv\u00e6g skal v\u00e6ggen nedenunder v\u00e6re helt lige.<\/strong><br \/>\nFor at fastg\u00f8re de 4 \"S6\"-dyvler i v\u00e6ggen skal du bruge et bor med et 6 mm bor (tr\u00e6, sten eller metal afh\u00e6ngigt af materialet).<br \/>\nDer skal bores 45 mm dybe huller i v\u00e6ggen for at fors\u00e6nke de 6x30 mm dyvler med de 4,5x40 mm skruer.<br \/>\n<strong>N\u00f8dvendig til montering:<\/strong><br \/>\n- vaterpas<br \/>\n- Selvkl\u00e6bende tape for at undg\u00e5 at skulle markere p\u00e5 v\u00e6ggen nedenunder.<br \/>\n- Phillips-skruetr\u00e6kker<br \/>\n- Boremaskine\/skruemaskine afh\u00e6ngigt af v\u00e6ggen<br \/>\n- 6 mm bor (tr\u00e6, sten eller metal afh\u00e6ngigt af overfladen)<br \/>\n- Det er ogs\u00e5 en god id\u00e9 at lave en skabelon til borehullerne af et stykke papir. Placer det blot under bagv\u00e6ggen og marker hullerne.<\/p>\n<p><strong>Bem\u00e6rkninger om produktionen<\/strong><br \/>\nGlas sk\u00e6res i henhold til DIN 1249 med en tolerance p\u00e5 +\/- 1 mm. For ekstremt sm\u00e5 myrearter er det n\u00f8dvendigt med yderligere flugtsikring.<br \/>\nDa vores produkter fremstilles i h\u00e5nden, kan der forekomme minimale afvigelser p\u00e5 trods af den st\u00f8rste omhu.<\/p>\n<p><strong>Bem\u00e6rkninger om bedriften<\/strong><br \/>\nN\u00e5r du monterer eller fjerner slanger, skal du v\u00e6re opm\u00e6rksom p\u00e5 f\u00f8lgende:<br \/>\nHvis det er meget sv\u00e6rt at f\u00e5 slangen til at passe p\u00e5 tilslutningsmuffen, skal muffen gnides let med en dr\u00e5be af vores olie eller pulver til beskyttelse mod udbrud. Derefter skal slangen skubbes p\u00e5 muffen med drejende eller skruende bev\u00e6gelser uden at belaste muffen med op- og nedadg\u00e5ende bev\u00e6gelser. Det samme g\u00e6lder, n\u00e5r du fjerner slangerne fra g\u00e5rdtilslutningsstudsen. Du m\u00e5 ikke bare tr\u00e6kke den af!<\/p>","protected":false},"excerpt":{"rendered":"<p>Tilslutning: Stikd\u00e5se 2x 14\/16 x 20 mm; Pladeafstand: Indvendig 20 mm<\/p>\n<p>St\u00f8rrelse: <span style=\"color: #0000ff;\"><strong>L<\/strong> <\/span><\/p>","protected":false},"featured_media":8997,"comment_status":"open","ping_status":"closed","template":"","meta":{"_acf_changed":false,"content-type":"","_monsterinsights_skip_tracking":false,"_monsterinsights_sitenote_active":false,"_monsterinsights_sitenote_note":"","_monsterinsights_sitenote_category":0},"product_brand":[],"product_cat":[257,80,83,86],"product_tag":[],"class_list":{"0":"post-8968","1":"product","2":"type-product","3":"status-publish","4":"has-post-thumbnail","6":"product_cat-new-innovatve-products","7":"product_cat-antfarms","8":"product_cat-antfarms-l","9":"product_cat-formicariums","11":"first","12":"instock","13":"taxable","14":"shipping-taxable","15":"purchasable","16":"product-type-simple"},"acf":[],"aioseo_notices":[],"jetpack_sharing_enabled":true,"_links":{"self":[{"href":"https:\/\/antcube.shop\/da\/wp-json\/wp\/v2\/product\/8968","targetHints":{"allow":["GET"]}}],"collection":[{"href":"https:\/\/antcube.shop\/da\/wp-json\/wp\/v2\/product"}],"about":[{"href":"https:\/\/antcube.shop\/da\/wp-json\/wp\/v2\/types\/product"}],"replies":[{"embeddable":true,"href":"https:\/\/antcube.shop\/da\/wp-json\/wp\/v2\/comments?post=8968"}],"wp:featuredmedia":[{"embeddable":true,"href":"https:\/\/antcube.shop\/da\/wp-json\/wp\/v2\/media\/8997"}],"wp:attachment":[{"href":"https:\/\/antcube.shop\/da\/wp-json\/wp\/v2\/media?parent=8968"}],"wp:term":[{"taxonomy":"product_brand","embeddable":true,"href":"https:\/\/antcube.shop\/da\/wp-json\/wp\/v2\/product_brand?post=8968"},{"taxonomy":"product_cat","embeddable":true,"href":"https:\/\/antcube.shop\/da\/wp-json\/wp\/v2\/product_cat?post=8968"},{"taxonomy":"product_tag","embeddable":true,"href":"https:\/\/antcube.shop\/da\/wp-json\/wp\/v2\/product_tag?post=8968"}],"curies":[{"name":"wp","href":"https:\/\/api.w.org\/{rel}","templated":true}]}}