{"id":8967,"date":"2024-08-19T20:46:59","date_gmt":"2024-08-19T18:46:59","guid":{"rendered":"https:\/\/antcube.shop\/product\/wand-ameisenarena-30x15x15\/"},"modified":"2026-03-16T10:36:54","modified_gmt":"2026-03-16T09:36:54","slug":"vaegmyrearena-30x15x15","status":"publish","type":"product","link":"https:\/\/antcube.shop\/da\/vare\/vaegmyrearena-30x15x15\/","title":{"rendered":"V\u00e6gmyrearena - 30x15x15"},"content":{"rendered":"<p><strong>M\u00e5l (LxBxH):<\/strong><br \/>\nBagv\u00e6g (6 mm): 400x150mm<\/p>\n<p>Arena (uden bagpanel): 300x146x150mm<\/p>\n<p><strong>Materiale:<\/strong><br \/>\nFloatglas<\/p>\n<p><strong>Farve:<\/strong><br \/>\nkrystalklart<\/p>\n<p><strong>Indhold:<\/strong><br \/>\n1x v\u00e6gmyrearena - 30x15x15<br \/>\n4x gummiindsats til borehuller som beskyttelse<br \/>\n4x skive til borehuller<br \/>\n4x stik og skruer<\/p>\n<p><strong>Forbindelse:<\/strong><br \/>\n<strong>BEM\u00c6RK 4x propper\/gitterindsatser\/stik (efter behov) til 50 mm-hullerne i siden er ikke inkluderet i leveringsomfanget<\/strong><br \/>\n2x 27 mm hul<\/p>\n<p><strong>Beskrivelse:<\/strong><br \/>\nDenne myrearena er udviklet til v\u00e6gmontering og er nem at installere p\u00e5 tr\u00e6- og stenv\u00e6gge. Yderligere myrefarme og arenaer kan tilsluttes via de 50 mm store huller p\u00e5 siden. Enten en slange eller et gennemsigtigt akrylr\u00f8r kan bruges som forbindelse. Vi tilbyder ogs\u00e5 en v\u00e6gmyrefarm, der passer til v\u00e6gmyrearenaen.<br \/>\nDe matchende artikler Ant arena cover 30\u00d715 og Ant arena frame 30\u00d715 skal bestilles separat.<\/p>\n<p><strong>Installationsvejledning:<\/strong><br \/>\nP\u00e5 grund af glaspanelet som bagv\u00e6g skal v\u00e6ggen nedenunder v\u00e6re helt lige.<br \/>\nDu skal bruge et bor med et 6 mm bor (tr\u00e6, sten eller metal afh\u00e6ngigt af materialet) til at s\u00e6tte de 4 \"S6\"-plugs fast i v\u00e6ggen.<br \/>\nDer skal bores 40 mm dybe huller i v\u00e6ggen for at kunne fors\u00e6nke de 6x30 mm dyvler med de 4,5x40 mm skruer.<br \/>\nP\u00e5kr\u00e6vet til montering:<br \/>\n- Vaterpas<br \/>\n- Selvkl\u00e6bende tape for at undg\u00e5 at skulle markere p\u00e5 v\u00e6ggen nedenunder.<br \/>\n- Phillips-skruetr\u00e6kker<br \/>\n- Boremaskine\/skruemaskine afh\u00e6ngigt af v\u00e6ggen<br \/>\n- 6 mm bor (tr\u00e6, sten eller metal afh\u00e6ngigt af overfladen)<br \/>\n- Det er ogs\u00e5 en god id\u00e9 at lave en skabelon til borehullerne af et stykke papir. Placer det blot under bagv\u00e6ggen og marker hullerne.<\/p>\n<p><strong>Bem\u00e6rkninger om produktionen<\/strong><br \/>\nGlas sk\u00e6res i henhold til DIN 1249 med en tolerance p\u00e5 +\/- 1 mm. For ekstremt sm\u00e5 myrearter er det n\u00f8dvendigt med yderligere flugtsikring.<br \/>\nDa vores produkter fremstilles i h\u00e5nden, kan der forekomme minimale afvigelser p\u00e5 trods af den st\u00f8rste omhu.<\/p>\n<p><strong>Bem\u00e6rkninger om bedriften<\/strong><br \/>\nN\u00e5r du monterer eller fjerner slanger, skal du v\u00e6re opm\u00e6rksom p\u00e5 f\u00f8lgende:<br \/>\nHvis det er meget sv\u00e6rt at f\u00e5 slangen til at passe p\u00e5 tilslutningsmuffen, skal muffen gnides let med en dr\u00e5be af vores olie eller pulver til beskyttelse mod udbrud. Derefter skal slangen skubbes p\u00e5 muffen med drejende eller skruende bev\u00e6gelser uden at belaste muffen med op- og nedadg\u00e5ende bev\u00e6gelser. Det samme g\u00e6lder, n\u00e5r du fjerner slangerne fra g\u00e5rdtilslutningsstudsen. Du m\u00e5 ikke bare tr\u00e6kke den af!<\/p>\n<p>&nbsp;<\/p>","protected":false},"excerpt":{"rendered":"<p>Tilslutning: Hul 2x 27 mm<\/p>","protected":false},"featured_media":8982,"comment_status":"open","ping_status":"closed","template":"","meta":{"_acf_changed":false,"content-type":"","_monsterinsights_skip_tracking":false,"_monsterinsights_sitenote_active":false,"_monsterinsights_sitenote_note":"","_monsterinsights_sitenote_category":0},"product_brand":[],"product_cat":[257,85,86],"product_tag":[],"class_list":{"0":"post-8967","1":"product","2":"type-product","3":"status-publish","4":"has-post-thumbnail","6":"product_cat-new-innovatve-products","7":"product_cat-ant-arenas","8":"product_cat-formicariums","10":"first","11":"instock","12":"taxable","13":"shipping-taxable","14":"purchasable","15":"product-type-simple"},"acf":[],"aioseo_notices":[],"jetpack_sharing_enabled":true,"_links":{"self":[{"href":"https:\/\/antcube.shop\/da\/wp-json\/wp\/v2\/product\/8967","targetHints":{"allow":["GET"]}}],"collection":[{"href":"https:\/\/antcube.shop\/da\/wp-json\/wp\/v2\/product"}],"about":[{"href":"https:\/\/antcube.shop\/da\/wp-json\/wp\/v2\/types\/product"}],"replies":[{"embeddable":true,"href":"https:\/\/antcube.shop\/da\/wp-json\/wp\/v2\/comments?post=8967"}],"wp:featuredmedia":[{"embeddable":true,"href":"https:\/\/antcube.shop\/da\/wp-json\/wp\/v2\/media\/8982"}],"wp:attachment":[{"href":"https:\/\/antcube.shop\/da\/wp-json\/wp\/v2\/media?parent=8967"}],"wp:term":[{"taxonomy":"product_brand","embeddable":true,"href":"https:\/\/antcube.shop\/da\/wp-json\/wp\/v2\/product_brand?post=8967"},{"taxonomy":"product_cat","embeddable":true,"href":"https:\/\/antcube.shop\/da\/wp-json\/wp\/v2\/product_cat?post=8967"},{"taxonomy":"product_tag","embeddable":true,"href":"https:\/\/antcube.shop\/da\/wp-json\/wp\/v2\/product_tag?post=8967"}],"curies":[{"name":"wp","href":"https:\/\/api.w.org\/{rel}","templated":true}]}}