{"id":8853,"date":"2024-08-01T15:35:42","date_gmt":"2024-08-01T13:35:42","guid":{"rendered":"https:\/\/antcube.shop\/product\/bundle-offer-pseudoneoponera-rufipes\/"},"modified":"2025-10-19T16:10:44","modified_gmt":"2025-10-19T14:10:44","slug":"bundt-tilbud-pseudoneoponera-rufipes","status":"publish","type":"product","link":"https:\/\/antcube.shop\/da\/vare\/bundt-tilbud-pseudoneoponera-rufipes\/","title":{"rendered":"Pakketilbud - Pseudoneoponera rufipes"},"content":{"rendered":"<p><span data-text-color=\"secondary\"><strong>Pakketilbud med en myrekoloni Pseudoneoponera rufipes (dronning med 11-25 arbejdere + yngel)<\/strong><\/span><\/p>\n<p><span data-text-color=\"alert\"><strong>Kun s\u00e5 l\u00e6nge lager haves.<\/strong><\/span><\/p>\n<p><span data-text-color=\"alert\"><strong>Forsendelse kun mulig via GO! inden for Tyskland.<\/strong><\/span><\/p>\n<p><strong>Alt, hvad du skal bruge til en Pseudoneoponera rufipes-myrekoloni:<\/strong><br \/>\nDenne pakke indeholder alt, hvad du skal bruge for at f\u00e5 en Pseudoneoponera rufipes-koloni gennem de f\u00f8rste par m\u00e5neder. Det kan udvides fleksibelt og er blevet testet over flere \u00e5r med denne myreart.<\/p>\n<p><strong>Myrearten Pseudoneoponera rufipes:<\/strong><br \/>\nPseudoneoponera rufipes er en stor myreart fra Syd\u00f8stasien. Der bygger de normalt rede i lerjord og nogle gange ogs\u00e5 p\u00e5 tr\u00e6er. P\u00e5 grund af deres oprindelse i tropiske omr\u00e5der g\u00e5r de ikke i dvale. Deres kolonier n\u00e5r en maksimal st\u00f8rrelse p\u00e5 flere hundrede dyr, men normalt ikke mere end 200.<\/p>\n<p>De virker relativt tr\u00e6ge om dagen, da de er mere aktive om natten og i skumringen. Men de er ogs\u00e5 aktive om dagen, og deres stille adf\u00e6rd g\u00f8r det til en s\u00e6rlig oplevelse at observere dem. Som en forsvarsmekanisme d\u00e6kker de deres fjender med et skumlignende forsvarssekret.<\/p>\n<p><strong>Rede til Pseudoneoponera rufipes:<\/strong><br \/>\nDa de normalt bygger rede i lerjord i de tropiske regnskove i Syd\u00f8stasien i naturen, har vi valgt en XL-myrefarm med regnskovsjord.<\/p>\n<p><strong>F\u00f8de til Pseudoneoponera rufipes:<\/strong><br \/>\nVi har inkluderet vores hele blancherede f\u00e5rekyllinger og honningdug-mix som foder i dette s\u00e6t. Begge dele accepteres meget godt af Pseudoneoponera rufipes og underst\u00f8tter en naturlig og positiv udvikling af kolonien p\u00e5 grund af de n\u00e6ringsstoffer, de indeholder.<\/p>\n<p><strong>De optimale klimatiske forhold for Pseudoneoponera rufipes er som f\u00f8lger:<\/strong><br \/>\nFugtighed:<br \/>\nArena: 60 - 70% Redeomr\u00e5de: 60 - 80%<br \/>\nTemperatur:<br \/>\nArena: 21 - 30\u00b0C Redeomr\u00e5de: 24 - 28\u00b0C<\/p>\n<p><strong>Indhold:<\/strong><br \/>\n1x Pseudoneoponera rufipes (dronning + 11-25 arbejdere + yngel)<\/p>\n<p>1x honeydew mix (HT) - refill-pakke 10 ml<br \/>\n1x hele blancherede f\u00e5rekyllinger 10g<br \/>\n1x arena-stativ 20\u00d720<br \/>\n1x formicarium base - 20\u00d76<\/p>\n<p>1x ANTCUBE - Arena 20x20x10x10 - flad<br \/>\n2x ANTCUBE - Myrefarm - L - 20\u00d720 - opretst\u00e5ende<br \/>\n1x ramme til myrearena 20\u00d720<br \/>\n1x d\u00e6kning af myrearena 20\u00d720<br \/>\n4x fastg\u00f8relsespunkt til arenaafd\u00e6kning<\/p>\n<p>1x 0,5 m gennemsigtig slange 20\/16 mm<br \/>\n2x h\u00e5ndvask-slangekobling 27 mm -14,16,20 mm - gennemsigtig<br \/>\n1x selvkl\u00e6bende klemmer - gennemsigtige 2 stk.<br \/>\n2x ANTCUBE - R\u00f8d folie 20\u00d720 - filter<\/p>\n<p>2x substrat - regnskov - 1 kg<br \/>\n1x foto bagpanel - regnskov - 20\u00d710<\/p>\n<p>2x gitterindsats - 50mm - rustfrit st\u00e5l<br \/>\n2x gitterindsats - 27 mm - rustfrit st\u00e5l<\/p>\n<p>1x Mini termohygrometer analogt - display - h\u00e6ngende<br \/>\n1x pincet i fjederst\u00e5l bred - bl\u00f8d<br \/>\n1x pincet af plast standard<br \/>\n1x Plastpipette 3ml<br \/>\n1x Olie til beskyttelse mod myreudbrud 10 ml<br \/>\n1x drikketrug 2ml - 360 grader<br \/>\n1x sk\u00e5l klar 1\u00d720 - svamp<br \/>\n1x drikketrug klar 20ml - svamp<br \/>\n1x H\u00e5ndlup - 2x - 30mm<br \/>\n1x skumt\u00f8rrer 150x18x2.5mm<\/p>\n<p><strong>Beskrivelse:<\/strong><br \/>\nDette udvidelige starts\u00e6t til Pseudoneoponera rufipes indeholder ikke kun det optimalt tilpassede formicarium, men ogs\u00e5 det passende tilbeh\u00f8r til at holde denne myreart. \"Drikkeren klar 20 ml - svamp\" er beregnet til vand, \"Drikkeren 2 ml - 360 grader\" til honningdugblandingen.<\/p>\n<p><span data-text-color=\"alert\"><strong>Vigtigt:<\/strong><\/span> Fugt substratet f\u00f8r brug, s\u00e5 blandingen kan binde sig og f\u00e5 et fast greb i myretuen. Desuden kan et t\u00f8rt og st\u00f8vet substrat medf\u00f8re, at myrernes luftveje blokeres og i v\u00e6rste fald f\u00e5 dyrene til at kv\u00e6les.<\/p>\n<p><strong>Bem\u00e6rkninger om produktionen<\/strong><br \/>\nGlasset er sk\u00e5ret til i overensstemmelse med DIN 1249 med en tolerance p\u00e5 +\/- 1 mm. Ekstra udbrudsbeskyttelse er afg\u00f8rende for ekstremt sm\u00e5 myrearter.<\/p>\n<p><strong>Bem\u00e6rk om de blancherede f\u00e5rekyllinger:<\/strong><br \/>\nVores blancherede f\u00e5rekyllinger er en nem m\u00e5de at give dine myrer frisk konserveret proteinfoder p\u00e5 uden at skulle fodre med levende insekter. F\u00e5rekyllingerne (Acheta domesticus) er blevet blancheret forsigtigt for at sikre, at n\u00e6ringsv\u00e6rdier, smag og aroma bevares. Desuden bl\u00f8dg\u00f8res insekternes kitinholdige skal p\u00e5 denne m\u00e5de, s\u00e5 den lettere kan ford\u00f8jes. Bindingerne i kollagenproteinerne nedbrydes, s\u00e5 myrerne bedre kan udnytte dem. Acheta domesticus p\u00e5 d\u00e5se har samme n\u00e6ringsv\u00e6rdi som levende f\u00e5rekyllinger, men er lettere at ford\u00f8je.<\/p>\n<p>De blancherede f\u00e5rekyllinger er ikke egnede til at jage myrearter, der kr\u00e6ver levende f\u00f8de (f.eks. poneriner (store myrer) som Harpegnathos eller Odontomachus).<\/p>\n<p><strong>Yderligere fordele:<\/strong><br \/>\nGaranteret fri for mider<br \/>\nKan portionsanrettes<br \/>\nSteriliseret og st\u00f8vsuget<br \/>\nUden tils\u00e6tningsstoffer<br \/>\nF\u00e5rekyllinger fra b\u00e6redygtigt, rent \u00f8kologisk opdr\u00e6t, fodret med organisk affald<\/p>\n<p><strong>Bem\u00e6rk venligst:<\/strong><br \/>\nKan opbevares i k\u00f8leskabet i ca. fire dage efter \u00e5bning. L\u00e6ngere holdbarhed, hvis den fryses.<\/p>\n<p><strong>Note om honningdug:<\/strong><br \/>\nIndhold: 10 ml<br \/>\nDette er et naturprodukt, som vi har forfinet efter omfattende test i vores laboratorium og udviklet til et foder, der er meget velaccepteret af myrer. \u00c5rsagen er, at uforarbejdet honningdughonning i sin koncentrerede oprindelige form ikke accepteres godt af myrer og deres stofskifte.<br \/>\nVores honningdug er indsamlet i de uforurenede, vilde bjergskove i Bulgarien. Honningdug produceres kun i en meget begr\u00e6nset periode, omkring to m\u00e5neder om sommeren. Den er derfor meget sj\u00e6lden. P\u00e5 grund af skovenes s\u00e6rlige jordbundsforhold og klimaet oplagres vigtige n\u00e6ringsstoffer i tr\u00e6ernes blade, som absorberes af bladlusene. Det er det, der g\u00f8r denne honningdugblanding s\u00e5 eftertragtet for myrer.<\/p>\n<p><strong>Anvendelse:<\/strong><br \/>\nM\u00e6ngden af mad skal indtages inden for ca. 3 dage.<\/p>\n<p><strong>Beskrivelse:<\/strong><br \/>\nI mods\u00e6tning til blomsterhonning udvindes honningdug af sekreter fra insekter, der suger p\u00e5 planter, f.eks. bladlus. Honningdug er en popul\u00e6r f\u00f8dekilde for mange insekter som myrer, bier og humlebier. Bier og humlebier slikker det af blade eller n\u00e5le fra forskellige tr\u00e6er. Myrer som Lasius niger holder bogstaveligt talt bladlusene. De forsvarer dem endda mod rovdyr og b\u00e6rer dem hen til friske skud.<\/p>\n<p>Honningdug er s\u00e6rlig popul\u00e6r blandt myrer p\u00e5 grund af dens noget anderledes bestanddele. De vigtigste sukkerarter i honningdug er saccharose og fructose, men der findes ogs\u00e5 mindre m\u00e6ngder af maltose, trehalose, melezitose, raffinose og andre oligosaccharider. Ud over sukker og vand indeholder honningdug ogs\u00e5 essentielle aminosyrer, mineraler, sporstoffer, adenosiner, fosfater og andre ingredienser s\u00e5som vitaminer.<\/p>\n<p><strong>Anvendelse:<\/strong><br \/>\nFor honningspisende myrearter (Meliphagidae)<br \/>\nDette er et tilskudsfoder<br \/>\nDet kan tilbydes dyrene, som det leveres. Da sukkerkoncentrationen reduceres af fugtigheden, og en g\u00e6ringsproces begynder, b\u00f8r foderet udskiftes hver 3. dag. Reng\u00f8r fodersk\u00e5len\/r\u00f8ret grundigt f\u00f8r genbrug.<br \/>\nN\u00e5r en pakke er blevet \u00e5bnet, skal den holdes t\u00e6t lukket indtil udl\u00f8bsdatoen.<\/p>\n<p><strong>N\u00e6ringsoplysninger pr. 100 g:<\/strong><br \/>\nca. 2,7 % fedtstoffer<br \/>\nhvoraf m\u00e6ttet ca. 0,45 %<br \/>\nca. 95 % kulhydrater<br \/>\nheraf sukker ca. 71<br \/>\nca. 2.85% protein<\/p>\n<p>Mineraler (kalium, calcium, kobber, jern, natrium, magnesium, fosfor, zink og andre sporstoffer) Aminosyrer (prolin, leucin, phenylalanin, alanin, histidin, isoleucin, glutaminsyre, arginin, asparaginsyre osv.) Organiske syrer Enzymer (fermenter) Smagsstoffer Inhibiner (antibakterielle stoffer) Blomster Pollen<\/p>\n<p><strong>Opbevaring:<\/strong><br \/>\nFor at sikre foderets kvalitet skal det opbevares m\u00f8rkt og t\u00f8rt.<\/p>\n<p><strong>Bem\u00e6rk:<\/strong><br \/>\nTilskudsfoder til honning\u00e6dende myrer.<br \/>\nSe venligst indl\u00e6gssedlen for sammens\u00e6tning, analytiske ingredienser, bedst f\u00f8r-dato og batchnummer.<\/p>\n<p>Informationshotline +49 30 439703870<\/p>\n<p><strong>Ansvarlig veterin\u00e6r- og f\u00f8devareinspektorat:<\/strong><br \/>\nSteglitz Veterin\u00e6rkontor<br \/>\nK\u00f6nigin-Luise-Str. 92<br \/>\n14195 Berlin<\/p>","protected":false},"excerpt":{"rendered":"<p>S\u00e6ttet best\u00e5r af 35 dele<\/p>","protected":false},"featured_media":8855,"comment_status":"open","ping_status":"closed","template":"","meta":{"_acf_changed":false,"content-type":"","_monsterinsights_skip_tracking":false,"_monsterinsights_sitenote_active":false,"_monsterinsights_sitenote_note":"","_monsterinsights_sitenote_category":0},"product_brand":[],"product_cat":[355,73],"product_tag":[],"class_list":{"0":"post-8853","1":"product","2":"type-product","3":"status-publish","4":"has-post-thumbnail","6":"product_cat-bundle-offers","7":"product_cat-starter-sets","8":"product_shipping_class-germany-only","10":"first","11":"outofstock","12":"taxable","13":"shipping-taxable","14":"purchasable","15":"product-type-simple"},"acf":[],"aioseo_notices":[],"jetpack_sharing_enabled":true,"_links":{"self":[{"href":"https:\/\/antcube.shop\/da\/wp-json\/wp\/v2\/product\/8853","targetHints":{"allow":["GET"]}}],"collection":[{"href":"https:\/\/antcube.shop\/da\/wp-json\/wp\/v2\/product"}],"about":[{"href":"https:\/\/antcube.shop\/da\/wp-json\/wp\/v2\/types\/product"}],"replies":[{"embeddable":true,"href":"https:\/\/antcube.shop\/da\/wp-json\/wp\/v2\/comments?post=8853"}],"wp:featuredmedia":[{"embeddable":true,"href":"https:\/\/antcube.shop\/da\/wp-json\/wp\/v2\/media\/8855"}],"wp:attachment":[{"href":"https:\/\/antcube.shop\/da\/wp-json\/wp\/v2\/media?parent=8853"}],"wp:term":[{"taxonomy":"product_brand","embeddable":true,"href":"https:\/\/antcube.shop\/da\/wp-json\/wp\/v2\/product_brand?post=8853"},{"taxonomy":"product_cat","embeddable":true,"href":"https:\/\/antcube.shop\/da\/wp-json\/wp\/v2\/product_cat?post=8853"},{"taxonomy":"product_tag","embeddable":true,"href":"https:\/\/antcube.shop\/da\/wp-json\/wp\/v2\/product_tag?post=8853"}],"curies":[{"name":"wp","href":"https:\/\/api.w.org\/{rel}","templated":true}]}}