{"id":8718,"date":"2024-07-22T15:43:52","date_gmt":"2024-07-22T13:43:52","guid":{"rendered":"https:\/\/antcube.shop\/product\/bonsai-tree-deko\/"},"modified":"2026-01-20T18:00:36","modified_gmt":"2026-01-20T17:00:36","slug":"bonsai-trae-deko","status":"publish","type":"product","link":"https:\/\/antcube.shop\/da\/vare\/bonsai-trae-deko\/","title":{"rendered":"Bonsai-tr\u00e6"},"content":{"rendered":"<p>St\u00f8rrelse\/h\u00f8jde 20 cm til 28 cm<br \/>\nDiameter ~ 10 cm -20 cm, ideel til arenaer p\u00e5 30x30x30 cm og derover.<br \/>\nV\u00e6gten varierer mellem 250 og 400 gram<\/p>\n<p>Vores Bonsai-tr\u00e6 er en ideel dekoration til dit formicarium. Det kan bruges b\u00e5de fritst\u00e5ende i et fromicarium og i naturligt beplantede vivarier. Da myrer kan gemme sig under eller i bonsai'en, anbefaler vi, at du f\u00f8rst bruger den, n\u00e5r din myrekoloni allerede er flyttet ind i sit bo. Ellers foretr\u00e6kker de m\u00e5ske dette som redested, og du mister reden af syne.<\/p>\n<p><strong>OBS:<\/strong> Placer den ikke i meget fugtige formicaria (over 60% luftfugtighed). Bonsai'en kan begynde at mugne. Med meget god ventilation kan bonsai'en ogs\u00e5 placeres i mere fugtige formicaria.<\/p>\n<p><span data-text-color=\"alert\"><strong>VIGTIG NOTE OM ARTIKLEN:<\/strong><\/span><br \/>\nDa dette er et naturprodukt\/unikt produkt, er billederne her ikke helt identiske med den vare, du vil modtage. Der vil v\u00e6re variationer i st\u00f8rrelsen, formen og farven p\u00e5 minitr\u00e6et samt bundpladen af stenbrudsskifer. Vi garanterer kun den maksimale h\u00f8jde af varen.<\/p>\n<p>Ved at bestille denne vare accepterer og giver du dit samtykke til ovenst\u00e5ende mulige variationer af produktet i st\u00f8rrelse, form og farve p\u00e5 k\u00f8bstidspunktet.<\/p>","protected":false},"excerpt":{"rendered":"<p>Dimensioner: 20-28 cm h\u00f8j<\/p>","protected":false},"featured_media":8721,"comment_status":"open","ping_status":"closed","template":"","meta":{"_acf_changed":false,"content-type":"","_monsterinsights_skip_tracking":false,"_monsterinsights_sitenote_active":false,"_monsterinsights_sitenote_note":"","_monsterinsights_sitenote_category":0},"product_brand":[],"product_cat":[95,98],"product_tag":[],"class_list":{"0":"post-8718","1":"product","2":"type-product","3":"status-publish","4":"has-post-thumbnail","6":"product_cat-accessories-for-ants","7":"product_cat-decoration","9":"first","10":"outofstock","11":"taxable","12":"shipping-taxable","13":"purchasable","14":"product-type-simple"},"acf":[],"aioseo_notices":[],"jetpack_sharing_enabled":true,"_links":{"self":[{"href":"https:\/\/antcube.shop\/da\/wp-json\/wp\/v2\/product\/8718","targetHints":{"allow":["GET"]}}],"collection":[{"href":"https:\/\/antcube.shop\/da\/wp-json\/wp\/v2\/product"}],"about":[{"href":"https:\/\/antcube.shop\/da\/wp-json\/wp\/v2\/types\/product"}],"replies":[{"embeddable":true,"href":"https:\/\/antcube.shop\/da\/wp-json\/wp\/v2\/comments?post=8718"}],"wp:featuredmedia":[{"embeddable":true,"href":"https:\/\/antcube.shop\/da\/wp-json\/wp\/v2\/media\/8721"}],"wp:attachment":[{"href":"https:\/\/antcube.shop\/da\/wp-json\/wp\/v2\/media?parent=8718"}],"wp:term":[{"taxonomy":"product_brand","embeddable":true,"href":"https:\/\/antcube.shop\/da\/wp-json\/wp\/v2\/product_brand?post=8718"},{"taxonomy":"product_cat","embeddable":true,"href":"https:\/\/antcube.shop\/da\/wp-json\/wp\/v2\/product_cat?post=8718"},{"taxonomy":"product_tag","embeddable":true,"href":"https:\/\/antcube.shop\/da\/wp-json\/wp\/v2\/product_tag?post=8718"}],"curies":[{"name":"wp","href":"https:\/\/api.w.org\/{rel}","templated":true}]}}