{"id":8717,"date":"2024-07-22T15:37:55","date_gmt":"2024-07-22T13:37:55","guid":{"rendered":"https:\/\/antcube.shop\/product\/bundle-offer-harpegnathos-venator\/"},"modified":"2026-03-04T16:55:50","modified_gmt":"2026-03-04T15:55:50","slug":"samlet-tilbud-harpegnathos-venator","status":"publish","type":"product","link":"https:\/\/antcube.shop\/da\/vare\/samlet-tilbud-harpegnathos-venator\/","title":{"rendered":"Samlet tilbud - Harpegnathos venator"},"content":{"rendered":"<p><span data-text-color=\"secondary\"><strong>Pakketilbud med en Harpegnathos venator-myrekoloni (dronning med 11-25 arbejdere + yngel)<\/strong><\/span><\/p>\n<p><span data-text-color=\"alert\"><strong>Kun s\u00e5 l\u00e6nge lager haves. <\/strong><\/span><\/p>\n<p><span data-text-color=\"alert\"><strong>Forsendelse kun mulig via GO! inden for Tyskland.<\/strong><\/span><\/p>\n<p>1x Harpegnathos venator dronning + 11-25 arbejdere + yngel<\/p>\n<p>1x Ytong-rede - 40\u00d720 med arena<br \/>\n1x glaskar 40\u00d720<br \/>\n1x formicarium-pude - 40x20cm<br \/>\n1x r\u00f8d d\u00e6kplade 20\u00d720 - vandret<\/p>\n<p>1x Lerfarve - beige - 100 ml<br \/>\n1x substrat - regnskov - 1 kg<br \/>\n1x Formicarium granulat 200 ml - sort<br \/>\n1x foto bagpanel - regnskov - 20\u00d710<\/p>\n<p>2x Grid insert acrylic &#8211; 50 mm with sealing ring<br \/>\n1x Grid insert acrylic &#8211; 27 mm with sealing ring<\/p>\n<p>1x syrenmarmelade 25g<br \/>\n1x Honeydew Mix (HT) - genopfyldningspakke 10ml<\/p>\n<p>1x drinking clear 5ml &#8211; sponge<br \/>\n1x Feeding dish white rectangle &#8211; 3 compartments<br \/>\n1x Drinking trough 2ml &#8211; 360 Degrees<\/p>\n<p>1x Foil thermometer Display<\/p>\n<p>1x Myrebeskyttelsesolie 10 ml<br \/>\n1x Pincet af fjederst\u00e5l - bred - bl\u00f8d<br \/>\n1x Pincet i gennemsigtig plast<br \/>\n1x plastpipette 3ml<br \/>\n1x h\u00e5ndlup - 2x - 30mm<br \/>\n1x skumt\u00f8rrer 150x18x2,5mm<\/p>\n<p><strong>Myrearten Harpegnathos venator:<\/strong><br \/>\nHarpegnathos venator er en meget smuk og meget stor myreart fra Syd\u00f8stasien. De er hovedsageligt aktive om natten, men er ogs\u00e5 aktive om dagen p\u00e5 grund af den normalt lavere lysintensitet i hjemmet. Denne myreart kan hoppe ca. 8 - 10 cm, g\u00e5 bagl\u00e6ns og har et meget godt syn. Set i profil er underk\u00e6berne formet som sabelt\u00e6nder. De udviser en interessant adf\u00e6rd, n\u00e5r de jager ved at vrikke med gaster, f\u00f8r de angriber.<\/p>\n<p>Du kan fodre dem med sukker-honningopl\u00f8sning, honning og proteinfoder eller helst sm\u00e5 levende insekter som f\u00e5rekyllinger og bananfluer. Harpegnathos venator har en meget udpr\u00e6get jagtadf\u00e6rd og tager derfor meget bedre imod levende foder.<\/p>\n<p>Luftfugtigheden og temperaturen i arenaen m\u00e5 h\u00f8jst \u00f8ges en smule, men reden skal altid v\u00e6re fugtig. Dyrene foretr\u00e6kker forskelligt fugtige omr\u00e5der i reden.<\/p>\n<p>De pr\u00e6fabrikerede kamre og passager kan bruges direkte af kolonien. Ytong-reden kan nemt fugtes ved hj\u00e6lp af den medf\u00f8lgende bakke. Du skal blot h\u00e6lde lidt vand i bakken og vente, indtil Ytong-stenen absorberer vandet af sig selv.<\/p>\n<p><strong>Information om Ytong-reden med arena:<\/strong><br \/>\nIndeholder:<br \/>\nMateriale: gasbeton, glas, PMMA-plast og PVC<\/p>\n<p><strong>Forbindelse:<\/strong> 1x 14 mm \u00e5bning; 1x 27 mm \u00e5bning<\/p>\n<p><strong>Indhold:<\/strong><br \/>\n1x gasbetonblok 40x20x5 cm med 20 mm dybe kamre.<br \/>\n1x glasplade 40\u00d720 cm med en \u00e5bning p\u00e5 50 mm og en arena 20\u00d720 cm<br \/>\n1x ramme til myrearena 20\u00d720<br \/>\n1x d\u00e6kning af myrearena 20\u00d720<br \/>\n1x 50mm ring med 27mm \u00e5bning<br \/>\n1x formicariumprop 13mm<br \/>\n2x formicariumpropper 27 mm<br \/>\n2x 50 mm formicariumpropper<\/p>\n<p>P\u00e5 grund af dets vandholdende egenskaber er materialet velegnet til at holde myrer. Det kan bruges til at holde et stort antal jordboende arter fra b\u00e5de t\u00f8rre og fugtige levesteder. Afh\u00e6ngigt af myrearten anbefales det at d\u00e6kke bunden af kamrene med lermaling og jordsubstrat. Nogle arter f\u00f8ler sig bedre tilpas p\u00e5 denne m\u00e5de, og Ponerinae-arter har f.eks. brug for jord, s\u00e5 deres larver kan forpuppe sig ordentligt. Da denne rede allerede indeholder en arena, kan den bruges som et komplet formicariumsystem.<\/p>\n<p><strong>Bem\u00e6rk:<\/strong><br \/>\nFor at forhindre, at vand l\u00e6kker ud af Ytong efter at have fugtet redeomr\u00e5det og samler sig p\u00e5 overfladen af m\u00f8blerne nedenunder, eller at det ru materiale ridser overfladerne, anbefaler vi en af vores matchende glasbakker til vores Ytong-reder. De er vandt\u00e6tte og beskytter effektivt overfladerne nedenunder mod vand og ridser.<\/p>\n<p><strong>Anvendelse:<\/strong><br \/>\nFor myrearter af st\u00f8rrelsen M - L<br \/>\nPorebeton er et meget sk\u00f8rt og skr\u00f8beligt materiale. Det er derfor umuligt at forhindre, at hj\u00f8rner og kanter br\u00e6kker af og bliver lidt uj\u00e6vne under produktionen. Derfor er Ytong-reder ikke egnede til meget sm\u00e5 myrearter i st\u00f8rrelse S, da disse arter let kan bryde ud.<\/p>\n<p><span data-text-color=\"alert\"><strong>Vigtigt:<\/strong><\/span> Fugt gerne underlaget f\u00f8r brug, s\u00e5 blandingen kan binde sig og f\u00e5 godt fat i myretuen. Hvis underlaget er for t\u00f8rt og st\u00f8vet, kan det ogs\u00e5 blokere myrernes luftveje og i v\u00e6rste fald f\u00e5 dem til at kv\u00e6les.<\/p>\n<p><strong>Anbefaling:<\/strong> Vi anbefaler et substratlag med en h\u00f8jde p\u00e5 2 mm, s\u00e5 dyrene ikke kan grave sig ned i arenaen og i stedet bruger den dertil indrettede g\u00e5rd. Vi anbefaler ogs\u00e5, at redematerialet i farmen (sand\/ler, Digfix osv.) er let prikket et sted for at g\u00f8re det lettere for dyrene at grave.<\/p>\n<p><strong>Bem\u00e6rkninger om produktionen<\/strong><br \/>\nGlasset er sk\u00e5ret til i overensstemmelse med DIN 1249 med en tolerance p\u00e5 +\/- 1 mm. Ekstra udbrudsbeskyttelse er afg\u00f8rende for ekstremt sm\u00e5 myrearter.<\/p>\n<p><strong>Bem\u00e6rk lermaling:<\/strong><\/p>\n<p><strong>Beskrivelse:<\/strong> Denne blanding er ugiftig og relativt vandfast p\u00e5 puds og beton, men er ellers vandopl\u00f8selig.<\/p>\n<p><strong>Vejledning til brug:<\/strong><br \/>\nDenne blanding er klar til brug og kan straks p\u00e5f\u00f8res puds eller gasbeton med en pensel.<br \/>\n100 ml er tilstr\u00e6kkeligt til ca. 1\/4 m\u00b2 gasbeton eller 1\/2 m\u00b2 puds.<br \/>\nN\u00e5r overfladen er v\u00e5d, kan den drysses med f.eks. sand for at opn\u00e5 et endnu mere naturligt udseende.<\/p>","protected":false},"excerpt":{"rendered":"<p>Forbindelse: 1x14mm 1x27mm<br \/>\nSt\u00f8rrelse: <strong><span style=\"color: #339966;\">M<\/span><\/strong><strong> &#8211; <span style=\"color: #0000ff;\">L<\/span><\/strong><\/p>","protected":false},"featured_media":8720,"comment_status":"open","ping_status":"closed","template":"","meta":{"_acf_changed":false,"content-type":"","_monsterinsights_skip_tracking":false,"_monsterinsights_sitenote_active":false,"_monsterinsights_sitenote_note":"","_monsterinsights_sitenote_category":0},"product_brand":[],"product_cat":[355,73],"product_tag":[],"class_list":{"0":"post-8717","1":"product","2":"type-product","3":"status-publish","4":"has-post-thumbnail","6":"product_cat-bundle-offers","7":"product_cat-starter-sets","8":"product_shipping_class-germany-only","10":"first","11":"outofstock","12":"taxable","13":"shipping-taxable","14":"purchasable","15":"product-type-simple"},"acf":[],"aioseo_notices":[],"jetpack_sharing_enabled":true,"_links":{"self":[{"href":"https:\/\/antcube.shop\/da\/wp-json\/wp\/v2\/product\/8717","targetHints":{"allow":["GET"]}}],"collection":[{"href":"https:\/\/antcube.shop\/da\/wp-json\/wp\/v2\/product"}],"about":[{"href":"https:\/\/antcube.shop\/da\/wp-json\/wp\/v2\/types\/product"}],"replies":[{"embeddable":true,"href":"https:\/\/antcube.shop\/da\/wp-json\/wp\/v2\/comments?post=8717"}],"wp:featuredmedia":[{"embeddable":true,"href":"https:\/\/antcube.shop\/da\/wp-json\/wp\/v2\/media\/8720"}],"wp:attachment":[{"href":"https:\/\/antcube.shop\/da\/wp-json\/wp\/v2\/media?parent=8717"}],"wp:term":[{"taxonomy":"product_brand","embeddable":true,"href":"https:\/\/antcube.shop\/da\/wp-json\/wp\/v2\/product_brand?post=8717"},{"taxonomy":"product_cat","embeddable":true,"href":"https:\/\/antcube.shop\/da\/wp-json\/wp\/v2\/product_cat?post=8717"},{"taxonomy":"product_tag","embeddable":true,"href":"https:\/\/antcube.shop\/da\/wp-json\/wp\/v2\/product_tag?post=8717"}],"curies":[{"name":"wp","href":"https:\/\/api.w.org\/{rel}","templated":true}]}}