{"id":8503,"date":"2024-06-10T10:40:31","date_gmt":"2024-06-10T08:40:31","guid":{"rendered":"https:\/\/antcube.shop\/product\/stainless-steel-water-bottle-2\/"},"modified":"2024-12-12T11:07:50","modified_gmt":"2024-12-12T10:07:50","slug":"vandflaske-i-rustfrit-stal-2","status":"publish","type":"product","link":"https:\/\/antcube.shop\/da\/vare\/vandflaske-i-rustfrit-stal-2\/","title":{"rendered":"Vandflaske i rustfrit st\u00e5l"},"content":{"rendered":"<p>Denne 17-ounce vandflaske i dobbeltv\u00e6gget rustfrit st\u00e5l er perfekt til dine daglige udflugter. Den vil holde din foretrukne drik varm eller kold i timevis. Den har ogs\u00e5 en lugt- og l\u00e6kagesikker h\u00e6tte. Smid den i bilens kopholder p\u00e5 vej til arbejde, tag den med p\u00e5 vandreture, eller smid den i din taske, n\u00e5r du bliver t\u00f8rstig.<\/p>\n<p>- Rustfrit st\u00e5l af h\u00f8j kvalitet<br \/>\n- 17 oz (500 ml)<br \/>\n- Dimensioner: (27 \u00d7 7 cm): 10,5\u2033 \u00d7 2,85\u2033 (27 \u00d7 7 cm)<br \/>\n- Vakuumkolbe<br \/>\n- Dobbeltv\u00e6gget konstruktion<br \/>\n- Bowlingkegleform<br \/>\n- Glansfuld finish<br \/>\n- Lugtfri og l\u00e6kagesikker h\u00e6tte<br \/>\n- Isoleret til varme og kolde v\u00e6sker (holder v\u00e6sken varm eller kold i 6 timer)<br \/>\n- Patenteret ORCA-bel\u00e6gning for levende farver<br \/>\n- M\u00e5 kun vaskes i h\u00e5nden<br \/>\n- Ubeskrevet produkt, der stammer fra Kina<\/p>\n<p>Ansvarsfraskrivelse: Det er uhygiejnisk at opbevare vand i flasken i over 24 timer og kan medf\u00f8re en ubehagelig lugt.<\/p>","protected":false},"excerpt":{"rendered":"<p>Denne dobbeltv\u00e6ggede vandflaske i rustfrit st\u00e5l p\u00e5 17 ounce er perfekt til dine daglige udflugter. Den holder din foretrukne drik varm eller kold i timevis. Den har ogs\u00e5 et lugt- og l\u00e6kagesikkert l\u00e5g. Smid den i bilens kopholder p\u00e5 vej til arbejde, tag den med p\u00e5 vandreture, eller smid den i [...].","protected":false},"featured_media":8504,"comment_status":"open","ping_status":"closed","template":"","meta":{"_acf_changed":false,"content-type":"","_monsterinsights_skip_tracking":false,"_monsterinsights_sitenote_active":false,"_monsterinsights_sitenote_note":"","_monsterinsights_sitenote_category":0},"product_brand":[],"product_cat":[245],"product_tag":[],"class_list":{"0":"post-8503","1":"product","2":"type-product","3":"status-publish","4":"has-post-thumbnail","6":"product_cat-merchandise","8":"first","9":"instock","10":"taxable","11":"shipping-taxable","12":"purchasable","13":"product-type-simple"},"acf":[],"aioseo_notices":[],"jetpack_sharing_enabled":true,"_links":{"self":[{"href":"https:\/\/antcube.shop\/da\/wp-json\/wp\/v2\/product\/8503","targetHints":{"allow":["GET"]}}],"collection":[{"href":"https:\/\/antcube.shop\/da\/wp-json\/wp\/v2\/product"}],"about":[{"href":"https:\/\/antcube.shop\/da\/wp-json\/wp\/v2\/types\/product"}],"replies":[{"embeddable":true,"href":"https:\/\/antcube.shop\/da\/wp-json\/wp\/v2\/comments?post=8503"}],"wp:featuredmedia":[{"embeddable":true,"href":"https:\/\/antcube.shop\/da\/wp-json\/wp\/v2\/media\/8504"}],"wp:attachment":[{"href":"https:\/\/antcube.shop\/da\/wp-json\/wp\/v2\/media?parent=8503"}],"wp:term":[{"taxonomy":"product_brand","embeddable":true,"href":"https:\/\/antcube.shop\/da\/wp-json\/wp\/v2\/product_brand?post=8503"},{"taxonomy":"product_cat","embeddable":true,"href":"https:\/\/antcube.shop\/da\/wp-json\/wp\/v2\/product_cat?post=8503"},{"taxonomy":"product_tag","embeddable":true,"href":"https:\/\/antcube.shop\/da\/wp-json\/wp\/v2\/product_tag?post=8503"}],"curies":[{"name":"wp","href":"https:\/\/api.w.org\/{rel}","templated":true}]}}