{"id":8185,"date":"2024-06-10T10:28:06","date_gmt":"2024-06-10T08:28:06","guid":{"rendered":"https:\/\/antcube.shop\/product\/boxer-briefs\/"},"modified":"2024-12-12T11:08:38","modified_gmt":"2024-12-12T10:08:38","slug":"boxershorts","status":"publish","type":"product","link":"https:\/\/antcube.shop\/da\/vare\/boxershorts\/","title":{"rendered":"Boxershorts"},"content":{"rendered":"<p>Disse boksershorts er fremstillet af et bl\u00f8dt og elastisk materiale, der sikrer komfort hele dagen. Boxershortsene har ingen s\u00f8m bagp\u00e5, og de har en foret frontpose for ekstra komfort og st\u00f8tte. <\/p>\n<p>- 95% polyester, 5% elastan (stoffets sammens\u00e6tning kan variere med 1%)<br \/>\n- Mellemh\u00f8j bygning<br \/>\n- Foret frontpose for ekstra st\u00f8tte<br \/>\n- 4 cm bred elastisk linning bekl\u00e6dt med stof<br \/>\n- Panel i skridtet <br \/>\n- Overlock og d\u00e6ks\u00f8m <br \/>\n- Ingen rygs\u00f8m for ekstra komfort<br \/>\n- Blanke produktkomponenter i EU indk\u00f8bt fra Litauen<br \/>\n- Blanke produktkomponenter i Mexico indk\u00f8bt fra USA og Kina<\/p>","protected":false},"excerpt":{"rendered":"<p>Disse boksershorts er fremstillet af et bl\u00f8dt og elastisk materiale, der sikrer komfort hele dagen. Boxershortsene har ingen s\u00f8m bagp\u00e5, og de har en foret frontpose for ekstra komfort og st\u00f8tte. - 95% polyester, 5% elastan (stofsammens\u00e6tningen kan variere med 1%) - Mid-rise - Foret frontpose for ekstra st\u00f8tte","protected":false},"featured_media":8195,"comment_status":"open","ping_status":"closed","template":"","meta":{"_acf_changed":false,"content-type":"","_monsterinsights_skip_tracking":false,"_monsterinsights_sitenote_active":false,"_monsterinsights_sitenote_note":"","_monsterinsights_sitenote_category":0},"product_brand":[],"product_cat":[245],"product_tag":[],"class_list":{"0":"post-8185","1":"product","2":"type-product","3":"status-publish","4":"has-post-thumbnail","6":"product_cat-merchandise","8":"first","9":"instock","10":"taxable","11":"shipping-taxable","12":"purchasable","13":"product-type-variable"},"acf":[],"aioseo_notices":[],"jetpack_sharing_enabled":true,"_links":{"self":[{"href":"https:\/\/antcube.shop\/da\/wp-json\/wp\/v2\/product\/8185","targetHints":{"allow":["GET"]}}],"collection":[{"href":"https:\/\/antcube.shop\/da\/wp-json\/wp\/v2\/product"}],"about":[{"href":"https:\/\/antcube.shop\/da\/wp-json\/wp\/v2\/types\/product"}],"replies":[{"embeddable":true,"href":"https:\/\/antcube.shop\/da\/wp-json\/wp\/v2\/comments?post=8185"}],"wp:featuredmedia":[{"embeddable":true,"href":"https:\/\/antcube.shop\/da\/wp-json\/wp\/v2\/media\/8195"}],"wp:attachment":[{"href":"https:\/\/antcube.shop\/da\/wp-json\/wp\/v2\/media?parent=8185"}],"wp:term":[{"taxonomy":"product_brand","embeddable":true,"href":"https:\/\/antcube.shop\/da\/wp-json\/wp\/v2\/product_brand?post=8185"},{"taxonomy":"product_cat","embeddable":true,"href":"https:\/\/antcube.shop\/da\/wp-json\/wp\/v2\/product_cat?post=8185"},{"taxonomy":"product_tag","embeddable":true,"href":"https:\/\/antcube.shop\/da\/wp-json\/wp\/v2\/product_tag?post=8185"}],"curies":[{"name":"wp","href":"https:\/\/api.w.org\/{rel}","templated":true}]}}