{"id":8070,"date":"2024-06-07T18:24:40","date_gmt":"2024-06-07T16:24:40","guid":{"rendered":"https:\/\/antcube.shop\/product\/unisex-t-shirt\/"},"modified":"2024-12-12T11:08:49","modified_gmt":"2024-12-12T10:08:49","slug":"unisex-t-shirt","status":"publish","type":"product","link":"https:\/\/antcube.shop\/da\/vare\/unisex-t-shirt\/","title":{"rendered":"Unisex t-shirt"},"content":{"rendered":"<p>Denne t-shirt er alt, hvad du har dr\u00f8mt om, og mere til. Den f\u00f8les bl\u00f8d og let med den rette m\u00e6ngde stretch. Den er behagelig og flatterende for alle. <\/p>\n<p>- 100% k\u00e6mmet og ringspundet bomuld (Heather-farver indeholder polyester)<br \/>\n- Stofv\u00e6gt: 4,2 oz.\/yd.\u00b2 (142 g\/m\u00b2)<br \/>\n- Forkrympet stof<br \/>\n- Sidesyet konstruktion<br \/>\n- Tapening fra skulder til skulder<br \/>\n- Blankt produkt fra Nicaragua, Mexico, Honduras eller USA<\/p>\n<p>Dette produkt bliver lavet specielt til dig, s\u00e5 snart du afgiver en ordre, og derfor tager det os lidt l\u00e6ngere tid at levere det til dig. At fremstille produkter efter behov i stedet for i l\u00f8s v\u00e6gt er med til at reducere overproduktion, s\u00e5 tak fordi du tr\u00e6ffer gennemt\u00e6nkte k\u00f8bsbeslutninger!<\/p>","protected":false},"excerpt":{"rendered":"<p>Denne t-shirt er alt, hvad du har dr\u00f8mt om, og mere til. Den f\u00f8les bl\u00f8d og let med den rette m\u00e6ngde stretch. Den er behagelig og flatterende for alle. - 100% k\u00e6mmet og ringspundet bomuld (Heather-farver indeholder polyester) - Stofv\u00e6gt: 4,2 oz.\/yd.\u00b2 (142 g\/m\u00b2) - Forkrympet stof - Sides\u00f8mmet konstruktion - Skulder-til-skulder tapning - Blank produkt","protected":false},"featured_media":8150,"comment_status":"open","ping_status":"closed","template":"","meta":{"_acf_changed":false,"content-type":"","_monsterinsights_skip_tracking":false,"_monsterinsights_sitenote_active":false,"_monsterinsights_sitenote_note":"","_monsterinsights_sitenote_category":0},"product_brand":[],"product_cat":[245],"product_tag":[],"class_list":{"0":"post-8070","1":"product","2":"type-product","3":"status-publish","4":"has-post-thumbnail","6":"product_cat-merchandise","8":"first","9":"instock","10":"taxable","11":"shipping-taxable","12":"purchasable","13":"product-type-variable"},"acf":[],"aioseo_notices":[],"jetpack_sharing_enabled":true,"_links":{"self":[{"href":"https:\/\/antcube.shop\/da\/wp-json\/wp\/v2\/product\/8070","targetHints":{"allow":["GET"]}}],"collection":[{"href":"https:\/\/antcube.shop\/da\/wp-json\/wp\/v2\/product"}],"about":[{"href":"https:\/\/antcube.shop\/da\/wp-json\/wp\/v2\/types\/product"}],"replies":[{"embeddable":true,"href":"https:\/\/antcube.shop\/da\/wp-json\/wp\/v2\/comments?post=8070"}],"wp:featuredmedia":[{"embeddable":true,"href":"https:\/\/antcube.shop\/da\/wp-json\/wp\/v2\/media\/8150"}],"wp:attachment":[{"href":"https:\/\/antcube.shop\/da\/wp-json\/wp\/v2\/media?parent=8070"}],"wp:term":[{"taxonomy":"product_brand","embeddable":true,"href":"https:\/\/antcube.shop\/da\/wp-json\/wp\/v2\/product_brand?post=8070"},{"taxonomy":"product_cat","embeddable":true,"href":"https:\/\/antcube.shop\/da\/wp-json\/wp\/v2\/product_cat?post=8070"},{"taxonomy":"product_tag","embeddable":true,"href":"https:\/\/antcube.shop\/da\/wp-json\/wp\/v2\/product_tag?post=8070"}],"curies":[{"name":"wp","href":"https:\/\/api.w.org\/{rel}","templated":true}]}}