{"id":7997,"date":"2024-06-07T18:17:29","date_gmt":"2024-06-07T16:17:29","guid":{"rendered":"https:\/\/antcube.shop\/product\/unisex-hoodie\/"},"modified":"2024-12-12T11:08:58","modified_gmt":"2024-12-12T10:08:58","slug":"unisex-haettetroje","status":"publish","type":"product","link":"https:\/\/antcube.shop\/da\/vare\/unisex-haettetroje\/","title":{"rendered":"Unisex h\u00e6ttetr\u00f8je"},"content":{"rendered":"<p>Alle har brug for en hyggelig h\u00e6ttetr\u00f8je at putte sig i, s\u00e5 g\u00e5 efter en, der er bl\u00f8d, glat og stilfuld. Det er det perfekte valg til k\u00f8lige aftener!<\/p>\n<p>- 50% forkrympet bomuld, 50% polyester<br \/>\n- Stofv\u00e6gt: 8,0 oz\/yd\u00b2 (271,25 g\/m\u00b2)<br \/>\n- Luftspundet garn med en bl\u00f8d fornemmelse og reduceret pilling<br \/>\n- Dobbeltforet h\u00e6tte med matchende sn\u00f8re<br \/>\n- Kvartdrejet krop for at undg\u00e5 kn\u00e6k p\u00e5 midten<br \/>\n- 1 \u00d7 1 atletisk ribstrik i manchetter og linning med spandex<br \/>\n- Lomme foran p\u00e5 tasken<br \/>\n- Dobbelt syet krave, skuldre, \u00e6rmegab, manchetter og forneden<br \/>\n- Ubeskyttet produkt fra Bangladesh, Nicaragua, Honduras eller El Salvador<\/p>\n<p>Dette produkt bliver lavet specielt til dig, s\u00e5 snart du afgiver en ordre, og derfor tager det os lidt l\u00e6ngere tid at levere det til dig. At fremstille produkter efter behov i stedet for i l\u00f8s v\u00e6gt er med til at reducere overproduktion, s\u00e5 tak fordi du tr\u00e6ffer gennemt\u00e6nkte k\u00f8bsbeslutninger!<\/p>","protected":false},"excerpt":{"rendered":"<p>Alle har brug for en hyggelig h\u00e6ttetr\u00f8je at putte sig i, s\u00e5 g\u00e5 efter en, der er bl\u00f8d, glat og stilfuld. Det er det perfekte valg til k\u00f8lige aftener! - 50% forkrympet bomuld, 50% polyester - Stofv\u00e6gt: 8,0 oz\/yd\u00b2 (271,25 g\/m\u00b2) - Luftspundet garn med en bl\u00f8d fornemmelse og reduceret pilling - Dobbeltforet h\u00e6tte med matchende","protected":false},"featured_media":8060,"comment_status":"open","ping_status":"closed","template":"","meta":{"_acf_changed":false,"content-type":"","_monsterinsights_skip_tracking":false,"_monsterinsights_sitenote_active":false,"_monsterinsights_sitenote_note":"","_monsterinsights_sitenote_category":0},"product_brand":[],"product_cat":[245],"product_tag":[],"class_list":{"0":"post-7997","1":"product","2":"type-product","3":"status-publish","4":"has-post-thumbnail","6":"product_cat-merchandise","8":"first","9":"instock","10":"taxable","11":"shipping-taxable","12":"purchasable","13":"product-type-variable"},"acf":[],"aioseo_notices":[],"jetpack_sharing_enabled":true,"_links":{"self":[{"href":"https:\/\/antcube.shop\/da\/wp-json\/wp\/v2\/product\/7997","targetHints":{"allow":["GET"]}}],"collection":[{"href":"https:\/\/antcube.shop\/da\/wp-json\/wp\/v2\/product"}],"about":[{"href":"https:\/\/antcube.shop\/da\/wp-json\/wp\/v2\/types\/product"}],"replies":[{"embeddable":true,"href":"https:\/\/antcube.shop\/da\/wp-json\/wp\/v2\/comments?post=7997"}],"wp:featuredmedia":[{"embeddable":true,"href":"https:\/\/antcube.shop\/da\/wp-json\/wp\/v2\/media\/8060"}],"wp:attachment":[{"href":"https:\/\/antcube.shop\/da\/wp-json\/wp\/v2\/media?parent=7997"}],"wp:term":[{"taxonomy":"product_brand","embeddable":true,"href":"https:\/\/antcube.shop\/da\/wp-json\/wp\/v2\/product_brand?post=7997"},{"taxonomy":"product_cat","embeddable":true,"href":"https:\/\/antcube.shop\/da\/wp-json\/wp\/v2\/product_cat?post=7997"},{"taxonomy":"product_tag","embeddable":true,"href":"https:\/\/antcube.shop\/da\/wp-json\/wp\/v2\/product_tag?post=7997"}],"curies":[{"name":"wp","href":"https:\/\/api.w.org\/{rel}","templated":true}]}}