{"id":7942,"date":"2024-05-29T15:42:05","date_gmt":"2024-05-29T13:42:05","guid":{"rendered":"https:\/\/antcube.shop\/product\/rote-abdeckplatte-20x20-liegend\/"},"modified":"2026-04-16T12:33:06","modified_gmt":"2026-04-16T10:33:06","slug":"rod-daekplade-20x20","status":"publish","type":"product","link":"https:\/\/antcube.shop\/da\/vare\/rod-daekplade-20x20\/","title":{"rendered":"R\u00f8d d\u00e6kplade 20\u00d720 - vandret"},"content":{"rendered":"<p><strong>Dimensioner:<\/strong> 180 x 180 mm,<br \/>\n<strong>Tykkelse:<\/strong> 3 mm<br \/>\n56 mm ydre dimension p\u00e5 hulringen - 33 mm indre dimension p\u00e5 hullet<\/p>\n<p><strong>Materiale:<\/strong> PMMA<\/p>\n<p><strong>Farve:<\/strong> m\u00f8rker\u00f8d, gennemsigtig<\/p>\n<p><strong>Indhold:<\/strong> 1 stk.<\/p>\n<p><strong>Beskrivelse:<\/strong> Den r\u00f8de, gennemsigtige d\u00e6kplade - vandret - bruges til at give myrerne en fornemmelse af at v\u00e6re under jorden. Vi anbefaler derfor at bruge dette produkt i det mindste delvist i redeomr\u00e5det. Man kan endda se myrerne i boet gennem d\u00e6kslet.<\/p>","protected":false},"excerpt":{"rendered":"<p>Dimensioner: 180 x 180 mm, tykkelse: 3 mm 56mm hulring ydre dimension - 33mm hul indre dimension Materiale: PMMA Farve: m\u00f8rker\u00f8d, gennemsigtig Indhold: 1 stk. Beskrivelse: Den r\u00f8de gennemsigtige d\u00e6kplade - vandret, bruges til at give myrerne en underjordisk f\u00f8lelse. Vi anbefaler derfor at bruge dette produkt i det mindste delvist i","protected":false},"featured_media":7945,"comment_status":"open","ping_status":"closed","template":"","meta":{"_acf_changed":false,"content-type":"","_monsterinsights_skip_tracking":false,"_monsterinsights_sitenote_active":false,"_monsterinsights_sitenote_note":"","_monsterinsights_sitenote_category":0},"product_brand":[],"product_cat":[119,239],"product_tag":[],"class_list":{"0":"post-7942","1":"product","2":"type-product","3":"status-publish","4":"has-post-thumbnail","6":"product_cat-formicarium-components","7":"product_cat-useful-additions","9":"first","10":"instock","11":"taxable","12":"shipping-taxable","13":"purchasable","14":"product-type-simple"},"acf":[],"aioseo_notices":[],"jetpack_sharing_enabled":true,"_links":{"self":[{"href":"https:\/\/antcube.shop\/da\/wp-json\/wp\/v2\/product\/7942","targetHints":{"allow":["GET"]}}],"collection":[{"href":"https:\/\/antcube.shop\/da\/wp-json\/wp\/v2\/product"}],"about":[{"href":"https:\/\/antcube.shop\/da\/wp-json\/wp\/v2\/types\/product"}],"replies":[{"embeddable":true,"href":"https:\/\/antcube.shop\/da\/wp-json\/wp\/v2\/comments?post=7942"}],"wp:featuredmedia":[{"embeddable":true,"href":"https:\/\/antcube.shop\/da\/wp-json\/wp\/v2\/media\/7945"}],"wp:attachment":[{"href":"https:\/\/antcube.shop\/da\/wp-json\/wp\/v2\/media?parent=7942"}],"wp:term":[{"taxonomy":"product_brand","embeddable":true,"href":"https:\/\/antcube.shop\/da\/wp-json\/wp\/v2\/product_brand?post=7942"},{"taxonomy":"product_cat","embeddable":true,"href":"https:\/\/antcube.shop\/da\/wp-json\/wp\/v2\/product_cat?post=7942"},{"taxonomy":"product_tag","embeddable":true,"href":"https:\/\/antcube.shop\/da\/wp-json\/wp\/v2\/product_tag?post=7942"}],"curies":[{"name":"wp","href":"https:\/\/api.w.org\/{rel}","templated":true}]}}