{"id":7590,"date":"2024-04-04T16:24:13","date_gmt":"2024-04-04T14:24:13","guid":{"rendered":"https:\/\/antcube.shop\/product\/thermo-hygrometer-analog-display-43mm-hangend\/"},"modified":"2026-04-13T10:49:00","modified_gmt":"2026-04-13T08:49:00","slug":"termohygrometer-med-analogt-display-43-mm-til-ophaengning","status":"publish","type":"product","link":"https:\/\/antcube.shop\/da\/vare\/termohygrometer-med-analogt-display-43-mm-til-ophaengning\/","title":{"rendered":"Analogt termohygrometer - display - 43 mm - oph\u00e6ngning"},"content":{"rendered":"<p><strong>Dimensioner:<\/strong> 73 mm x 63 mm, 20 mm dyb<\/p>\n<p><strong>Materiale:<\/strong> metal \/ akryl<\/p>\n<p><strong>Farve:<\/strong> metal, s\u00f8lv \/ gennemsigtig<\/p>\n<p><strong>Indhold:<\/strong> 1x termo-hygrometer analog metal - 43mm, 1x akrylglasholder med fordybning til m\u00e5leinstrumentet - 73x59mm, 1x akrylglasbase - 73x20mm, 2x gennemsigtige kl\u00e6bepuder - 30x20mm<\/p>\n<p><strong>Beskrivelse:<\/strong><br \/>\nS\u00e6ttet best\u00e5r af et analogt termometer og hygrometer af metal (43 mm), som er indsat i en akrylglasplade (73x59 mm). Displayet er fastgjort med to gennemsigtige kl\u00e6bepuder, som kan bruges til at fastg\u00f8re basen (73x20mm) over hovedet p\u00e5 arenad\u00e6ksler eller rammer.<\/p>\n<p><strong>Vigtigt:<\/strong><br \/>\nBagsiden af m\u00e5leren skal holdes fri, da der ellers kan opst\u00e5 m\u00e5lefejl.<\/p>\n<p><strong>N\u00f8jagtighedstermometer:<\/strong> +\/- 2\u00b0C , +\/- 4\u00b0F<br \/>\n<strong>Hygrometer med n\u00f8jagtighed:<\/strong> +\/- 5%<\/p>","protected":false},"excerpt":{"rendered":"<p>S\u00e6t med termometer og hygrometer af metal (43 mm) indsat i akrylglasplade (73x63 mm)<\/p>","protected":false},"featured_media":7580,"comment_status":"open","ping_status":"closed","template":"","meta":{"_acf_changed":false,"content-type":"","_monsterinsights_skip_tracking":false,"_monsterinsights_sitenote_active":false,"_monsterinsights_sitenote_note":"","_monsterinsights_sitenote_category":0},"product_brand":[],"product_cat":[359,119],"product_tag":[],"class_list":{"0":"post-7590","1":"product","2":"type-product","3":"status-publish","4":"has-post-thumbnail","6":"product_cat-light-heat-humidity","7":"product_cat-formicarium-components","9":"first","10":"instock","11":"taxable","12":"shipping-taxable","13":"purchasable","14":"product-type-simple"},"acf":[],"aioseo_notices":[],"jetpack_sharing_enabled":true,"_links":{"self":[{"href":"https:\/\/antcube.shop\/da\/wp-json\/wp\/v2\/product\/7590","targetHints":{"allow":["GET"]}}],"collection":[{"href":"https:\/\/antcube.shop\/da\/wp-json\/wp\/v2\/product"}],"about":[{"href":"https:\/\/antcube.shop\/da\/wp-json\/wp\/v2\/types\/product"}],"replies":[{"embeddable":true,"href":"https:\/\/antcube.shop\/da\/wp-json\/wp\/v2\/comments?post=7590"}],"wp:featuredmedia":[{"embeddable":true,"href":"https:\/\/antcube.shop\/da\/wp-json\/wp\/v2\/media\/7580"}],"wp:attachment":[{"href":"https:\/\/antcube.shop\/da\/wp-json\/wp\/v2\/media?parent=7590"}],"wp:term":[{"taxonomy":"product_brand","embeddable":true,"href":"https:\/\/antcube.shop\/da\/wp-json\/wp\/v2\/product_brand?post=7590"},{"taxonomy":"product_cat","embeddable":true,"href":"https:\/\/antcube.shop\/da\/wp-json\/wp\/v2\/product_cat?post=7590"},{"taxonomy":"product_tag","embeddable":true,"href":"https:\/\/antcube.shop\/da\/wp-json\/wp\/v2\/product_tag?post=7590"}],"curies":[{"name":"wp","href":"https:\/\/api.w.org\/{rel}","templated":true}]}}