{"id":7500,"date":"2024-04-04T11:27:17","date_gmt":"2024-04-04T09:27:17","guid":{"rendered":"https:\/\/antcube.shop\/product\/ant-maze-20x20-m\/"},"modified":"2026-01-12T12:39:35","modified_gmt":"2026-01-12T11:39:35","slug":"myrelabyrint-20x20-m","status":"publish","type":"product","link":"https:\/\/antcube.shop\/da\/vare\/myrelabyrint-20x20-m\/","title":{"rendered":"Myrelabyrint 20\u00d720 - M"},"content":{"rendered":"<p><strong>Dimensioner:<\/strong><br \/>\n190x220x23 mm; <strong>Stih\u00f8jde<\/strong> 10 mm <strong>Stiens bredde<\/strong> 10-19 mm<br \/>\n5x styring af glidegange<\/p>\n<p><strong>Materiale:<\/strong> akrylglas<\/p>\n<p><strong>Farve:<\/strong> krystalklar, gennemsigtig<\/p>\n<p><strong>Indhold:<\/strong><br \/>\n1x Ant Maze M med 5x gennemg\u00e5ende controller<\/p>\n<p><strong>Forbindelse:<\/strong> 2x forbindelsesmuffer 10 mm til r\u00f8r 14\/10 mm<\/p>\n<p><strong>Beskrivelse:<\/strong> Myrelabyrint fladt formicarium lavet af flere lagdelte paneler. Myrelabyrinten kan udvides via slanger eller forbindes til en myrearena ved hj\u00e6lp af de integrerede forbindelsesstik. De fem indbyggede skydere giver myrerne mulighed for at \u00e5bne eller lukke forskellige stier i labyrinten. Dette kan bruges til eksperimenter p\u00e5 f.eks. uddannelsesinstitutioner eller derhjemme til at observere, hvordan myrer finder vej og tilpasser sig pludseligt skiftende ruter, f.eks. til foderomr\u00e5der.<\/p>\n<p><strong>Bem\u00e6rk:<\/strong> Der kan forekomme huller p\u00e5 0,5 mm.<\/p>\n<p><strong>Bem\u00e6rkninger om forbindelsesd\u00e5serne<\/strong><br \/>\nN\u00e5r du monterer eller fjerner slanger, skal du v\u00e6re opm\u00e6rksom p\u00e5 f\u00f8lgende:<br \/>\nHvis det er meget sv\u00e6rt at f\u00e5 slangen til at passe p\u00e5 tilslutningsmuffen, skal muffen gnides let med en dr\u00e5be af vores olie eller pulver til beskyttelse mod udbrud. Derefter skal slangen skubbes p\u00e5 muffen med drejende eller skruende bev\u00e6gelser uden at belaste muffen med op- og nedadg\u00e5ende bev\u00e6gelser. Det samme g\u00e6lder, n\u00e5r du fjerner slangerne fra g\u00e5rdtilslutningsstudsen. Du m\u00e5 ikke bare tr\u00e6kke den af!<\/p>","protected":false},"excerpt":{"rendered":"<p>Tilslutning: Stikd\u00e5se 2x 10mm<\/p>","protected":false},"featured_media":7600,"comment_status":"open","ping_status":"closed","template":"","meta":{"_acf_changed":false,"content-type":"","_monsterinsights_skip_tracking":false,"_monsterinsights_sitenote_active":false,"_monsterinsights_sitenote_note":"","_monsterinsights_sitenote_category":0},"product_brand":[],"product_cat":[257,119,239,91],"product_tag":[],"class_list":{"0":"post-7500","1":"product","2":"type-product","3":"status-publish","4":"has-post-thumbnail","6":"product_cat-new-innovatve-products","7":"product_cat-formicarium-components","8":"product_cat-useful-additions","9":"product_cat-formicarium-modules","11":"first","12":"instock","13":"taxable","14":"shipping-taxable","15":"purchasable","16":"product-type-simple"},"acf":[],"aioseo_notices":[],"jetpack_sharing_enabled":true,"_links":{"self":[{"href":"https:\/\/antcube.shop\/da\/wp-json\/wp\/v2\/product\/7500","targetHints":{"allow":["GET"]}}],"collection":[{"href":"https:\/\/antcube.shop\/da\/wp-json\/wp\/v2\/product"}],"about":[{"href":"https:\/\/antcube.shop\/da\/wp-json\/wp\/v2\/types\/product"}],"replies":[{"embeddable":true,"href":"https:\/\/antcube.shop\/da\/wp-json\/wp\/v2\/comments?post=7500"}],"wp:featuredmedia":[{"embeddable":true,"href":"https:\/\/antcube.shop\/da\/wp-json\/wp\/v2\/media\/7600"}],"wp:attachment":[{"href":"https:\/\/antcube.shop\/da\/wp-json\/wp\/v2\/media?parent=7500"}],"wp:term":[{"taxonomy":"product_brand","embeddable":true,"href":"https:\/\/antcube.shop\/da\/wp-json\/wp\/v2\/product_brand?post=7500"},{"taxonomy":"product_cat","embeddable":true,"href":"https:\/\/antcube.shop\/da\/wp-json\/wp\/v2\/product_cat?post=7500"},{"taxonomy":"product_tag","embeddable":true,"href":"https:\/\/antcube.shop\/da\/wp-json\/wp\/v2\/product_tag?post=7500"}],"curies":[{"name":"wp","href":"https:\/\/api.w.org\/{rel}","templated":true}]}}