{"id":7495,"date":"2024-04-04T11:21:06","date_gmt":"2024-04-04T09:21:06","guid":{"rendered":"https:\/\/antcube.shop\/product\/beckenverbinder-3-4-zu-20mm-glasklar\/"},"modified":"2026-04-04T20:31:13","modified_gmt":"2026-04-04T18:31:13","slug":"bassintilslutning-3-4-til-20-mm-glas-klar","status":"publish","type":"product","link":"https:\/\/antcube.shop\/da\/vare\/bassintilslutning-3-4-til-20-mm-glas-klar\/","title":{"rendered":"H\u00e5ndvasktilslutning 3\/4\u2033 til 20 mm - glasklar"},"content":{"rendered":"<p><span data-text-color=\"alert\"><strong>Opm\u00e6rksomhed:<\/strong> <\/span>den n\u00f8dvendige m\u00f8trik til fastg\u00f8relse skal bestilles separat<\/p>\n<p><strong>Antal:<\/strong> 1 stk.<\/p>\n<p><strong>Farve:<\/strong> glasklar<\/p>\n<p><strong>Materiale:<\/strong> Plast<\/p>\n<p><strong>Beskrivelse:<\/strong> Denne r\u00f8rkobling til h\u00e5ndvask 3\/4\" passer i et 27 mm hul og p\u00e5 et r\u00f8r med en udvendig diameter p\u00e5 32 mm.<\/p>","protected":false},"excerpt":{"rendered":"<p>OBS: m\u00f8trikken, der kr\u00e6ves til fastg\u00f8relse, skal bestilles separat Antal: 1 stk Farve: glasklar Materiale: Plast Beskrivelse: Denne r\u00f8rkobling til h\u00e5ndvask 3\/4 \"passer ind i et 27 mm hul og p\u00e5 et r\u00f8r med en udvendig diameter p\u00e5 20 mm.<\/p>","protected":false},"featured_media":7510,"comment_status":"open","ping_status":"closed","template":"","meta":{"_acf_changed":false,"content-type":"","_monsterinsights_skip_tracking":false,"_monsterinsights_sitenote_active":false,"_monsterinsights_sitenote_note":"","_monsterinsights_sitenote_category":0},"product_brand":[],"product_cat":[257,345,119,121],"product_tag":[],"class_list":{"0":"post-7495","1":"product","2":"type-product","3":"status-publish","4":"has-post-thumbnail","6":"product_cat-new-innovatve-products","7":"product_cat-pipe-connectors","8":"product_cat-formicarium-components","9":"product_cat-connectors","11":"first","12":"instock","13":"taxable","14":"shipping-taxable","15":"purchasable","16":"product-type-simple"},"acf":[],"aioseo_notices":[],"jetpack_sharing_enabled":true,"_links":{"self":[{"href":"https:\/\/antcube.shop\/da\/wp-json\/wp\/v2\/product\/7495","targetHints":{"allow":["GET"]}}],"collection":[{"href":"https:\/\/antcube.shop\/da\/wp-json\/wp\/v2\/product"}],"about":[{"href":"https:\/\/antcube.shop\/da\/wp-json\/wp\/v2\/types\/product"}],"replies":[{"embeddable":true,"href":"https:\/\/antcube.shop\/da\/wp-json\/wp\/v2\/comments?post=7495"}],"wp:featuredmedia":[{"embeddable":true,"href":"https:\/\/antcube.shop\/da\/wp-json\/wp\/v2\/media\/7510"}],"wp:attachment":[{"href":"https:\/\/antcube.shop\/da\/wp-json\/wp\/v2\/media?parent=7495"}],"wp:term":[{"taxonomy":"product_brand","embeddable":true,"href":"https:\/\/antcube.shop\/da\/wp-json\/wp\/v2\/product_brand?post=7495"},{"taxonomy":"product_cat","embeddable":true,"href":"https:\/\/antcube.shop\/da\/wp-json\/wp\/v2\/product_cat?post=7495"},{"taxonomy":"product_tag","embeddable":true,"href":"https:\/\/antcube.shop\/da\/wp-json\/wp\/v2\/product_tag?post=7495"}],"curies":[{"name":"wp","href":"https:\/\/api.w.org\/{rel}","templated":true}]}}