{"id":6739,"date":"2023-12-12T15:09:04","date_gmt":"2023-12-12T14:09:04","guid":{"rendered":"https:\/\/antcube.shop\/product\/ameisenarena-abdeckung-60x30\/"},"modified":"2026-04-13T10:48:44","modified_gmt":"2026-04-13T08:48:44","slug":"myrebane-med-overdaekning-60x30","status":"publish","type":"product","link":"https:\/\/antcube.shop\/da\/vare\/myrebane-med-overdaekning-60x30\/","title":{"rendered":"Myretue, der d\u00e6kker 60\u00d730"},"content":{"rendered":"<p><strong>M\u00e5l (LxBxH):<\/strong> 60x30x0,4 cm<\/p>\n<p><strong>Materiale:<\/strong> Floatglas<\/p>\n<p><strong>Farve:<\/strong> klar \/ gennemsigtig<\/p>\n<p><strong>Indhold:<\/strong><br \/>\n1x Myrearena-d\u00e6ksel<br \/>\n1x fikseringspunkter 4 stk.<\/p>\n<p><strong>Beskrivelse:<\/strong><br \/>\nGlasd\u00e6ksel til myrearenaen som flugtbeskyttelse<\/p>\n<p><strong>S\u00e5dan bruges den:<\/strong><br \/>\nMyrearena-d\u00e6kslet, der er lavet af glas, kan placeres p\u00e5 en myrearena som flugtbeskyttelse og for at regulere klimaet.<br \/>\nI 50 mm-\u00e5bningerne kan der inds\u00e6ttes forskellige moduler til klimastyring, f.eks. ventilationsgitre, belysning eller befugtning.<br \/>\nFor at forhindre myrer i at slippe ud gennem \u00e5bningerne, skal der p\u00e5f\u00f8res en udbrudsbeskyttelse (olie, pulver eller lak) p\u00e5 undersiden omkring hullerne.<\/p>\n<p><strong>Bem\u00e6rk:<\/strong><br \/>\nDa artiklen er lavet af glas og derfor er skr\u00f8belig, skal den h\u00e5ndteres meget forsigtigt.<\/p>","protected":false},"excerpt":{"rendered":"<p>Glasd\u00e6ksel\/l\u00e5g til myrearenaen som flugtbeskyttelse<\/p>","protected":false},"featured_media":6730,"comment_status":"open","ping_status":"closed","template":"","meta":{"_acf_changed":false,"content-type":"","_monsterinsights_skip_tracking":false,"_monsterinsights_sitenote_active":false,"_monsterinsights_sitenote_note":"","_monsterinsights_sitenote_category":0},"product_brand":[],"product_cat":[91,92],"product_tag":[],"class_list":{"0":"post-6739","1":"product","2":"type-product","3":"status-publish","4":"has-post-thumbnail","6":"product_cat-formicarium-modules","7":"product_cat-arena-cover","9":"first","10":"instock","11":"taxable","12":"shipping-taxable","13":"purchasable","14":"product-type-simple"},"acf":[],"aioseo_notices":[],"jetpack_sharing_enabled":true,"_links":{"self":[{"href":"https:\/\/antcube.shop\/da\/wp-json\/wp\/v2\/product\/6739","targetHints":{"allow":["GET"]}}],"collection":[{"href":"https:\/\/antcube.shop\/da\/wp-json\/wp\/v2\/product"}],"about":[{"href":"https:\/\/antcube.shop\/da\/wp-json\/wp\/v2\/types\/product"}],"replies":[{"embeddable":true,"href":"https:\/\/antcube.shop\/da\/wp-json\/wp\/v2\/comments?post=6739"}],"wp:featuredmedia":[{"embeddable":true,"href":"https:\/\/antcube.shop\/da\/wp-json\/wp\/v2\/media\/6730"}],"wp:attachment":[{"href":"https:\/\/antcube.shop\/da\/wp-json\/wp\/v2\/media?parent=6739"}],"wp:term":[{"taxonomy":"product_brand","embeddable":true,"href":"https:\/\/antcube.shop\/da\/wp-json\/wp\/v2\/product_brand?post=6739"},{"taxonomy":"product_cat","embeddable":true,"href":"https:\/\/antcube.shop\/da\/wp-json\/wp\/v2\/product_cat?post=6739"},{"taxonomy":"product_tag","embeddable":true,"href":"https:\/\/antcube.shop\/da\/wp-json\/wp\/v2\/product_tag?post=6739"}],"curies":[{"name":"wp","href":"https:\/\/api.w.org\/{rel}","templated":true}]}}