{"id":6737,"date":"2023-12-12T15:03:25","date_gmt":"2023-12-12T14:03:25","guid":{"rendered":"https:\/\/antcube.shop\/product\/antcube-starter-set-fur-weberameisen-gros\/"},"modified":"2026-04-15T13:37:57","modified_gmt":"2026-04-15T11:37:57","slug":"startsaet-til-vaevermyrer-stor","status":"publish","type":"product","link":"https:\/\/antcube.shop\/da\/vare\/startsaet-til-vaevermyrer-stor\/","title":{"rendered":"ANTCUBE - Starts\u00e6t til v\u00e6vermyrer - stort"},"content":{"rendered":"<p><span data-text-color=\"alert\"><strong>Forsendelse kun mulig via spedition p\u00e5 palet.<\/strong><\/span><\/p>\n<p><strong>Indhold:<\/strong><br \/>\n1x ANTCUBE Arena 30x30x60 med skyded\u00f8r<br \/>\n1x ramme til myrearena 30\u00d730<br \/>\n1x d\u00e6kning af myrearena 30\u00d730<br \/>\n1x fastg\u00f8relsespunkt til arenad\u00e6ksel (4 stk.)<\/p>\n<p>1x ramme til skyded\u00f8r<br \/>\nSprayflaske spr\u00f8jte 0,5 liter - messingdyse<br \/>\n1x Fotobagv\u00e6g - regnskov - 30\u00d760 - h\u00f8j<br \/>\n1x Formicarium-base 30\u00d730 cm<br \/>\n1x substrat regnskov 1 kg<\/p>\n<p>7x Grid insert acrylic &#8211; 50 mm with sealing ring<br \/>\n1x drinking clear 5ml &#8211; sponge<br \/>\n1x Feeding dish white rectangle &#8211; 3 compartments<br \/>\n1x Drinking trough 2ml &#8211; 360 Degrees<br \/>\n1x pincet i fjederst\u00e5l bred - bl\u00f8d<br \/>\n1x Plastic pincet standard<br \/>\n1x Olie til beskyttelse mod myreudbrud<br \/>\n1x h\u00e5ndlup - 2x - 30mm<br \/>\n1x skumt\u00f8rrer 150x18x2,5mm<\/p>\n<p><strong>Can be ordered with shipping by forwarding agent on pallet in our second store ANTCUBE:<\/strong><\/p>\n<blockquote class=\"wp-embedded-content\" data-secret=\"ej6pTCxvgs\"><p><a href=\"https:\/\/antcube.shop\/product\/starter-set-for-weaver-ants-large\/\">ANTCUBE - Starts\u00e6t til v\u00e6vermyrer - stort<\/a><\/p><\/blockquote>\n<p><iframe loading=\"lazy\" class=\"wp-embedded-content\" sandbox=\"allow-scripts\" security=\"restricted\" style=\"position: absolute; visibility: hidden;\" title=\"&#8222;ANTCUBE &#8211; Starter set for weaver ants &#8211; large&#8220; &#8211; ANTCUBE\" src=\"https:\/\/antcube.shop\/product\/starter-set-for-weaver-ants-large\/embed\/#?secret=8EE7Sy4tG2#?secret=ej6pTCxvgs\" data-secret=\"ej6pTCxvgs\" width=\"600\" height=\"338\" frameborder=\"0\" marginwidth=\"0\" marginheight=\"0\" scrolling=\"no\"><\/iframe><\/p>\n<p><strong>Beskrivelse:<\/strong><br \/>\nDette udvidelige starts\u00e6t, specielt til forskellige v\u00e6vermyrearter som Polyrhachis spec. eller Oecophylla spec. indeholder ikke kun det optimalt tilpassede formicarium, men ogs\u00e5 det passende tilbeh\u00f8r til at holde denne myreart.<\/p>\n<p>The sliding door in the front (opening 150x200mm) facilitates the work in the formicarium, even with large colonies or planting of the formicarium with a host plant for example Oecophylla smaragdina. Additional formicariums can be connected via the two 50mm holes on the side. The stainless steel grid inserts provide good ventilation and are robust against mechanical impact. If necessary, the humidity can be increased with the spray bottle. The drinker clear 5ml &#8211; sponge is intended for the supply of fresh water, the drinker 2ml &#8211; 360 degrees for honey or sugar solution.<\/p>\n<p><strong>Vigtigt: <\/strong>Fugt substratet f\u00f8r brug, s\u00e5 blandingen kan samle sig og f\u00e5 et fast greb i myretuen. Desuden kan et for t\u00f8rt og st\u00f8vet substrat f\u00f8re til, at myrernes luftveje blokeres, og i v\u00e6rste fald kv\u00e6les dyrene.<\/p>\n<p><strong>Vigtig bem\u00e6rkning om skyded\u00f8rsrammen:<\/strong><br \/>\nRammen kan let fastg\u00f8res til skruerne, der er fastgjort til skyded\u00f8rens skinner. For at g\u00f8re dette skal du forsigtigt l\u00f8sne <strong>kun<\/strong> m\u00f8trikkerne indeni. Det kr\u00e6ver en lille stjerneskruetr\u00e6kker (krydsskruetr\u00e6kker). S\u00e6t rammen sammen, og h\u00e6ng den indvendigt p\u00e5 skruerne. S\u00e6t derefter forsigtigt m\u00f8trikkerne og <strong>under no circumstances turn too tightly<\/strong>, otherwise the glass may be damaged.<\/p>\n<p><u><strong>Bem\u00e6rkninger om produktionen<\/strong><\/u><br \/>\nGlasset er sk\u00e5ret i henhold til DIN 1249 med en tolerance p\u00e5 +\/- 1 mm. Til ekstremt sm\u00e5 myrearter er det n\u00f8dvendigt med ekstra udbrudsbeskyttelse.<\/p>","protected":false},"excerpt":{"rendered":"<p>The set consists of 22 parts.<br \/>\nSt\u00f8rrelse: <span style=\"color: #ed1c24;\"><strong>XL<\/strong><\/span><\/p>","protected":false},"featured_media":6710,"comment_status":"open","ping_status":"closed","template":"","meta":{"_acf_changed":false,"content-type":"","_monsterinsights_skip_tracking":false,"_monsterinsights_sitenote_active":false,"_monsterinsights_sitenote_note":"","_monsterinsights_sitenote_category":0},"product_brand":[],"product_cat":[354,73],"product_tag":[],"class_list":{"0":"post-6737","1":"product","2":"type-product","3":"status-publish","4":"has-post-thumbnail","6":"product_cat-starter-sets-for-weaver-ants","7":"product_cat-starter-sets","8":"product_shipping_class-forwarding-on-pallet","10":"first","11":"instock","12":"taxable","13":"shipping-taxable","14":"purchasable","15":"product-type-simple"},"acf":[],"aioseo_notices":[],"jetpack_sharing_enabled":true,"_links":{"self":[{"href":"https:\/\/antcube.shop\/da\/wp-json\/wp\/v2\/product\/6737","targetHints":{"allow":["GET"]}}],"collection":[{"href":"https:\/\/antcube.shop\/da\/wp-json\/wp\/v2\/product"}],"about":[{"href":"https:\/\/antcube.shop\/da\/wp-json\/wp\/v2\/types\/product"}],"replies":[{"embeddable":true,"href":"https:\/\/antcube.shop\/da\/wp-json\/wp\/v2\/comments?post=6737"}],"wp:featuredmedia":[{"embeddable":true,"href":"https:\/\/antcube.shop\/da\/wp-json\/wp\/v2\/media\/6710"}],"wp:attachment":[{"href":"https:\/\/antcube.shop\/da\/wp-json\/wp\/v2\/media?parent=6737"}],"wp:term":[{"taxonomy":"product_brand","embeddable":true,"href":"https:\/\/antcube.shop\/da\/wp-json\/wp\/v2\/product_brand?post=6737"},{"taxonomy":"product_cat","embeddable":true,"href":"https:\/\/antcube.shop\/da\/wp-json\/wp\/v2\/product_cat?post=6737"},{"taxonomy":"product_tag","embeddable":true,"href":"https:\/\/antcube.shop\/da\/wp-json\/wp\/v2\/product_tag?post=6737"}],"curies":[{"name":"wp","href":"https:\/\/api.w.org\/{rel}","templated":true}]}}