{"id":6736,"date":"2023-12-12T15:03:19","date_gmt":"2023-12-12T14:03:19","guid":{"rendered":"https:\/\/antcube.shop\/product\/antcube-arena-30x30x60-mit-schiebetur\/"},"modified":"2026-03-17T08:11:00","modified_gmt":"2026-03-17T07:11:00","slug":"antcube-arena-30x30x60-med-skydedor","status":"publish","type":"product","link":"https:\/\/antcube.shop\/da\/vare\/antcube-arena-30x30x60-med-skydedor\/","title":{"rendered":"ANTCUBE Arena 30x30x60 med skyded\u00f8r"},"content":{"rendered":"<p><span data-text-color=\"alert\"><strong>Forsendelse kun mulig via spedition p\u00e5 palet.<\/strong><\/span><\/p>\n<p>ANTCUBE Arena 30x30x60 cm med skyded\u00f8r og 2x 50 mm hul.<\/p>\n<p><strong>Dimensioner:<\/strong> 300 x 300 x 600 mm; 4 mm glastykkelse.<br \/>\n<strong>Materiale:<\/strong> floatglas<br \/>\n<strong>Forbindelse:<\/strong> 2x hul 50 mm<\/p>\n<p><strong>Front\u00e5bning (skyded\u00f8r):<\/strong> 150\u00d7200 mm<\/p>\n<p><strong>Beskrivelse:<\/strong> Vores ANTCUBE Arena 30x30x60 med skyded\u00f8r er designet til at fungere komfortabelt selv i fulde formicarier. De er is\u00e6r nyttige som formicarium til v\u00e6vermyrer (Polyrhachis og Oeacophylla), da de kan lide at bygge h\u00f8jt, eller har brug for en v\u00e6rtsplante. I vores almindelige 30x30x60 arenaer kan det v\u00e6re sv\u00e6rt at fjerne f.eks. affald fra dyrene i bunden af formicariet. I dette specialtilpassede bassin er det ikke l\u00e6ngere et problem. Ogs\u00e5 til foderbassiner til bladsk\u00e6rermyrerne Acromyrmex eller Atta er skyded\u00f8ren meget praktisk, fordi planterester og andet affald kan bortskaffes komfortabelt. Desuden kan den separat tilg\u00e6ngelige skyded\u00f8rsramme (art. nr. 1005648) bruges til at forhindre dyrene i at flygte under arbejdet. Til den almindelige top\u00e5bning f\u00e5s der ogs\u00e5 en udbrudsbeskyttelsesramme 30\u00d730 og en arenaafd\u00e6kning 30\u00d730 separat.<\/p>\n<p><strong>Bem\u00e6rk:<\/strong> Glas sk\u00e6res i henhold til DIN 1249 med en tolerance p\u00e5 +\/- 1 mm. Ved ekstremt sm\u00e5 myrearter er det n\u00f8dvendigt med ekstra udbryderbeskyttelse.<\/p>","protected":false},"excerpt":{"rendered":"<p><strong>Forbindelse:<\/strong> 2x hul 50 mm<\/p>","protected":false},"featured_media":6727,"comment_status":"open","ping_status":"closed","template":"","meta":{"_acf_changed":false,"content-type":"","_monsterinsights_skip_tracking":false,"_monsterinsights_sitenote_active":false,"_monsterinsights_sitenote_note":"","_monsterinsights_sitenote_category":0},"product_brand":[],"product_cat":[85,86],"product_tag":[],"class_list":{"0":"post-6736","1":"product","2":"type-product","3":"status-publish","4":"has-post-thumbnail","6":"product_cat-ant-arenas","7":"product_cat-formicariums","8":"product_shipping_class-forwarding-on-pallet","10":"first","11":"instock","12":"taxable","13":"shipping-taxable","14":"purchasable","15":"product-type-simple"},"acf":[],"aioseo_notices":[],"jetpack_sharing_enabled":true,"_links":{"self":[{"href":"https:\/\/antcube.shop\/da\/wp-json\/wp\/v2\/product\/6736","targetHints":{"allow":["GET"]}}],"collection":[{"href":"https:\/\/antcube.shop\/da\/wp-json\/wp\/v2\/product"}],"about":[{"href":"https:\/\/antcube.shop\/da\/wp-json\/wp\/v2\/types\/product"}],"replies":[{"embeddable":true,"href":"https:\/\/antcube.shop\/da\/wp-json\/wp\/v2\/comments?post=6736"}],"wp:featuredmedia":[{"embeddable":true,"href":"https:\/\/antcube.shop\/da\/wp-json\/wp\/v2\/media\/6727"}],"wp:attachment":[{"href":"https:\/\/antcube.shop\/da\/wp-json\/wp\/v2\/media?parent=6736"}],"wp:term":[{"taxonomy":"product_brand","embeddable":true,"href":"https:\/\/antcube.shop\/da\/wp-json\/wp\/v2\/product_brand?post=6736"},{"taxonomy":"product_cat","embeddable":true,"href":"https:\/\/antcube.shop\/da\/wp-json\/wp\/v2\/product_cat?post=6736"},{"taxonomy":"product_tag","embeddable":true,"href":"https:\/\/antcube.shop\/da\/wp-json\/wp\/v2\/product_tag?post=6736"}],"curies":[{"name":"wp","href":"https:\/\/api.w.org\/{rel}","templated":true}]}}