{"id":6668,"date":"2023-12-05T14:03:20","date_gmt":"2023-12-05T13:03:20","guid":{"rendered":"https:\/\/antcube.shop\/product\/arena-hochstand-20x20cm\/"},"modified":"2026-04-16T19:23:54","modified_gmt":"2026-04-16T17:23:54","slug":"arena-hoj-stand-20x20cm","status":"publish","type":"product","link":"https:\/\/antcube.shop\/da\/vare\/arena-hoj-stand-20x20cm\/","title":{"rendered":"Arena h\u00f8j stander 20x20cm"},"content":{"rendered":"<div class=\"tab-body active\">\n<p><strong>Dimensioner:<\/strong> 20x20x10<\/p>\n<p><strong>Materiale: <\/strong>PMMA<\/p>\n<p><strong>Farve: <\/strong>krystalklar, gennemskinnelig, gennemsigtig<\/p>\n<p><strong>Indhold:<\/strong><br \/>\n4x h\u00f8j standerbase<br \/>\n2x for- og bagside med logo<br \/>\n2x sidedel uden logo<\/p>\n<p><strong>Bem\u00e6rk:<\/strong> Delene leveres som et s\u00e6t eller som et plug-in-system. Der er ikke behov for limning.<\/p>\n<p><span data-text-color=\"alert\"><strong>OBS:<\/strong><\/span> Saml delene omhyggeligt, da nogle af forbindelserne er f\u00f8lsomme.<\/p>\n<p><strong>Beskrivelse:<\/strong> Myretuen er udviklet, s\u00e5 ANTCUBE-myretuen kan placeres i en h\u00f8jde, der passer til myretuenes tilslutningsh\u00f8jde. Det g\u00f8r det muligt at bruge et formicarium p\u00e5 en meget mere pladsbesparende m\u00e5de med et kortere stykke r\u00f8r som forbindelse mellem myrefarmen og myrearenaen. Det g\u00f8r det ogs\u00e5 muligt at bruge vores krystalklare akrylmyreslanger som forbindelse uden at skulle arbejde med b\u00f8jninger.<\/p>\n<p><strong>Anvendelse:<\/strong> til myrearena med <strong>gulvareal 20x20cm<\/strong><\/p>\n<\/div>","protected":false},"excerpt":{"rendered":"<p>Til myretue med et gulvareal p\u00e5 20x20 cm<\/p>","protected":false},"featured_media":6586,"comment_status":"open","ping_status":"closed","template":"","meta":{"_acf_changed":false,"content-type":"","_monsterinsights_skip_tracking":false,"_monsterinsights_sitenote_active":false,"_monsterinsights_sitenote_note":"","_monsterinsights_sitenote_category":0},"product_brand":[],"product_cat":[119,239],"product_tag":[],"class_list":{"0":"post-6668","1":"product","2":"type-product","3":"status-publish","4":"has-post-thumbnail","6":"product_cat-formicarium-components","7":"product_cat-useful-additions","9":"first","10":"instock","11":"taxable","12":"shipping-taxable","13":"purchasable","14":"product-type-simple"},"acf":[],"aioseo_notices":[],"jetpack_sharing_enabled":true,"_links":{"self":[{"href":"https:\/\/antcube.shop\/da\/wp-json\/wp\/v2\/product\/6668","targetHints":{"allow":["GET"]}}],"collection":[{"href":"https:\/\/antcube.shop\/da\/wp-json\/wp\/v2\/product"}],"about":[{"href":"https:\/\/antcube.shop\/da\/wp-json\/wp\/v2\/types\/product"}],"replies":[{"embeddable":true,"href":"https:\/\/antcube.shop\/da\/wp-json\/wp\/v2\/comments?post=6668"}],"wp:featuredmedia":[{"embeddable":true,"href":"https:\/\/antcube.shop\/da\/wp-json\/wp\/v2\/media\/6586"}],"wp:attachment":[{"href":"https:\/\/antcube.shop\/da\/wp-json\/wp\/v2\/media?parent=6668"}],"wp:term":[{"taxonomy":"product_brand","embeddable":true,"href":"https:\/\/antcube.shop\/da\/wp-json\/wp\/v2\/product_brand?post=6668"},{"taxonomy":"product_cat","embeddable":true,"href":"https:\/\/antcube.shop\/da\/wp-json\/wp\/v2\/product_cat?post=6668"},{"taxonomy":"product_tag","embeddable":true,"href":"https:\/\/antcube.shop\/da\/wp-json\/wp\/v2\/product_tag?post=6668"}],"curies":[{"name":"wp","href":"https:\/\/api.w.org\/{rel}","templated":true}]}}