{"id":6631,"date":"2023-12-04T15:12:05","date_gmt":"2023-12-04T14:12:05","guid":{"rendered":"https:\/\/antcube.shop\/product\/klebeklammern-transparent-2-stk\/"},"modified":"2026-04-16T17:07:30","modified_gmt":"2026-04-16T15:07:30","slug":"selvklaebende-clips-transparent-2-stk-2","status":"publish","type":"product","link":"https:\/\/antcube.shop\/da\/vare\/selvklaebende-clips-transparent-2-stk-2\/","title":{"rendered":"Selvkl\u00e6bende clips - gennemsigtige 2 stk."},"content":{"rendered":"<p><strong>Dimensioner:<\/strong> 24 x 13 mm<br \/>\n<strong>Materiale:<\/strong> Akryl<br \/>\n<strong>Antal:<\/strong> 2 stykker<\/p>\n<p><strong>Beskrivelse:<\/strong> Transparente plastclips med selvkl\u00e6bende overflade. Perfekt til at fastg\u00f8re vores r\u00f8de folier og varmem\u00e5tter p\u00e5 for- eller bagsiden af vores myrefarme. Varmem\u00e5tterne beh\u00f8ver derfor ikke at blive limet fast p\u00e5 bagsiden af myreboet, men kan s\u00e6ttes fast efter behov. P\u00e5 grund af det gennemsigtige materiale forstyrres optikken ikke.<\/p>\n<p><strong>Farve:<\/strong> gennemsigtig<\/p>","protected":false},"excerpt":{"rendered":"<p>Dimensioner: 24 x 13 mm Materiale: Akryl Antal: 2 stk. Beskrivelse: Transparente plastclips med kl\u00e6bende overflade. Perfekt til at fastg\u00f8re vores r\u00f8de folier og varmem\u00e5tter p\u00e5 forsiden eller bagsiden af vores myrefarme. Varmem\u00e5tterne beh\u00f8ver s\u00e5ledes ikke at blive limet fast p\u00e5 bagsiden af myreboet og kan","protected":false},"featured_media":6628,"comment_status":"open","ping_status":"closed","template":"","meta":{"_acf_changed":false,"content-type":"","_monsterinsights_skip_tracking":false,"_monsterinsights_sitenote_active":false,"_monsterinsights_sitenote_note":"","_monsterinsights_sitenote_category":0},"product_brand":[],"product_cat":[359,119,239],"product_tag":[],"class_list":{"0":"post-6631","1":"product","2":"type-product","3":"status-publish","4":"has-post-thumbnail","6":"product_cat-light-heat-humidity","7":"product_cat-formicarium-components","8":"product_cat-useful-additions","10":"first","11":"instock","12":"taxable","13":"shipping-taxable","14":"purchasable","15":"product-type-simple"},"acf":[],"aioseo_notices":[],"jetpack_sharing_enabled":true,"_links":{"self":[{"href":"https:\/\/antcube.shop\/da\/wp-json\/wp\/v2\/product\/6631","targetHints":{"allow":["GET"]}}],"collection":[{"href":"https:\/\/antcube.shop\/da\/wp-json\/wp\/v2\/product"}],"about":[{"href":"https:\/\/antcube.shop\/da\/wp-json\/wp\/v2\/types\/product"}],"replies":[{"embeddable":true,"href":"https:\/\/antcube.shop\/da\/wp-json\/wp\/v2\/comments?post=6631"}],"wp:featuredmedia":[{"embeddable":true,"href":"https:\/\/antcube.shop\/da\/wp-json\/wp\/v2\/media\/6628"}],"wp:attachment":[{"href":"https:\/\/antcube.shop\/da\/wp-json\/wp\/v2\/media?parent=6631"}],"wp:term":[{"taxonomy":"product_brand","embeddable":true,"href":"https:\/\/antcube.shop\/da\/wp-json\/wp\/v2\/product_brand?post=6631"},{"taxonomy":"product_cat","embeddable":true,"href":"https:\/\/antcube.shop\/da\/wp-json\/wp\/v2\/product_cat?post=6631"},{"taxonomy":"product_tag","embeddable":true,"href":"https:\/\/antcube.shop\/da\/wp-json\/wp\/v2\/product_tag?post=6631"}],"curies":[{"name":"wp","href":"https:\/\/api.w.org\/{rel}","templated":true}]}}