{"id":6581,"date":"2023-12-04T13:54:37","date_gmt":"2023-12-04T12:54:37","guid":{"rendered":"https:\/\/antcube.shop\/product\/humidity-control-ii-timer\/"},"modified":"2026-04-02T12:12:11","modified_gmt":"2026-04-02T10:12:11","slug":"fugtighedsregulering-ii-timer","status":"publish","type":"product","link":"https:\/\/antcube.shop\/da\/vare\/fugtighedsregulering-ii-timer\/","title":{"rendered":"Fugtighedskontrol II + timer"},"content":{"rendered":"<p><strong>Beskrivelse:<\/strong> Humidity Control 2 er en digital hygrostat, der ikke lader noget tilbage at \u00f8nske til en hidtil uset pris.<br \/>\nDen har to kredsl\u00f8b, der tillader forskellige indstillinger for dag og nat. Et realtidsur er integreret i enheden, s\u00e5 skiftet mellem dag og nat sker fleksibelt via klokkesl\u00e6ttet. En timer er ogs\u00e5 integreret, s\u00e5 du kan indstille to ON\/OFF-tider via uret. Den mindste tidsperiode er et minut.<br \/>\nAndre funktioner omfatter en alarmfunktion (visuel og akustisk), muligheden for at skifte fra befugtertilstand til affugtertilstand, f.eks. til brug med ventilatorer, og muligheden for at p\u00e5virke hygrostatens omskiftningstilstand. Du kan definere den afvigelse, ved hvilken hygrostaten skifter. Her kan du f.eks. v\u00e6lge en v\u00e6rdi p\u00e5 15, dvs. at befugteren kun t\u00e6ndes, n\u00e5r den m\u00e5lte luftfugtighed er 15% under setpunktet. Dette kan v\u00e6re nyttigt for at forhindre, at befugteren konstant t\u00e6nder og slukker, da luftfugtigheden ogs\u00e5 svinger i naturen.<br \/>\nEnhederne tilsluttes via Schuko-koblinger. Den maksimale omskiftningskapacitet er 1000W. Displayet viser konstant den m\u00e5lte luftfugtighed. Omr\u00e5det er 1 til 99%.<\/p>\n<p>- To kredsl\u00f8b til forskellige luftfugtighedsindstillinger dag og nat<br \/>\n- Realtidsur, tidspunkter p\u00e5 dagen er defineret af tiden<br \/>\n- Integreret timer<br \/>\n- Permanent visning af luftfugtighed<br \/>\n- Enheden kan skifte mellem befugtning og affugtning<br \/>\n- Alarmfunktion i tilf\u00e6lde af afvigelse (justerbar mellem 1% og 50% relativ luftfugtighed)<br \/>\n- Pr\u00e6cis fjernsensor<br \/>\n- Jordede stikkontakter<br \/>\n- Koblingskapacitet p\u00e5 maks. 1000<\/p>","protected":false},"excerpt":{"rendered":"<p>Beskrivelse: Humidity Control 2 er en digital hygrostat, der ikke lader noget tilbage at \u00f8nske til en hidtil uset pris. Den har to kredsl\u00f8b, der tillader forskellige indstillinger for dag og nat. Et realtidsur er integreret i enheden, s\u00e5 skift mellem dag og nat sker fleksibelt via klokkesl\u00e6ttet. En timer er","protected":false},"featured_media":6602,"comment_status":"open","ping_status":"closed","template":"","meta":{"_acf_changed":false,"content-type":"","_monsterinsights_skip_tracking":false,"_monsterinsights_sitenote_active":false,"_monsterinsights_sitenote_note":"","_monsterinsights_sitenote_category":0},"product_brand":[],"product_cat":[359,119],"product_tag":[],"class_list":{"0":"post-6581","1":"product","2":"type-product","3":"status-publish","4":"has-post-thumbnail","6":"product_cat-light-heat-humidity","7":"product_cat-formicarium-components","9":"first","10":"instock","11":"taxable","12":"shipping-taxable","13":"purchasable","14":"product-type-simple"},"acf":[],"aioseo_notices":[],"jetpack_sharing_enabled":true,"_links":{"self":[{"href":"https:\/\/antcube.shop\/da\/wp-json\/wp\/v2\/product\/6581","targetHints":{"allow":["GET"]}}],"collection":[{"href":"https:\/\/antcube.shop\/da\/wp-json\/wp\/v2\/product"}],"about":[{"href":"https:\/\/antcube.shop\/da\/wp-json\/wp\/v2\/types\/product"}],"replies":[{"embeddable":true,"href":"https:\/\/antcube.shop\/da\/wp-json\/wp\/v2\/comments?post=6581"}],"wp:featuredmedia":[{"embeddable":true,"href":"https:\/\/antcube.shop\/da\/wp-json\/wp\/v2\/media\/6602"}],"wp:attachment":[{"href":"https:\/\/antcube.shop\/da\/wp-json\/wp\/v2\/media?parent=6581"}],"wp:term":[{"taxonomy":"product_brand","embeddable":true,"href":"https:\/\/antcube.shop\/da\/wp-json\/wp\/v2\/product_brand?post=6581"},{"taxonomy":"product_cat","embeddable":true,"href":"https:\/\/antcube.shop\/da\/wp-json\/wp\/v2\/product_cat?post=6581"},{"taxonomy":"product_tag","embeddable":true,"href":"https:\/\/antcube.shop\/da\/wp-json\/wp\/v2\/product_tag?post=6581"}],"curies":[{"name":"wp","href":"https:\/\/api.w.org\/{rel}","templated":true}]}}