{"id":6580,"date":"2023-12-04T13:54:31","date_gmt":"2023-12-04T12:54:31","guid":{"rendered":"https:\/\/antcube.shop\/product\/thermo-control-pro-ii\/"},"modified":"2026-02-14T18:04:10","modified_gmt":"2026-02-14T17:04:10","slug":"termokontrol-pro-ii","status":"publish","type":"product","link":"https:\/\/antcube.shop\/da\/vare\/termokontrol-pro-ii\/","title":{"rendered":"Thermo Control Pro II"},"content":{"rendered":"<p><strong>Beskrivelse:<\/strong> Thermo Control PRO II er en videreudvikling af Thermo Control II. De vigtigste forskelle er et realtidsur og to temperaturkredsl\u00f8b, s\u00e5 der kan indstilles forskellige temperaturer for dag og nat. Skiftet mellem dag- og natdrift er tidsstyret.<br \/>\nI mods\u00e6tning til Thermo Control II kan tiden indstilles i minutter for timeren p\u00e5 denne model. Der er to mulige ON\/OFF-tider.<br \/>\nDerudover kan enheden skiftes mellem varme- og k\u00f8letilstand, f.eks. til drift af ventilatorer. N\u00e5r den indstillede temperatur er n\u00e5et, t\u00e6nder termostaten i stedet for at slukke.<br \/>\nDen maksimale omskiftningskapacitet er 1000W. Temperaturomr\u00e5de fra 0-50 \u00b0C.<\/p>\n<p>- To omskifterkredsl\u00f8b til forskellige dag- og natindstillinger<br \/>\n- Realtidsur, tidspunkter p\u00e5 dagen er defineret af tiden<br \/>\n- Integreret timer<br \/>\n- Permanent temperaturvisning<br \/>\n- Kan skifte mellem varme- og k\u00f8letilstand<br \/>\n- Alarmfunktion i tilf\u00e6lde af afvigelse (justerbar mellem 1\u00b0C og 15\u00b0C)<br \/>\n- 2 m lang fjernsensor, ogs\u00e5 velegnet til akvarier<br \/>\n- Jordede stikkontakter<br \/>\n- Koblingskapacitet p\u00e5 maks. 1000 watt<\/p>\n<p>- Anbefales til brug sammen med varmem\u00e5tter, varmekabler, varmesten og keramiske varmestr\u00e5lere for at forhindre overophedning i terrariet.<\/p>\n<p><strong>Weblink:<\/strong> http:\/\/www.antstore.net\/viewtopic.php?f=18&amp;p=108893<\/p>","protected":false},"excerpt":{"rendered":"<p>Beskrivelse: Thermo Control PRO II er en videreudvikling af Thermo Control II. De vigtigste forskelle er et realtidsur og to temperaturkredsl\u00f8b, s\u00e5 der kan indstilles forskellige temperaturer for dag og nat. Skiftet mellem dag- og natdrift er tidsstyret. I mods\u00e6tning til Thermo Control II kan tiden indstilles til","protected":false},"featured_media":6600,"comment_status":"open","ping_status":"closed","template":"","meta":{"_acf_changed":false,"content-type":"","_monsterinsights_skip_tracking":false,"_monsterinsights_sitenote_active":false,"_monsterinsights_sitenote_note":"","_monsterinsights_sitenote_category":0},"product_brand":[],"product_cat":[359,119],"product_tag":[],"class_list":{"0":"post-6580","1":"product","2":"type-product","3":"status-publish","4":"has-post-thumbnail","6":"product_cat-light-heat-humidity","7":"product_cat-formicarium-components","9":"first","10":"outofstock","11":"taxable","12":"shipping-taxable","13":"purchasable","14":"product-type-simple"},"acf":[],"aioseo_notices":[],"jetpack_sharing_enabled":true,"_links":{"self":[{"href":"https:\/\/antcube.shop\/da\/wp-json\/wp\/v2\/product\/6580","targetHints":{"allow":["GET"]}}],"collection":[{"href":"https:\/\/antcube.shop\/da\/wp-json\/wp\/v2\/product"}],"about":[{"href":"https:\/\/antcube.shop\/da\/wp-json\/wp\/v2\/types\/product"}],"replies":[{"embeddable":true,"href":"https:\/\/antcube.shop\/da\/wp-json\/wp\/v2\/comments?post=6580"}],"wp:featuredmedia":[{"embeddable":true,"href":"https:\/\/antcube.shop\/da\/wp-json\/wp\/v2\/media\/6600"}],"wp:attachment":[{"href":"https:\/\/antcube.shop\/da\/wp-json\/wp\/v2\/media?parent=6580"}],"wp:term":[{"taxonomy":"product_brand","embeddable":true,"href":"https:\/\/antcube.shop\/da\/wp-json\/wp\/v2\/product_brand?post=6580"},{"taxonomy":"product_cat","embeddable":true,"href":"https:\/\/antcube.shop\/da\/wp-json\/wp\/v2\/product_cat?post=6580"},{"taxonomy":"product_tag","embeddable":true,"href":"https:\/\/antcube.shop\/da\/wp-json\/wp\/v2\/product_tag?post=6580"}],"curies":[{"name":"wp","href":"https:\/\/api.w.org\/{rel}","templated":true}]}}