{"id":6579,"date":"2023-12-04T13:54:25","date_gmt":"2023-12-04T12:54:25","guid":{"rendered":"https:\/\/antcube.shop\/product\/thermo-control-ii-timer\/"},"modified":"2026-04-09T15:04:50","modified_gmt":"2026-04-09T13:04:50","slug":"termokontrol-ii-timer","status":"publish","type":"product","link":"https:\/\/antcube.shop\/da\/vare\/termokontrol-ii-timer\/","title":{"rendered":"Thermo Control II + Timer"},"content":{"rendered":"<p><strong>Beskrivelse:<\/strong> I efterf\u00f8lgeren til de popul\u00e6re Thermo Control-termostater er det kun prisen, der minder om en indgangsmodel.<br \/>\nThermo Control 2 er en digital termostat med et temperaturomr\u00e5de p\u00e5 0-50 \u00b0C. Den fungerer ogs\u00e5 som et termometer takket v\u00e6re displayet med konstant temperatur.<br \/>\nVarmeapparater med en maksimal samlet effekt p\u00e5 1200 W kan tilsluttes via en Schuko-kobling. En anden Schuko-kobling styres via en integreret timerfunktion, som kan bruges til at indstille driftstiderne for f.eks. belysning eller ventilatorer. Sensoren er egnet til m\u00e5linger i luft og vand og tilsluttes termostaten via et kabel, ligesom koblingen og str\u00f8mforsyningsenheden.<br \/>\nDerudover har Thermo Control 2 en alarmfunktion, der giver en visuel og akustisk advarsel, hvis temperaturen overskrider eller falder under den \u00f8nskede temperatur (v\u00e6rdier kan indstilles mellem 1\u00b0C og 5\u00b0C).<br \/>\nEn enhed, som intet terrarium b\u00f8r v\u00e6re foruden!<\/p>\n<p>- Med timer, der kan bruges separat, f.eks. til lys eller ventilation<br \/>\n- Alarmfunktion i tilf\u00e6lde af temperaturafvigelse (justerbar mellem 1\u00b0C og 5\u00b0C)<br \/>\n- Visning af den m\u00e5lte temperatur<br \/>\n- 2 m lang fjernsensor, ogs\u00e5 velegnet til akvarier<br \/>\n- Jordede stikkontakter<br \/>\n- 1200 watt afbryderkapacitet<\/p>\n<p>- Anbefales til brug sammen med varmem\u00e5tter, varmekabler, varmesten og keramiske varmestr\u00e5lere for at forhindre overophedning i terrariet.<\/p>\n<p><strong>Weblink:<\/strong> http:\/\/www.antstore.net\/viewtopic.php?f=18&amp;p=108893<\/p>","protected":false},"excerpt":{"rendered":"<p>Beskrivelse: I efterf\u00f8lgeren til de popul\u00e6re Thermo Control-termostater er det kun prisen, der minder om en indgangsmodel. Thermo Control 2 er en digital termostat med et temperaturomr\u00e5de p\u00e5 0-50 \u00b0C. Den fungerer ogs\u00e5 som et termometer takket v\u00e6re det konstante temperaturdisplay. Varmelegemer med en maksimal samlet effekt p\u00e5 1200W kan","protected":false},"featured_media":6598,"comment_status":"open","ping_status":"closed","template":"","meta":{"_acf_changed":false,"content-type":"","_monsterinsights_skip_tracking":false,"_monsterinsights_sitenote_active":false,"_monsterinsights_sitenote_note":"","_monsterinsights_sitenote_category":0},"product_brand":[],"product_cat":[359,119],"product_tag":[],"class_list":{"0":"post-6579","1":"product","2":"type-product","3":"status-publish","4":"has-post-thumbnail","6":"product_cat-light-heat-humidity","7":"product_cat-formicarium-components","9":"first","10":"instock","11":"taxable","12":"shipping-taxable","13":"purchasable","14":"product-type-simple"},"acf":[],"aioseo_notices":[],"jetpack_sharing_enabled":true,"_links":{"self":[{"href":"https:\/\/antcube.shop\/da\/wp-json\/wp\/v2\/product\/6579","targetHints":{"allow":["GET"]}}],"collection":[{"href":"https:\/\/antcube.shop\/da\/wp-json\/wp\/v2\/product"}],"about":[{"href":"https:\/\/antcube.shop\/da\/wp-json\/wp\/v2\/types\/product"}],"replies":[{"embeddable":true,"href":"https:\/\/antcube.shop\/da\/wp-json\/wp\/v2\/comments?post=6579"}],"wp:featuredmedia":[{"embeddable":true,"href":"https:\/\/antcube.shop\/da\/wp-json\/wp\/v2\/media\/6598"}],"wp:attachment":[{"href":"https:\/\/antcube.shop\/da\/wp-json\/wp\/v2\/media?parent=6579"}],"wp:term":[{"taxonomy":"product_brand","embeddable":true,"href":"https:\/\/antcube.shop\/da\/wp-json\/wp\/v2\/product_brand?post=6579"},{"taxonomy":"product_cat","embeddable":true,"href":"https:\/\/antcube.shop\/da\/wp-json\/wp\/v2\/product_cat?post=6579"},{"taxonomy":"product_tag","embeddable":true,"href":"https:\/\/antcube.shop\/da\/wp-json\/wp\/v2\/product_tag?post=6579"}],"curies":[{"name":"wp","href":"https:\/\/api.w.org\/{rel}","templated":true}]}}