{"id":6577,"date":"2023-12-04T13:54:13","date_gmt":"2023-12-04T12:54:13","guid":{"rendered":"https:\/\/antcube.shop\/product\/ameisenarena-nebler-gros\/"},"modified":"2026-04-20T09:57:43","modified_gmt":"2026-04-20T07:57:43","slug":"myrearena-fogger-stor","status":"publish","type":"product","link":"https:\/\/antcube.shop\/da\/vare\/myrearena-fogger-stor\/","title":{"rendered":"Myrearena - t\u00e5ge - stor"},"content":{"rendered":"<p><strong>Indhold:<\/strong><br \/>\n- Fogger<br \/>\n- Matchende stik med 22 mm hul til fastg\u00f8relse af slangen til myrebaned\u00e6kslet<br \/>\n- Forl\u00e6ngelig slange<\/p>\n<p><strong>Materiale:<\/strong> plast<\/p>\n<p><strong>Farve:<\/strong> sort<\/p>\n<p>Tekniske detaljer:<br \/>\nSp\u00e6nding: AC 120-240 V - 50\/60 Hz<br \/>\nKabell\u00e6ngde: 1,20 m<br \/>\nVandtankens kapacitet: 4L<br \/>\nSlangel\u00e6ngde: kan forl\u00e6nges individuelt mellem 40 og 160 cm<br \/>\nGenerering af t\u00e5ge: 150-300 ml\/t<br \/>\nMaksimal t\u00e5geh\u00f8jde: 2 m med slange<br \/>\nSt\u00f8jfri<\/p>\n<p>Beskrivelse:<br \/>\nFor at fugte en myrearena kan denne fogger tilsluttes direkte til myrernes arenad\u00e6ksel.<\/p>\n<p>&nbsp;<\/p>\n<p>&nbsp;<\/p>\n<p>Bem\u00e6rk: 20.01.2025 Produktopdatering - ny model<\/p>","protected":false},"excerpt":{"rendered":"<p>Indhold: - Fogger - Matchende stik med 22 mm hul til fastg\u00f8relse af slangen til myretuen - Forl\u00e6ngbar slange Materiale: plast Farve: sort Tekniske detaljer: Sp\u00e6nding: AC 120-240 V - 50\/60 Hz Kabell\u00e6ngde: 1,20 m Vandtankens kapacitet: 4L Slangel\u00e6ngde: kan forl\u00e6nges individuelt mellem 40 og 160 cm T\u00e5geproduktion: 150-300 ml\/t Maksimal [...]","protected":false},"featured_media":10944,"comment_status":"open","ping_status":"closed","template":"","meta":{"_acf_changed":false,"content-type":"","_monsterinsights_skip_tracking":false,"_monsterinsights_sitenote_active":false,"_monsterinsights_sitenote_note":"","_monsterinsights_sitenote_category":0},"product_brand":[],"product_cat":[359,119,239],"product_tag":[],"class_list":{"0":"post-6577","1":"product","2":"type-product","3":"status-publish","4":"has-post-thumbnail","6":"product_cat-light-heat-humidity","7":"product_cat-formicarium-components","8":"product_cat-useful-additions","10":"first","11":"instock","12":"taxable","13":"shipping-taxable","14":"purchasable","15":"product-type-simple"},"acf":[],"aioseo_notices":[],"jetpack_sharing_enabled":true,"_links":{"self":[{"href":"https:\/\/antcube.shop\/da\/wp-json\/wp\/v2\/product\/6577","targetHints":{"allow":["GET"]}}],"collection":[{"href":"https:\/\/antcube.shop\/da\/wp-json\/wp\/v2\/product"}],"about":[{"href":"https:\/\/antcube.shop\/da\/wp-json\/wp\/v2\/types\/product"}],"replies":[{"embeddable":true,"href":"https:\/\/antcube.shop\/da\/wp-json\/wp\/v2\/comments?post=6577"}],"wp:featuredmedia":[{"embeddable":true,"href":"https:\/\/antcube.shop\/da\/wp-json\/wp\/v2\/media\/10944"}],"wp:attachment":[{"href":"https:\/\/antcube.shop\/da\/wp-json\/wp\/v2\/media?parent=6577"}],"wp:term":[{"taxonomy":"product_brand","embeddable":true,"href":"https:\/\/antcube.shop\/da\/wp-json\/wp\/v2\/product_brand?post=6577"},{"taxonomy":"product_cat","embeddable":true,"href":"https:\/\/antcube.shop\/da\/wp-json\/wp\/v2\/product_cat?post=6577"},{"taxonomy":"product_tag","embeddable":true,"href":"https:\/\/antcube.shop\/da\/wp-json\/wp\/v2\/product_tag?post=6577"}],"curies":[{"name":"wp","href":"https:\/\/api.w.org\/{rel}","templated":true}]}}