{"id":6576,"date":"2023-12-04T13:54:06","date_gmt":"2023-12-04T12:54:06","guid":{"rendered":"https:\/\/antcube.shop\/product\/ameisenarena-nebler-klein\/"},"modified":"2026-04-07T13:49:49","modified_gmt":"2026-04-07T11:49:49","slug":"myrearena-fogger-lille","status":"publish","type":"product","link":"https:\/\/antcube.shop\/da\/vare\/myrearena-fogger-lille\/","title":{"rendered":"Myrearena - fogger - lille"},"content":{"rendered":"<p><strong>Indhold:<\/strong><br \/>\n- Fogger<br \/>\n- Matchende stik med 22 mm hul til fastg\u00f8relse af slangen til myrebaned\u00e6kslet<br \/>\n- Forl\u00e6ngelig slange<\/p>\n<p><strong>Materiale:<\/strong> plast<\/p>\n<p><strong>Farve:<\/strong> sort\/hvid<\/p>\n<p><strong>Tekniske specifikationer:<\/strong><br \/>\nSp\u00e6nding: 230V<br \/>\nEffekt: 15W (30ml\/t)<br \/>\nKabell\u00e6ngde: 1,40 m<br \/>\nVandtankens kapacitet: 360 ml<br \/>\nTilslutning: Euro-stik<br \/>\nSlangel\u00e6ngde: 60 cm -&gt; kan forl\u00e6nges<\/p>\n<p><strong>Beskrivelse:<\/strong><br \/>\nFor at fugte en myrearena kan denne fogger s\u00e6ttes direkte ind i myrearenaens l\u00e5g.<br \/>\nDen lille Ameisenarena fogger er designet til befugtning af sm\u00e5 terrarier. I denne model er teknologien gjort meget enklere, hvilket giver mulighed for meget mere problemfri drift. Vandet suges ud ved hj\u00e6lp af kapill\u00e6rkraften i en filtpatron. Den kan udskiftes med et par enkle trin, hvilket b\u00f8r g\u00f8res regelm\u00e6ssigt af hygiejniske \u00e5rsager. Den producerede t\u00e5ge ledes automatisk gennem slangen ved hj\u00e6lp af et genialt dysedesign uden behov for en ekstra ventilator. Det reducerer igen risikoen for fejl betydeligt. T\u00e5gekapaciteten er ca. 30 ml\/t. Tanken kan maksimalt rumme 360 ml. Super Fog Nano II kan styres via en timer eller en hygrostat. Takket v\u00e6re den bev\u00e6gelige og udtr\u00e6kkelige slange kan Super Fog Nano II tilpasses ethvert terrarium. En ny funktion er, at membranen nu kan udskiftes af slutbrugeren med blot et par enkle trin. Alle andre dele er ogs\u00e5 tilg\u00e6ngelige som reservedele, hvilket g\u00f8r Super Fog Nano II til en b\u00e6redygtig enhed.<\/p>\n<p><strong>Hack:<\/strong><br \/>\nHvis du har brug for en l\u00e6ngere slange, kan vores 20\/16 mm slange (art. 1000107) s\u00e6ttes p\u00e5 t\u00e5geforst\u00f8veren. Du skal ogs\u00e5 bruge formicariumpropper til 50 mm med et hul p\u00e5 20 mm (art. 1005033 + 20 mm). V\u00e6r dog opm\u00e6rksom p\u00e5, at jo l\u00e6ngere slangen er, jo mindre t\u00e5ge vil n\u00e5 ned i formicariet.<\/p>\n<p>&nbsp;<\/p>","protected":false},"excerpt":{"rendered":"<p>Indhold: - Fogger - Matchende stik med hul til fastg\u00f8relse af slangen til myretuens d\u00e6ksel - Forl\u00e6ngelig slange Materiale: plast Farve: sort\/hvid Tekniske specifikationer: Sp\u00e6nding: 230V Effekt: 15W (30ml\/t) Kabell\u00e6ngde: 1,40 m Vandtankens kapacitet: 360ml Tilslutning: Eurostik Slangel\u00e6ngde: 60 cm -&gt; kan forl\u00e6nges Beskrivelse: Til befugtning af en myr [...]","protected":false},"featured_media":6603,"comment_status":"open","ping_status":"closed","template":"","meta":{"_acf_changed":false,"content-type":"","_monsterinsights_skip_tracking":false,"_monsterinsights_sitenote_active":false,"_monsterinsights_sitenote_note":"","_monsterinsights_sitenote_category":0},"product_brand":[],"product_cat":[359,119],"product_tag":[],"class_list":{"0":"post-6576","1":"product","2":"type-product","3":"status-publish","4":"has-post-thumbnail","6":"product_cat-light-heat-humidity","7":"product_cat-formicarium-components","9":"first","10":"instock","11":"taxable","12":"shipping-taxable","13":"purchasable","14":"product-type-simple"},"acf":[],"aioseo_notices":[],"jetpack_sharing_enabled":true,"_links":{"self":[{"href":"https:\/\/antcube.shop\/da\/wp-json\/wp\/v2\/product\/6576","targetHints":{"allow":["GET"]}}],"collection":[{"href":"https:\/\/antcube.shop\/da\/wp-json\/wp\/v2\/product"}],"about":[{"href":"https:\/\/antcube.shop\/da\/wp-json\/wp\/v2\/types\/product"}],"replies":[{"embeddable":true,"href":"https:\/\/antcube.shop\/da\/wp-json\/wp\/v2\/comments?post=6576"}],"wp:featuredmedia":[{"embeddable":true,"href":"https:\/\/antcube.shop\/da\/wp-json\/wp\/v2\/media\/6603"}],"wp:attachment":[{"href":"https:\/\/antcube.shop\/da\/wp-json\/wp\/v2\/media?parent=6576"}],"wp:term":[{"taxonomy":"product_brand","embeddable":true,"href":"https:\/\/antcube.shop\/da\/wp-json\/wp\/v2\/product_brand?post=6576"},{"taxonomy":"product_cat","embeddable":true,"href":"https:\/\/antcube.shop\/da\/wp-json\/wp\/v2\/product_cat?post=6576"},{"taxonomy":"product_tag","embeddable":true,"href":"https:\/\/antcube.shop\/da\/wp-json\/wp\/v2\/product_tag?post=6576"}],"curies":[{"name":"wp","href":"https:\/\/api.w.org\/{rel}","templated":true}]}}