{"id":6572,"date":"2023-12-04T11:34:48","date_gmt":"2023-12-04T10:34:48","guid":{"rendered":"https:\/\/antcube.shop\/product\/arena-vase-10x10cm-aus-glas\/"},"modified":"2026-03-30T10:30:50","modified_gmt":"2026-03-30T08:30:50","slug":"arena-vase-10x10cm-lavet-af-glas","status":"publish","type":"product","link":"https:\/\/antcube.shop\/da\/vare\/arena-vase-10x10cm-lavet-af-glas\/","title":{"rendered":"Arena-vase 10x10cm af glas"},"content":{"rendered":"<p><strong>Dimensioner:<\/strong> 10\u00d710,4 cm<\/p>\n<p><strong>Materiale:<\/strong> glas, PMMA<\/p>\n<p><strong>Farve:<\/strong> krystalklar, gennemskinnelig, gennemsigtig<\/p>\n<p><strong>Indhold:<\/strong><br \/>\n1x glasvase 10x10cm<br \/>\n1x l\u00e5g 10\u00d70,4 cm<\/p>\n<p><strong>Beskrivelse:<\/strong> Arena-vasen er udviklet til fodring af kolonier af bladsk\u00e6rermyrer af sl\u00e6gten Atta eller Acromyrmex. Det aftagelige akryll\u00e5g med huller og \u00e5bninger til at arrangere og fastholde grene af foderplanter placeres ganske enkelt p\u00e5 vasen. Vasen hj\u00e6lper med at holde foderplanterne friske i l\u00e6ngere tid og \u00f8ger samtidig fugtigheden i formicariet gennem konstant fordampning af vandet i reservoiret.<\/p>","protected":false},"excerpt":{"rendered":"<p>Dimensioner: 10x10,4cm Materiale: glas, PMMA Farve: krystalklar, gennemskinnelig, gennemsigtig Indhold: 1x glasvase 10x10cm 1x l\u00e5g 10x0,4cm Beskrivelse: Arena-vasen er udviklet til fodring af kolonier af bladsk\u00e6rermyrer af sl\u00e6gten Atta eller Acromyrmex. Det aftagelige akryll\u00e5g med huller og slidser til at arrangere og holde grene af foderplanter placeres simpelthen p\u00e5","protected":false},"featured_media":6587,"comment_status":"open","ping_status":"closed","template":"","meta":{"_acf_changed":false,"content-type":"","_monsterinsights_skip_tracking":false,"_monsterinsights_sitenote_active":false,"_monsterinsights_sitenote_note":"","_monsterinsights_sitenote_category":0},"product_brand":[],"product_cat":[115,118],"product_tag":[],"class_list":{"0":"post-6572","1":"product","2":"type-product","3":"status-publish","4":"has-post-thumbnail","6":"product_cat-food-and-feeding","7":"product_cat-feeding-bowls","9":"first","10":"instock","11":"taxable","12":"shipping-taxable","13":"purchasable","14":"product-type-simple"},"acf":[],"aioseo_notices":[],"jetpack_sharing_enabled":true,"_links":{"self":[{"href":"https:\/\/antcube.shop\/da\/wp-json\/wp\/v2\/product\/6572","targetHints":{"allow":["GET"]}}],"collection":[{"href":"https:\/\/antcube.shop\/da\/wp-json\/wp\/v2\/product"}],"about":[{"href":"https:\/\/antcube.shop\/da\/wp-json\/wp\/v2\/types\/product"}],"replies":[{"embeddable":true,"href":"https:\/\/antcube.shop\/da\/wp-json\/wp\/v2\/comments?post=6572"}],"wp:featuredmedia":[{"embeddable":true,"href":"https:\/\/antcube.shop\/da\/wp-json\/wp\/v2\/media\/6587"}],"wp:attachment":[{"href":"https:\/\/antcube.shop\/da\/wp-json\/wp\/v2\/media?parent=6572"}],"wp:term":[{"taxonomy":"product_brand","embeddable":true,"href":"https:\/\/antcube.shop\/da\/wp-json\/wp\/v2\/product_brand?post=6572"},{"taxonomy":"product_cat","embeddable":true,"href":"https:\/\/antcube.shop\/da\/wp-json\/wp\/v2\/product_cat?post=6572"},{"taxonomy":"product_tag","embeddable":true,"href":"https:\/\/antcube.shop\/da\/wp-json\/wp\/v2\/product_tag?post=6572"}],"curies":[{"name":"wp","href":"https:\/\/api.w.org\/{rel}","templated":true}]}}