{"id":6570,"date":"2023-12-04T11:34:35","date_gmt":"2023-12-04T10:34:35","guid":{"rendered":"https:\/\/antcube.shop\/product\/ameisen-treppenhaus-30cm\/"},"modified":"2026-04-20T16:40:47","modified_gmt":"2026-04-20T14:40:47","slug":"myretrappe-30cm","status":"publish","type":"product","link":"https:\/\/antcube.shop\/da\/vare\/myretrappe-30cm\/","title":{"rendered":"Myretrappe 30 cm"},"content":{"rendered":"<p><strong>Dimensioner:<\/strong> 5x5x30cm<\/p>\n<p><strong>Materiale:<\/strong> PMMA<\/p>\n<p><strong>Farve:<\/strong> krystalklar, gennemskinnelig, gennemsigtig<\/p>\n<p><strong>Indhold:<\/strong><br \/>\n1x myretrappe 30 cm<br \/>\n2x akrylplade til valgfri v\u00e6gmontering<\/p>\n<p>1x pude til myretrappe<\/p>\n<p><strong>Bem\u00e6rk: <\/strong>Delene leveres som et f\u00e6rdigsamlet produkt. For at montere v\u00e6gbeslaget skal du blot l\u00f8sne akrylskruerne i toppen og bunden og fjerne basen. S\u00e6t de to akrylplader fast igen med skruerne 1x i toppen og 1x i bunden.<\/p>\n<p><strong>Forbindelse:<\/strong> 2x slange 20\/16 mm (udvendigt) eller slange 14\/10 mm (indvendigt) eller 24\/20 (udvendigt 2. tilslutningstrin)<\/p>\n<p><strong>Beskrivelse:<\/strong> Myretrappen bruges til at bygge bro over h\u00f8jden fra arenaen til myrefarmen.<\/p>\n<p><strong>Anvendelse:<\/strong> til myrefarme <strong>m\u00e5ler 30x30cm eller 60x30cm<\/strong><\/p>\n<p><span data-text-color=\"alert\"><strong>Vigtigt til brug med akrylr\u00f8r:<\/strong><\/span><br \/>\nH\u00f8jden passer ikke til vores <strong>st\u00f8rrelse XL myrefarme.<\/strong><br \/>\nTil<strong> Brug med akrylr\u00f8r<\/strong> (f.eks. myreslange - krystalklar 20mm - 1m art. nr. 1000320) i stedet for slanger, skal du bruge i alt<strong> 3x \"R\u00f8rforbindelse krystalklar til 20 mm - I\"<\/strong> (art. nr. 1005624). 1x til myretueudtaget og 2x til de to trappeudtag. For gamle myrefarme (alle k\u00f8bt f\u00f8r 12\/2023) skal der desuden skubbes en \"transparent fleksibel t\u00e6tningsring\" (varenr. 1001437) p\u00e5 myrefarmsudtaget. Ellers sidder \"Pipe connector crystal clear for 20mm - I\" (art. nr. 1005624) for l\u00f8st p\u00e5 myretuen. Desuden, hvis en <strong>formicarium-pude <\/strong>bruges til myreboet eller arenaen, skal der ogs\u00e5 bruges en til trappen, da der ellers vil v\u00e6re en lille h\u00f8jdeforskel mellem trappens stik og tilslutningerne p\u00e5 myreboet og arenaen.<\/p>","protected":false},"excerpt":{"rendered":"<p>Til myrefarme, der m\u00e5ler 30x30 cm eller 60x30 cm.<\/p>","protected":false},"featured_media":6585,"comment_status":"open","ping_status":"closed","template":"","meta":{"_acf_changed":false,"content-type":"","_monsterinsights_skip_tracking":false,"_monsterinsights_sitenote_active":false,"_monsterinsights_sitenote_note":"","_monsterinsights_sitenote_category":0},"product_brand":[],"product_cat":[345,119,121,120,239],"product_tag":[],"class_list":{"0":"post-6570","1":"product","2":"type-product","3":"status-publish","4":"has-post-thumbnail","6":"product_cat-pipe-connectors","7":"product_cat-formicarium-components","8":"product_cat-connectors","9":"product_cat-hoses","10":"product_cat-useful-additions","12":"first","13":"instock","14":"taxable","15":"shipping-taxable","16":"purchasable","17":"product-type-simple"},"acf":[],"aioseo_notices":[],"jetpack_sharing_enabled":true,"_links":{"self":[{"href":"https:\/\/antcube.shop\/da\/wp-json\/wp\/v2\/product\/6570","targetHints":{"allow":["GET"]}}],"collection":[{"href":"https:\/\/antcube.shop\/da\/wp-json\/wp\/v2\/product"}],"about":[{"href":"https:\/\/antcube.shop\/da\/wp-json\/wp\/v2\/types\/product"}],"replies":[{"embeddable":true,"href":"https:\/\/antcube.shop\/da\/wp-json\/wp\/v2\/comments?post=6570"}],"wp:featuredmedia":[{"embeddable":true,"href":"https:\/\/antcube.shop\/da\/wp-json\/wp\/v2\/media\/6585"}],"wp:attachment":[{"href":"https:\/\/antcube.shop\/da\/wp-json\/wp\/v2\/media?parent=6570"}],"wp:term":[{"taxonomy":"product_brand","embeddable":true,"href":"https:\/\/antcube.shop\/da\/wp-json\/wp\/v2\/product_brand?post=6570"},{"taxonomy":"product_cat","embeddable":true,"href":"https:\/\/antcube.shop\/da\/wp-json\/wp\/v2\/product_cat?post=6570"},{"taxonomy":"product_tag","embeddable":true,"href":"https:\/\/antcube.shop\/da\/wp-json\/wp\/v2\/product_tag?post=6570"}],"curies":[{"name":"wp","href":"https:\/\/api.w.org\/{rel}","templated":true}]}}