{"id":6562,"date":"2023-12-04T11:33:43","date_gmt":"2023-12-04T10:33:43","guid":{"rendered":"https:\/\/antcube.shop\/product\/bundle-offer-messor-structor\/"},"modified":"2026-03-04T17:11:29","modified_gmt":"2026-03-04T16:11:29","slug":"bundt-tilbud-messor-structor","status":"publish","type":"product","link":"https:\/\/antcube.shop\/da\/vare\/bundt-tilbud-messor-structor\/","title":{"rendered":"Pakketilbud - Messor structor"},"content":{"rendered":"<p><span data-text-color=\"secondary\"><strong>Pakketilbud med en Messor structor-myrekoloni (dronning med 11-25 arbejdere + yngel), et starts\u00e6t Habitat Desert M med en anden myrefarm 20\u00d720 M, 3x formicariumpuder og et glas med vores s\u00e6rlige hele blancherede f\u00e5rekyllinger 10 g (fugtigt protein).<\/strong><\/span><\/p>\n<p><span data-text-color=\"alert\"><strong>Kun s\u00e5 l\u00e6nge lager haves.<\/strong><\/span><\/p>\n<p><strong>Alt hvad du skal bruge til en Messor structor-myrekoloni<\/strong><br \/>\nDenne pakke indeholder alt, hvad du skal bruge for at f\u00e5 en koloni af Messor barbarus gennem de f\u00f8rste par m\u00e5neder. Det kan udvides fleksibelt og er s\u00e6rdeles velegnet til begyndere i myrehold.<\/p>\n<p><strong>Messor structor myrearter<\/strong><br \/>\nMessor structor er en granivor (korn\u00e6dende) myreart. Den findes hovedsageligt i Sydeuropa og Middelhavsomr\u00e5det, men ogs\u00e5 i Centraleuropa, og dens udbredelsesomr\u00e5de str\u00e6kker sig s\u00e5 langt som til Iran og det sydlige Rusland. Det er ogs\u00e5 den eneste Messor-art, der findes i Tyskland. Arbejderne er lidt mindre end hos Messor barbarus, men Messor structor producerer s\u00e5kaldte major workers (den st\u00f8rste arbejderkaste) tidligere.<\/p>\n<p>Selv om Messor structor hovedsageligt findes p\u00e5 stepper, er der bestande i nogle lande, som f\u00f8ler sig mere hjemme i bjergomr\u00e5der eller endda blandede skove. Det viser denne arts store tilpasningsevne. Messor structor danner normalt polygyne kolonier (flere dronninger i en koloni), men den forekommer ogs\u00e5 monogyn (kun \u00e9n dronning pr. koloni).<\/p>\n<p>Forskere har i nogen tid fors\u00f8gt at finde ud af, om Messor structor kan have udviklet flere underarter, der forekommer i forskellige regioner, ved at analysere det genetiske materiale fra forskellige kolonier. Dette er dog endnu ikke blevet endeligt afklaret.<\/p>\n<p><strong>Rede til Messor structor<\/strong><br \/>\nMessor structor foretr\u00e6kker at bygge rede i sandet jord. Men i mods\u00e6tning til de fleste andre Messor-arter er den relativt fleksibel og kan nogle gange finde reden under sten eller p\u00e5 skyggefulde steder i mere jordagtig jord.<\/p>\n<p><strong>Mad til Messor structor<\/strong><br \/>\nSom alle Messor-arter lever Messor structor hovedsageligt af fr\u00f8, der indsamles, opbevares og forarbejdes til s\u00e5kaldt myrebr\u00f8d, som har en l\u00e6ngere holdbarhed og f\u00e5r kolonierne gennem perioder, hvor der er f\u00e6rre fr\u00f8 at finde i naturen. Protein accepteres b\u00e5de d\u00f8dt og levende. I naturen dr\u00e6ber de sm\u00e5 insekter og bruger dem til at fodre deres yngel. Sukkeropl\u00f8sning eller honning accepteres kun, hvis kolonien ikke har nok ferskvand til r\u00e5dighed til at d\u00e6kke dens fugtbehov.<\/p>\n<p><strong>De optimale klimatiske forhold for Messor structor er som f\u00f8lger:<\/strong><br \/>\n<strong>Fugtighed:<\/strong><br \/>\nArena: 30 - 50% Redeomr\u00e5de: 50 - 70%<br \/>\n<strong>Temperatur:<\/strong><br \/>\nArena: 22 - 30\u00b0C Redeomr\u00e5de: 21- 27\u00b0C<\/p>\n<p><strong>Indhold:<\/strong><\/p>\n<p>1x Messor structor myrekoloni (dronning + 11-25 arbejdere + yngel)<br \/>\n1x syrenmarmelade 25g<br \/>\n1x kornfoder minor 100g<br \/>\n1x Formicarium pude - 20x20cm<br \/>\n2x Formicarium pude - 20x6cm<\/p>\n<p>1x ANTCUBE - arena 20x20x10 - flad<br \/>\n1x ramme til myrearena 20\u00d720<br \/>\n1x d\u00e6kning af myrearena 20\u00d720<br \/>\n4x fastg\u00f8relsespunkt til arenaafd\u00e6kning<br \/>\n2x ANTCUBE - myretue - M - 20\u00d720 - st\u00e5ende<\/p>\n<p>1x 1m r\u00f8r gennemsigtig 14\/10 mm<br \/>\n2x ANTCUBE - R\u00f8d folie 20\u00d720 - filter<br \/>\n2x selvkl\u00e6bende clips - gennemsigtige 2 stk.<br \/>\n1x substrat - \u00f8rken - 1 kg<br \/>\n1x Formicarium granulat 200 ml - beige<\/p>\n<p>1x Grid cap &#8211; 10mm &#8211; stainless steel<br \/>\n2x Grid insert acrylic &#8211; 50 mm with sealing ring<br \/>\n1x Grid insert acrylic &#8211; 27 mm with sealing ring<\/p>\n<p>1x tank-slangekobling 27-14,16,20 mm - gennemsigtig<br \/>\n2x Foil thermometer &#8211; farm<br \/>\n1x Foil thermometer Display<br \/>\n1x drinking clear 5ml &#8211; sponge<br \/>\n1x Feeding dish white rectangle &#8211; 3 compartments<br \/>\n1x Beskyttelsesolie til beskyttelse mod myrer 10ml<br \/>\n1x Pincet af fjederst\u00e5l - bred - bl\u00f8d<br \/>\n1x Pincet i gennemsigtig plast<br \/>\n1x plastpipette 3ml<br \/>\n1x h\u00e5ndlup - 2x - 30mm<br \/>\n1x skumt\u00f8rrer 150x18x2,5mm<br \/>\n1x fotobagside - \u00f8rken - 20\u00d710<\/p>\n<p>&nbsp;<\/p>\n<p><strong>Beskrivelse:<\/strong><br \/>\nDette starts\u00e6t Desert er velegnet til alle arter af sl\u00e6gten Messor, der lever i \u00f8rkener, p\u00e5 stepper eller i middelhavsklimaer. Den ene af de to g\u00e5rde er beregnet til opbevaring af fr\u00f8 og myrebr\u00f8d og skal derfor holdes helt t\u00f8r for at forhindre, at de fr\u00f8\/korn, som myrerne opbevarer der, spirer eller bliver mugne.<\/p>\n<p>I den helt gennemsigtige g\u00e5rd (rede) bruges \"substrat - \u00f8rken\" til at fylde g\u00e5rden. Om n\u00f8dvendigt kan yderligere moduler tilsluttes via 50 mm hullerne i d\u00e6kslet, f.eks. de separat tilg\u00e6ngelige t\u00e5geapparater, ventilatorer eller lys. Alternativt f\u00f8lger der passende formicariumpropper med til at lukke \u00e5bningerne. Hvis det \u00f8nskes, kan formicariet ogs\u00e5 betjenes \u00e5bent ved blot at placere den aftagelige ramme ovenp\u00e5 og p\u00e5f\u00f8re myreflugtbeskyttelsesolien p\u00e5 kanten. \"Clear 20 ml drinking trough - sponge\" er beregnet til vand, \"2 ml food dispenser - dosable\" til kornfoder.<\/p>\n<p><strong>Vigtigt:<\/strong> Fugt gerne substratet f\u00f8r brug, s\u00e5 blandingen kan binde sig og f\u00e5 godt fat i myreboet. Hvis substratet er for t\u00f8rt og st\u00f8vet, kan myrernes luftveje desuden blive blokeret, og i v\u00e6rste fald kan dyrene blive kvalt.<\/p>\n<p><strong>Anbefaling:<\/strong> Vi anbefaler et substratlag med en h\u00f8jde p\u00e5 2 mm, s\u00e5 dyrene ikke kan grave sig ned i arenaen og i stedet bruger den dertil indrettede g\u00e5rd. Vi anbefaler ogs\u00e5, at redematerialet i farmen (sand\/ler, Digfix osv.) er let prikket et sted for at g\u00f8re det lettere for dyrene at grave.<\/p>\n<p><strong>Bem\u00e6rkninger om produktionen<\/strong><br \/>\nGlasset er sk\u00e5ret til i henhold til DIN 1249 med en tolerance p\u00e5 +\/- 1 mm. For ekstremt sm\u00e5 myrearter er det vigtigt med ekstra udbrudsbeskyttelse.<\/p>\n<p><strong>Bem\u00e6rkninger om bedriften<\/strong><br \/>\nN\u00e5r du monterer eller fjerner slanger, skal du v\u00e6re opm\u00e6rksom p\u00e5 f\u00f8lgende:<br \/>\nHvis det er meget sv\u00e6rt at f\u00e5 slangen til at passe p\u00e5 tilslutningsmuffen, skal muffen gnides let med en dr\u00e5be af vores olie eller pulver til beskyttelse mod udbrud. Derefter skal slangen skubbes p\u00e5 muffen med drejende eller skruende bev\u00e6gelser uden at belaste muffen med op- og nedadg\u00e5ende bev\u00e6gelser. Det samme g\u00e6lder, n\u00e5r du fjerner slangerne fra g\u00e5rdtilslutningsstudsen. Du m\u00e5 ikke bare tr\u00e6kke den af!<\/p>\n<p><strong>Noter om Cricket Jam:<\/strong><br \/>\nVores blancherede f\u00e5rekyllinger er en nem m\u00e5de at give dine myrer frisk konserveret proteinfoder p\u00e5 uden at skulle fodre med levende insekter. F\u00e5rekyllingerne (Acheta domesticus) er blevet blancheret forsigtigt for at sikre, at n\u00e6ringsv\u00e6rdier, smag og aroma bevares. Desuden bl\u00f8dg\u00f8res insekternes kitinholdige skal p\u00e5 denne m\u00e5de, s\u00e5 den lettere kan ford\u00f8jes. Bindingerne i kollagenproteinerne nedbrydes, s\u00e5 myrerne bedre kan udnytte dem. Acheta domesticus p\u00e5 d\u00e5se har samme n\u00e6ringsv\u00e6rdi som levende f\u00e5rekyllinger, men er lettere at ford\u00f8je.<\/p>\n<p>Cricket Jam er ikke egnet til at jage myrearter, der kr\u00e6ver levende f\u00f8de (f.eks. poneriner (store myrer) som Harpegnathos eller Odontomachus).<\/p>\n<p><strong>Yderligere fordele:<\/strong><br \/>\nGaranteret fri for mider<br \/>\nKan portioneres og fortyndes med vand<br \/>\nSteriliseret og vakuumpakket<br \/>\nUden tils\u00e6tningsstoffer<br \/>\nF\u00e5rekyllinger fra b\u00e6redygtigt, rent \u00f8kologisk opdr\u00e6t, fodret med organisk affald<\/p>\n<p><strong>Bem\u00e6rk:<\/strong><br \/>\nKan opbevares i k\u00f8leskabet i ca. fire dage efter \u00e5bning. L\u00e6ngere holdbarhed, hvis den fryses.<br \/>\nV\u00e6r opm\u00e6rksom: F\u00f8rst portion, derefter frysning.<\/p>","protected":false},"excerpt":{"rendered":"<p>S\u00e6ttet best\u00e5r af 38 dele<\/p>\n<p>St\u00f8rrelse: <strong>M<\/strong><\/p>","protected":false},"featured_media":7134,"comment_status":"open","ping_status":"closed","template":"","meta":{"_acf_changed":false,"content-type":"","_monsterinsights_skip_tracking":false,"_monsterinsights_sitenote_active":false,"_monsterinsights_sitenote_note":"","_monsterinsights_sitenote_category":0},"product_brand":[],"product_cat":[355,353,73],"product_tag":[],"class_list":{"0":"post-6562","1":"product","2":"type-product","3":"status-publish","4":"has-post-thumbnail","6":"product_cat-bundle-offers","7":"product_cat-starter-sets-for-harvester-ants","8":"product_cat-starter-sets","10":"first","11":"instock","12":"taxable","13":"shipping-taxable","14":"purchasable","15":"product-type-simple"},"acf":[],"aioseo_notices":[],"jetpack_sharing_enabled":true,"_links":{"self":[{"href":"https:\/\/antcube.shop\/da\/wp-json\/wp\/v2\/product\/6562","targetHints":{"allow":["GET"]}}],"collection":[{"href":"https:\/\/antcube.shop\/da\/wp-json\/wp\/v2\/product"}],"about":[{"href":"https:\/\/antcube.shop\/da\/wp-json\/wp\/v2\/types\/product"}],"replies":[{"embeddable":true,"href":"https:\/\/antcube.shop\/da\/wp-json\/wp\/v2\/comments?post=6562"}],"wp:featuredmedia":[{"embeddable":true,"href":"https:\/\/antcube.shop\/da\/wp-json\/wp\/v2\/media\/7134"}],"wp:attachment":[{"href":"https:\/\/antcube.shop\/da\/wp-json\/wp\/v2\/media?parent=6562"}],"wp:term":[{"taxonomy":"product_brand","embeddable":true,"href":"https:\/\/antcube.shop\/da\/wp-json\/wp\/v2\/product_brand?post=6562"},{"taxonomy":"product_cat","embeddable":true,"href":"https:\/\/antcube.shop\/da\/wp-json\/wp\/v2\/product_cat?post=6562"},{"taxonomy":"product_tag","embeddable":true,"href":"https:\/\/antcube.shop\/da\/wp-json\/wp\/v2\/product_tag?post=6562"}],"curies":[{"name":"wp","href":"https:\/\/api.w.org\/{rel}","templated":true}]}}