{"id":6561,"date":"2023-12-04T11:33:36","date_gmt":"2023-12-04T10:33:36","guid":{"rendered":"https:\/\/antcube.shop\/product\/bundle-offer-camponotus-barbaricus\/"},"modified":"2026-03-30T10:28:01","modified_gmt":"2026-03-30T08:28:01","slug":"samlet-tilbud-camponotus-barbaricus","status":"publish","type":"product","link":"https:\/\/antcube.shop\/da\/vare\/samlet-tilbud-camponotus-barbaricus\/","title":{"rendered":"Pakketilbud - Camponotus barbaricus"},"content":{"rendered":"<p><span data-text-color=\"secondary\"><strong>Pakketilbud med en Camponotus barbaricus-myrekoloni (dronning med 5-10 arbejdere + yngel), et starts\u00e6t Habitat Desert L med 2x formicariumpuder, et glas med vores s\u00e6rlige hele blancherede f\u00e5rekyllinger (fugtigt protein) og en honningdugblandingsp\u00e5fyldningspakke p\u00e5 10 ml.<\/strong><\/span><\/p>\n<p><span data-text-color=\"alert\"><strong>Kun s\u00e5 l\u00e6nge lager haves.<\/strong><\/span><\/p>\n<p><strong>Alt, hvad du skal bruge til en Camponotus barbaricus-myrekoloni<\/strong><br \/>\nDenne pakke indeholder alt, hvad du skal bruge for at f\u00e5 en Camponotus barbaricus-koloni gennem de f\u00f8rste m\u00e5neder. Det kan udvides fleksibelt og er s\u00e6rdeles velegnet til begyndere i myrehold.<\/p>\n<p><strong>Myrearten Camponotus barbaricus<\/strong><br \/>\nCamponotus barbaricus er en af de st\u00f8rste myrearter i Europa. De findes i Portugal, Spanien, Sicilien og uden for Europa i Marokko, Algeriet, Tunesien og Libyen. Dens kolonier er monogyne (kun \u00e9n dronning pr. koloni), og som de fleste Camponotus-arter er det en meget polymorf myreart (der danner s\u00e5kaldte kaster, dvs. mindre og st\u00f8rre arbejdere).<\/p>\n<p>I naturen kan de danne kolonier p\u00e5 flere 10.000 individer. Camponotus barbaricus forsvarer aggressivt sin rede og sit jagtomr\u00e5de og har stor succes med det p\u00e5 grund af sin st\u00f8rrelse. Majors (den st\u00f8rste kaste af arbejdere) n\u00e5r en st\u00f8rrelse p\u00e5 omkring 17 mm.<\/p>\n<p><strong>Rede til Camponotus barbaricus<\/strong><br \/>\nCamponotus barbaricus foretr\u00e6kker at bygge rede i sandet jord. I mods\u00e6tning til de fleste Camponotus-arter finder man dem sj\u00e6ldent i r\u00e5ddent tr\u00e6. Desert Starter Set, der er inkluderet i pakken, er derfor perfekt skr\u00e6ddersyet til denne arts behov.<\/p>\n<p><strong>Mad til Camponotus barbaricus<\/strong><br \/>\nI naturen lever Camponotus barbaricus hovedsageligt af insekter og honningdug. Derfor har vi inkluderet b\u00e5de vores blancherede f\u00e5rekyllinger som proteinfoder og vores honningdugblanding i denne pakke, s\u00e5 du kan tilbyde dine myrer en kost, der er s\u00e5 artstilpasset som muligt.<\/p>\n<p><strong>De optimale klimatiske forhold for Camponotus barbaricus er som f\u00f8lger:<\/strong><br \/>\n<strong>Fugtighed:<\/strong><br \/>\nArena: 30 - 50% Redeomr\u00e5de: 50 - 60%<br \/>\n<strong>Temperatur:<\/strong><br \/>\nArena: 18 - 28\u00b0C Redeomr\u00e5de: 21 - 26\u00b0C<\/p>\n<p><strong>Indhold:<\/strong><\/p>\n<p>1x Camponotus barbaricus (dronning med 1-4 arbejdere + yngel)<br \/>\n1x syrenmarmelade 25g<br \/>\n1x Honeydew mix (HT) - genopfyldningspakke 10ml<br \/>\n1x Formicarium-base - 20x20cm<br \/>\n1x Formicarium-base - 20x6cm<\/p>\n<p>1x ANTCUBE - arena 20x20x10 - flad<br \/>\n1x ramme til myrearena 20\u00d720<br \/>\n1x d\u00e6kning af myrearena 20\u00d720<br \/>\n4x fastg\u00f8relsespunkt til arenaafd\u00e6kning<br \/>\n1x ANTCUBE - Myrefarm - L - 20\u00d720 - opretst\u00e5ende<\/p>\n<p>1x 0,5 m r\u00f8r transparent 20\/16 mm<br \/>\n1x ANTCUBE - R\u00f8d folie 20\u00d720 - filter<br \/>\n1x selvkl\u00e6bende clips - gennemsigtig 2 stk.<br \/>\n1x substrat - \u00f8rken - 1 kg<br \/>\n1x Formicarium granulat 200 ml - beige<\/p>\n<p>2x Grid insert acrylic &#8211; 50 mm with sealing ring<br \/>\n1x Grid insert acrylic &#8211; 27 mm with sealing ring<br \/>\n1x gitterkappe - 16mm - rustfrit st\u00e5l<\/p>\n<p>1x tank-slangekobling 27-14,16,20 mm - gennemsigtig<br \/>\n1x Foil thermometer &#8211; farm<br \/>\n1x Foil thermometer Display<br \/>\n1x drinking clear 5ml &#8211; sponge<br \/>\n1x Feeding dish white rectangle &#8211; 3 compartments<br \/>\n1x Drinking trough 2ml &#8211; 360 Degrees<br \/>\n1x Beskyttelsesolie til beskyttelse mod myrer 10ml<br \/>\n1x Pincet af fjederst\u00e5l - bred - bl\u00f8d<br \/>\n1x Pincet i gennemsigtig plast<br \/>\n1x plastpipette 3ml<br \/>\n1x h\u00e5ndlup - 2x - 30mm<br \/>\n1x skumt\u00f8rrer 150x18x2,5mm<br \/>\n1x fotobagside - \u00f8rken - 20\u00d710<\/p>\n<p><strong>Beskrivelse:<\/strong><br \/>\nDette starts\u00e6t \u00f8rken er velegnet til alle myrearter, der lever i \u00f8rkener, stepper eller middelhavsklima.<\/p>\n<p>I den helt gennemsigtige g\u00e5rd (nest) bruges \"Soil - Desert\" til at fylde g\u00e5rden. Om n\u00f8dvendigt kan der tilsluttes yderligere moduler via 50 mm hullerne i d\u00e6kslet, f.eks. de separat tilg\u00e6ngelige t\u00e5geapparater, ventilatorer eller lys. Alternativt f\u00f8lger der passende formicariumpropper med til at lukke \u00e5bningerne. Hvis det \u00f8nskes, kan formicariet ogs\u00e5 betjenes \u00e5bent ved blot at fastg\u00f8re den aftagelige ramme og p\u00e5f\u00f8re myreflugtbeskyttelsesolie p\u00e5 kanten. \"Drinker 2ml - 360 degrees\" er beregnet til honningdugblandingen, \"Drinker clear 20ml - sponge\" til vand og \"Bowl clear 1\u00d720 - sponge\" til proteinfoderet. \"Mini thermo-hygrometer analog - display - h\u00e6ngende\" kan fastg\u00f8res til rammen eller l\u00e5get og viser klimav\u00e6rdierne.<\/p>\n<p><strong>Vigtigt:<\/strong> Fugt gerne substratet f\u00f8r brug, s\u00e5 blandingen kan binde sig og f\u00e5 godt fat i myreboet. Hvis substratet er for t\u00f8rt og st\u00f8vet, kan myrernes luftveje desuden blive blokeret, og i v\u00e6rste fald kan dyrene blive kvalt.<\/p>\n<p><strong>Anbefaling:<\/strong> Vi anbefaler et substratlag med en h\u00f8jde p\u00e5 2 mm, s\u00e5 dyrene ikke kan grave sig ned i arenaen og i stedet bruger den dertil indrettede g\u00e5rd. Vi anbefaler ogs\u00e5, at redematerialet i farmen (sand\/ler, Digfix osv.) er let prikket et sted for at g\u00f8re det lettere for dyrene at grave.<\/p>\n<p><strong>Bem\u00e6rkninger om produktionen<\/strong><br \/>\nGlasset er sk\u00e5ret til i henhold til DIN 1249 med en tolerance p\u00e5 +\/- 1 mm. For ekstremt sm\u00e5 myrearter er det vigtigt med ekstra udbrudsbeskyttelse.<\/p>\n<p><strong>Bem\u00e6rkninger om bedriften<\/strong><br \/>\nN\u00e5r du monterer eller fjerner slanger, skal du v\u00e6re opm\u00e6rksom p\u00e5 f\u00f8lgende:<br \/>\nHvis det er meget sv\u00e6rt at f\u00e5 slangen til at passe p\u00e5 tilslutningsmuffen, skal muffen gnides let med en dr\u00e5be af vores olie eller pulver til beskyttelse mod udbrud. Derefter skal slangen skubbes p\u00e5 muffen med drejende eller skruende bev\u00e6gelser uden at belaste muffen med op- og nedadg\u00e5ende bev\u00e6gelser. Det samme g\u00e6lder, n\u00e5r du fjerner slangerne fra g\u00e5rdtilslutningsstudsen. Du m\u00e5 ikke bare tr\u00e6kke den af!<\/p>\n<p><strong>Instruktioner:<\/strong> (Version 2023, den opdaterede version til 2024 vil v\u00e6re tilg\u00e6ngelig senest 04\/2024)<\/p>\n<p>- DE <a href=\"https:\/\/www.antstore.net\/shop\/images\/info\/de\/Gebrauchsanweisung%20Starter%20Set%20Habitat.pdf\">Gebrauchsanweisung Starter Set Habitat<\/a> (PDF 3,21 MB)<\/p>\n<p>- DA <a href=\"https:\/\/www.antstore.net\/shop\/images\/info\/en\/Instructions%20for%20use%20-%20Starter%20Set%20Habitat.pdf\">Brugsanvisning - Starts\u00e6t Habitat<\/a> (PDF 3,21 MB)<\/p>\n<p>- ES <a href=\"https:\/\/www.antstore.net\/shop\/images\/info\/es\/Manual%20de%20instrucciones%20-%20Set%20de%20inicio%20H%C3%A1bitat.pdf\">Manual de instrucciones - Set de inicio H\u00e1bitat<\/a> (PDF 3,21 MB)<\/p>\n<p>- FR <a href=\"https:\/\/www.antstore.net\/shop\/images\/info\/fr\/Manuel%20d'instruction%20-%20Kit%20de%20d%C3%A9marrage%20Habitat.pdf\">Manuel d'instruction - Kit de d\u00e9marrage Habitat<\/a> (PDF 3,21 MB)<\/p>\n<p><strong>Note om honningdug:<\/strong><br \/>\nIndhold: 10 ml<br \/>\nDette er et naturprodukt, som vi har forfinet efter omfattende test i vores laboratorium og udviklet til et foder, der er meget velaccepteret af myrer. \u00c5rsagen er, at uforarbejdet honningdughonning i sin koncentrerede oprindelige form ikke accepteres godt af myrer og deres stofskifte.<br \/>\nVores honningdug er indsamlet i de uforurenede, vilde bjergskove i Bulgarien. Honningdug produceres kun i en meget begr\u00e6nset periode, omkring to m\u00e5neder om sommeren. Den er derfor meget sj\u00e6lden. P\u00e5 grund af skovenes s\u00e6rlige jordbundsforhold og klimaet oplagres vigtige n\u00e6ringsstoffer i tr\u00e6ernes blade, som absorberes af bladlusene. Det er det, der g\u00f8r denne honningdugblanding s\u00e5 eftertragtet for myrer.<\/p>\n<p><strong>Anvendelse:<\/strong><br \/>\nM\u00e6ngden af mad skal indtages inden for ca. 3 dage.<\/p>\n<p><strong>Beskrivelse:<\/strong><br \/>\nI mods\u00e6tning til blomsterhonning udvindes honningdug af sekreter fra insekter, der suger p\u00e5 planter, f.eks. bladlus. Honningdug er en popul\u00e6r f\u00f8dekilde for mange insekter som myrer, bier og humlebier. Bier og humlebier slikker det af blade eller n\u00e5le fra forskellige tr\u00e6er. Myrer som Lasius niger holder bogstaveligt talt bladlusene. De forsvarer dem endda mod rovdyr og b\u00e6rer dem hen til friske skud.<\/p>\n<p>Honningdug er s\u00e6rlig popul\u00e6r blandt myrer p\u00e5 grund af dens noget anderledes bestanddele. De vigtigste sukkerarter i honningdug er saccharose og fructose, men der findes ogs\u00e5 mindre m\u00e6ngder af maltose, trehalose, melezitose, raffinose og andre oligosaccharider. Ud over sukker og vand indeholder honningdug ogs\u00e5 essentielle aminosyrer, mineraler, sporstoffer, adenosiner, fosfater og andre ingredienser s\u00e5som vitaminer.<\/p>\n<p><strong>Anvendelse:<\/strong><br \/>\nFor honningspisende myrearter (Meliphagidae)<br \/>\nDette er et tilskudsfoder<br \/>\nDet kan tilbydes dyrene, som det leveres. Da sukkerkoncentrationen reduceres af fugtigheden, og en g\u00e6ringsproces begynder, b\u00f8r foderet udskiftes hver 3. dag. Reng\u00f8r fodersk\u00e5len\/r\u00f8ret grundigt f\u00f8r genbrug.<br \/>\nN\u00e5r pakken er \u00e5bnet, skal den holdes t\u00e6t lukket indtil udl\u00f8bsdatoen.<\/p>\n<p><strong>N\u00e6ringsoplysninger pr. 100 g:<\/strong><br \/>\nca. 2,7 % fedtstoffer<br \/>\nhvoraf m\u00e6ttet ca. 0,45 %<br \/>\nca. 95 % kulhydrater<br \/>\nheraf sukker ca. 71<br \/>\nca. 2.85% protein<br \/>\nMineraler (kalium, calcium, kobber, jern, natrium, magnesium, fosfor, zink og andre sporstoffer) Aminosyrer (prolin, leucin, phenylalanin, alanin, histidin, isoleucin, glutaminsyre, arginin, asparaginsyre osv.) Organiske syrer Enzymer (fermenter) Smagsstoffer Inhibiner (antibakterielle stoffer) Blomster Pollen<\/p>\n<p><strong>Opbevaring:<\/strong><br \/>\nFor at sikre foderets kvalitet skal det opbevares m\u00f8rkt og t\u00f8rt.<\/p>\n<p><strong>Bem\u00e6rk:<\/strong><br \/>\nInformation om brugen af foderr\u00f8r kan findes her: Link<br \/>\nTilskudsfoder til honning\u00e6dende myrer.<br \/>\nSe venligst indl\u00e6gssedlen for sammens\u00e6tning, analytiske ingredienser, bedst f\u00f8r-dato og batchnummer.<\/p>\n<p>Informationshotline +49 30 439703870<\/p>\n<p>Ansvarlig veterin\u00e6r- og f\u00f8devareinspektorat:<br \/>\nSteglitz Veterin\u00e6rkontor<br \/>\nK\u00f6nigin-Luise-Str. 92<br \/>\n14195 Berlin<\/p>\n<p><strong>Bem\u00e6rk om de blancherede f\u00e5rekyllinger:<\/strong><br \/>\nVores blancherede f\u00e5rekyllinger er en nem m\u00e5de at give dine myrer frisk konserveret proteinfoder p\u00e5 uden at skulle fodre med levende insekter. F\u00e5rekyllingerne (Acheta domesticus) er blevet blancheret forsigtigt for at sikre, at n\u00e6ringsv\u00e6rdier, smag og aroma bevares. Desuden bl\u00f8dg\u00f8res insekternes kitinholdige skal p\u00e5 denne m\u00e5de, s\u00e5 den lettere kan ford\u00f8jes. Bindingerne i kollagenproteinerne nedbrydes, s\u00e5 myrerne bedre kan udnytte dem. Acheta domesticus p\u00e5 d\u00e5se har samme n\u00e6ringsv\u00e6rdi som levende f\u00e5rekyllinger, men er lettere at ford\u00f8je.<\/p>\n<p>De blancherede f\u00e5rekyllinger er ikke egnede til at jage myrearter, der kr\u00e6ver levende f\u00f8de (f.eks. poneriner (store myrer) som Harpegnathos eller Odontomachus).<\/p>\n<p><strong>Yderligere fordele:<\/strong><br \/>\nGaranteret fri for mider<br \/>\nKan portionsanrettes<br \/>\nSteriliseret og st\u00f8vsuget<br \/>\nUden tils\u00e6tningsstoffer<br \/>\nF\u00e5rekyllinger fra b\u00e6redygtigt, rent \u00f8kologisk opdr\u00e6t, fodret med organisk affald<\/p>\n<p><strong>Bem\u00e6rk venligst:<\/strong><br \/>\nKan opbevares i k\u00f8leskabet i ca. fire dage efter \u00e5bning. L\u00e6ngere holdbarhed, hvis den fryses.<\/p>","protected":false},"excerpt":{"rendered":"<p>S\u00e6ttet best\u00e5r af 34 dele<\/p>\n<p>St\u00f8rrelse: <span style=\"color: #0000ff;\"><strong>L<\/strong><\/span><\/p>","protected":false},"featured_media":7132,"comment_status":"open","ping_status":"closed","template":"","meta":{"_acf_changed":false,"content-type":"","_monsterinsights_skip_tracking":false,"_monsterinsights_sitenote_active":false,"_monsterinsights_sitenote_note":"","_monsterinsights_sitenote_category":0},"product_brand":[],"product_cat":[355,73,74],"product_tag":[],"class_list":{"0":"post-6561","1":"product","2":"type-product","3":"status-publish","4":"has-post-thumbnail","6":"product_cat-bundle-offers","7":"product_cat-starter-sets","8":"product_cat-starter-sets-habitat","10":"first","11":"instock","12":"taxable","13":"shipping-taxable","14":"purchasable","15":"product-type-simple"},"acf":[],"aioseo_notices":[],"jetpack_sharing_enabled":true,"_links":{"self":[{"href":"https:\/\/antcube.shop\/da\/wp-json\/wp\/v2\/product\/6561","targetHints":{"allow":["GET"]}}],"collection":[{"href":"https:\/\/antcube.shop\/da\/wp-json\/wp\/v2\/product"}],"about":[{"href":"https:\/\/antcube.shop\/da\/wp-json\/wp\/v2\/types\/product"}],"replies":[{"embeddable":true,"href":"https:\/\/antcube.shop\/da\/wp-json\/wp\/v2\/comments?post=6561"}],"wp:featuredmedia":[{"embeddable":true,"href":"https:\/\/antcube.shop\/da\/wp-json\/wp\/v2\/media\/7132"}],"wp:attachment":[{"href":"https:\/\/antcube.shop\/da\/wp-json\/wp\/v2\/media?parent=6561"}],"wp:term":[{"taxonomy":"product_brand","embeddable":true,"href":"https:\/\/antcube.shop\/da\/wp-json\/wp\/v2\/product_brand?post=6561"},{"taxonomy":"product_cat","embeddable":true,"href":"https:\/\/antcube.shop\/da\/wp-json\/wp\/v2\/product_cat?post=6561"},{"taxonomy":"product_tag","embeddable":true,"href":"https:\/\/antcube.shop\/da\/wp-json\/wp\/v2\/product_tag?post=6561"}],"curies":[{"name":"wp","href":"https:\/\/api.w.org\/{rel}","templated":true}]}}