{"id":6559,"date":"2023-12-04T11:33:22","date_gmt":"2023-12-04T10:33:22","guid":{"rendered":"https:\/\/antcube.shop\/product\/heizmatte-26x28cm-14w\/"},"modified":"2026-03-30T10:31:01","modified_gmt":"2026-03-30T08:31:01","slug":"varmematte-26x28cm-14w","status":"publish","type":"product","link":"https:\/\/antcube.shop\/da\/vare\/varmematte-26x28cm-14w\/","title":{"rendered":"Varmem\u00e5tte 26x28cm - 14W"},"content":{"rendered":"<p><strong>Dimensioner:<\/strong> 26 x 28 cm<\/p>\n<p><strong>Kraft:<\/strong> 14 watt<\/p>\n<p><strong>Overfladetemperatur:<\/strong> 28-32 \u00b0C<\/p>\n<p><strong>Beskrivelse:<\/strong> Varmem\u00e5tte til formicarium - s\u00e6rligt velegnet til arter fra varmere lande. Varmem\u00e5tterne udsender infrar\u00f8d str\u00e5levarme i lighed med keramiske varmestr\u00e5lere. Str\u00e5lerne opvarmer genstande og dyr uden at \u00f8ge lufttemperaturen v\u00e6sentligt. De er derfor ideelle til at skabe steder til \"solbadning\". Enhver n\u00f8dvendig temperaturgradient i formicariet kan s\u00e5ledes bedre opn\u00e5s og kontrolleres. Disse varmem\u00e5tter er selvkl\u00e6bende og kan derfor nemt fastg\u00f8res til formicariet.<\/p>\n<p><strong>Bem\u00e6rk:<\/strong> Placer aldrig varmeelementer direkte under et formicarium, det skal altid sikres, at varmen kan ledes v\u00e6k for at undg\u00e5 varmeophobning eller skader p\u00e5 formicariet.<\/p>","protected":false},"excerpt":{"rendered":"<p><strong>Dimensioner:<\/strong> 26 x 28 cm \/ Euro-stik til 230 volt<\/p>","protected":false},"featured_media":6619,"comment_status":"open","ping_status":"closed","template":"","meta":{"_acf_changed":false,"content-type":"","_monsterinsights_skip_tracking":false,"_monsterinsights_sitenote_active":false,"_monsterinsights_sitenote_note":"","_monsterinsights_sitenote_category":0},"product_brand":[],"product_cat":[359,119],"product_tag":[],"class_list":{"0":"post-6559","1":"product","2":"type-product","3":"status-publish","4":"has-post-thumbnail","6":"product_cat-light-heat-humidity","7":"product_cat-formicarium-components","9":"first","10":"instock","11":"taxable","12":"shipping-taxable","13":"purchasable","14":"product-type-simple"},"acf":[],"aioseo_notices":[],"jetpack_sharing_enabled":true,"_links":{"self":[{"href":"https:\/\/antcube.shop\/da\/wp-json\/wp\/v2\/product\/6559","targetHints":{"allow":["GET"]}}],"collection":[{"href":"https:\/\/antcube.shop\/da\/wp-json\/wp\/v2\/product"}],"about":[{"href":"https:\/\/antcube.shop\/da\/wp-json\/wp\/v2\/types\/product"}],"replies":[{"embeddable":true,"href":"https:\/\/antcube.shop\/da\/wp-json\/wp\/v2\/comments?post=6559"}],"wp:featuredmedia":[{"embeddable":true,"href":"https:\/\/antcube.shop\/da\/wp-json\/wp\/v2\/media\/6619"}],"wp:attachment":[{"href":"https:\/\/antcube.shop\/da\/wp-json\/wp\/v2\/media?parent=6559"}],"wp:term":[{"taxonomy":"product_brand","embeddable":true,"href":"https:\/\/antcube.shop\/da\/wp-json\/wp\/v2\/product_brand?post=6559"},{"taxonomy":"product_cat","embeddable":true,"href":"https:\/\/antcube.shop\/da\/wp-json\/wp\/v2\/product_cat?post=6559"},{"taxonomy":"product_tag","embeddable":true,"href":"https:\/\/antcube.shop\/da\/wp-json\/wp\/v2\/product_tag?post=6559"}],"curies":[{"name":"wp","href":"https:\/\/api.w.org\/{rel}","templated":true}]}}