{"id":6377,"date":"2023-10-06T18:09:26","date_gmt":"2023-10-06T16:09:26","guid":{"rendered":"https:\/\/antcube.shop\/product\/bundle-offer-polyrhachis-dives\/"},"modified":"2026-04-20T09:58:26","modified_gmt":"2026-04-20T07:58:26","slug":"bundt-tilbud-polyrhachis-dykker","status":"publish","type":"product","link":"https:\/\/antcube.shop\/da\/vare\/bundt-tilbud-polyrhachis-dykker\/","title":{"rendered":"Pakketilbud - Polyrhachis dyk"},"content":{"rendered":"<p dir=\"ltr\"><span data-text-color=\"alert\"><strong><span data-text-color=\"secondary\">Pakketilbud med en Polyrhachis dykkermyrekoloni (dronning med 26-50 arbejdere + yngel), et starts\u00e6t til v\u00e6vermyrer med 1x formicariumbase, 1x prydbusk og 1x redekugle som redested og 1x magnetisk platform til lettere fodring.<\/span><br \/>\n<\/strong><\/span><\/p>\n<p><span data-text-color=\"alert\"><strong>Kun s\u00e5 l\u00e6nge lager haves.<\/strong><\/span><\/p>\n<p><strong>Alt, hvad du skal bruge til en Polyrhachis dives-myrekoloni<\/strong><br \/>\nDenne pakke indeholder alt, hvad du beh\u00f8ver for at f\u00e5 en Polyrhachis dives-koloni gennem de f\u00f8rste par m\u00e5neder. Det kan udvides fleksibelt og er s\u00e6rdeles velegnet til begyndere i myrehold.<\/p>\n<p><strong>Myrearten Polyrhachis dykker:<\/strong><br \/>\nPolyrhachis dives kommer fra Asien og Australien og har et lidt st\u00f8rre udbredelsesomr\u00e5de. Karakteristisk for denne art er den s\u00f8lvfarvede til gyldne farve p\u00e5 dyrenes ellers sortbrune krop. De er noget mindre end Oecophylla, lever ofte t\u00e6t p\u00e5 jorden og kan godt lide at bygge deres reder p\u00e5 sten eller tr\u00e6bark. De bruger deres larver til at spinde reden, men fra et videnskabeligt synspunkt h\u00f8rer de ikke til de \"\u00e6gte v\u00e6vermyrer\" som Oecophylla, selvom de dybest set bruger n\u00e6sten samme v\u00e6veteknik. Arter af Polyrhachis-sl\u00e6gten har nogle gange ganske sm\u00e5 kolonier p\u00e5 h\u00f8jst et par tusinde dyr. If\u00f8lge rapporter kan Polyrhachis dives endda danne kolonier med flere hundrede dronninger og op til flere hundrede tusinde arbejdere under de perfekte forhold. Dette vil dog ikke v\u00e6re tilf\u00e6ldet, hvis man holder dem derhjemme.<\/p>\n<p>Polyrhachis dives er polygyn, hvilket betyder, at den kan have flere dronninger p\u00e5 samme tid. Det betyder, at kolonist\u00f8rrelsen kan vokse meget hurtigt, og den har brug for meget mad og plads. Derfor b\u00f8r formicariet ogs\u00e5 kunne udvides. P\u00e5 grund af deres kolonist\u00f8rrelse er de ret adr\u00e6tte og sande flugtspecialister. Man skal derfor v\u00e6re omhyggelig med at sikre en god flugtbeskyttelse.<\/p>\n<p><strong>Rede til Polyrhachis dives<\/strong><br \/>\nI formicariet vil Polyrhachis dives acceptere n\u00e6sten ethvert byggemateriale, du tilbyder den. Fra sand, sm\u00e5 dyreaffald eller blade til kork og tr\u00e6stykker til sm\u00e5 sten - de fletter alt, hvad naturen omkring deres hjem tilbyder, ind i deres reder. Vi har holdt vores Polyrhachis-kolonier i mange \u00e5r med s\u00e5kaldte redekugler. I dette s\u00e6t har vi ogs\u00e5 inkluderet en prydbusk, s\u00e5 redekuglen kan placeres en lille smule over jorden, som det er normalt i naturen.<\/p>\n<p><strong>F\u00f8de til Polyrhachis dykkere<\/strong><br \/>\nSom foder har vi i dette s\u00e6t inkluderet vores hele blancherede f\u00e5rekyllinger og honningdug. Begge dele er meget velaccepterede af Polyrhachis dives og underst\u00f8tter en naturlig og positiv udvikling af kolonien p\u00e5 grund af de indeholdte n\u00e6ringsstoffer.<\/p>\n<p><strong>De optimale klimatiske forhold for Polyrhachis-dyk er som f\u00f8lger:<\/strong><br \/>\nFugtighed:<br \/>\nArena: 50 - 70% Redeomr\u00e5de: 60 - 80%<br \/>\nTemperatur:<br \/>\nArena: Om dagen: 28 - 30\u00b0C Om natten: 24 - 28\u00b0C Redeomr\u00e5de: 28- 30\u00b0C<\/p>\n<p><strong>Indhold:<\/strong><\/p>\n<p>1x Polyrhachis dives (2 queens + 26-50 workers + brood)<br \/>\n1x redekugle natur 10 cm - grov<br \/>\n1x ANTCUBE hj\u00f8rneplatform 8\u00d78 - magnet<br \/>\n1x Dekorativ \u00f8rkenbusk 30x15cm - m\u00f8rkebrun<br \/>\n1x honningdugblanding genopfyldningspakke 10ml<br \/>\n1x syrenmarmelade 25g<br \/>\n1x Formicarium-bund 20\u00d720<\/p>\n<p>1x ANTCUBE - Arena 20x20x40 - H\u00f8j<br \/>\n1x ramme til myrearena 20\u00d720<br \/>\n1x d\u00e6kning af myrearena 20\u00d720<br \/>\n4x fastg\u00f8relsespunkt til arenaafd\u00e6kning<\/p>\n<p>1x substrat - regnskov - 1 kg<br \/>\n1x fotobagv\u00e6g - regnskov - 20\u00d740 - h\u00f8j<br \/>\nSprayflaske spr\u00f8jte 0,5 liter - messingdyse<\/p>\n<p>2x Grid insert acrylic &#8211; 50 mm with sealing ring<br \/>\n2x Grid insert acrylic &#8211; 27 mm with sealing ring<\/p>\n<p>1x pincet i fjederst\u00e5l bred - bl\u00f8d<br \/>\n1x pincet af plast standard<br \/>\n1x Plastpipette 3ml<br \/>\n1x Olie til beskyttelse mod myreudbrud 10 ml<br \/>\n1x drinking clear 5ml &#8211; sponge<br \/>\n1x Feeding dish white rectangle &#8211; 3 compartments<br \/>\n1x Drinking trough 2ml &#8211; 360 Degrees<br \/>\n1x H\u00e5ndlup - 2x - 30mm<br \/>\n1x skumt\u00f8rrer 150x18x2,5mm<\/p>\n<p>&nbsp;<\/p>\n<p><strong>Beskrivelse Starts\u00e6t med v\u00e6vermyrer:<\/strong><br \/>\nDette udvidelige starts\u00e6t til forskellige v\u00e6vermyrearter som Polyrhachis spec. eller Oecophylla spec. indeholder ikke kun det optimalt tilpassede formicarium, men ogs\u00e5 det passende tilbeh\u00f8r til at holde denne myreart. Velegnet til kolonier p\u00e5 op til ca. 500-1000 dyr. Til st\u00f8rre kolonier anbefaler vi et formicarium p\u00e5 30x30x60 cm. Drikkedunken \"klar 20 ml - svamp\" er beregnet til vand, drikkedunken \"2 ml - 360 grader\" til honningdugblandingen.<\/p>\n<p><strong>Vigtigt:<\/strong> Fugt substratet f\u00f8r brug, s\u00e5 blandingen kan binde sig og f\u00e5 et fast greb i myretuen. Desuden kan et t\u00f8rt og st\u00f8vet substrat medf\u00f8re, at myrernes luftveje blokeres og i v\u00e6rste fald f\u00e5 dyrene til at kv\u00e6les.<\/p>\n<p><strong>Bem\u00e6rkninger om produktionen<\/strong><br \/>\nGlasset er sk\u00e5ret til i overensstemmelse med DIN 1249 med en tolerance p\u00e5 +\/- 1 mm. Ekstra udbrudsbeskyttelse er afg\u00f8rende for ekstremt sm\u00e5 myrearter.<\/p>\n<p><strong>Bem\u00e6rk om de blancherede f\u00e5rekyllinger:<\/strong><br \/>\nVores blancherede f\u00e5rekyllinger er en nem m\u00e5de at give dine myrer frisk konserveret proteinfoder p\u00e5 uden at skulle fodre med levende insekter. F\u00e5rekyllingerne (Acheta domesticus) er blevet blancheret forsigtigt for at sikre, at n\u00e6ringsv\u00e6rdier, smag og aroma bevares. Desuden bl\u00f8dg\u00f8res insekternes kitinholdige skal p\u00e5 denne m\u00e5de, s\u00e5 den lettere kan ford\u00f8jes. Bindingerne i kollagenproteinerne nedbrydes, s\u00e5 myrerne bedre kan udnytte dem. Acheta domesticus p\u00e5 d\u00e5se har samme n\u00e6ringsv\u00e6rdi som levende f\u00e5rekyllinger, men er lettere at ford\u00f8je.<\/p>\n<p>De blancherede f\u00e5rekyllinger er ikke egnede til at jage myrearter, der kr\u00e6ver levende f\u00f8de (f.eks. poneriner (store myrer) som Harpegnathos eller Odontomachus).<\/p>\n<p>Yderligere fordele:<br \/>\nGaranteret fri for mider<br \/>\nKan portionsanrettes<br \/>\nSteriliseret og st\u00f8vsuget<br \/>\nUden tils\u00e6tningsstoffer<br \/>\nF\u00e5rekyllinger fra b\u00e6redygtigt, rent \u00f8kologisk opdr\u00e6t, fodret med organisk affald<\/p>\n<p><strong>Bem\u00e6rk venligst:<\/strong><br \/>\nKan opbevares i k\u00f8leskabet i ca. fire dage efter \u00e5bning. L\u00e6ngere holdbarhed, hvis den fryses.<\/p>\n<p><strong>Note om honningdug:<\/strong><br \/>\nIndhold: 10 ml<br \/>\nDette er et naturprodukt, som vi har forfinet efter omfattende test i vores laboratorium og udviklet til et foder, der er meget velaccepteret af myrer. \u00c5rsagen er, at uforarbejdet honningdughonning i sin koncentrerede oprindelige form ikke accepteres godt af myrer og deres stofskifte.<br \/>\nVores honningdug er indsamlet i de uforurenede, vilde bjergskove i Bulgarien. Honningdug produceres kun i en meget begr\u00e6nset periode, omkring to m\u00e5neder om sommeren. Den er derfor meget sj\u00e6lden. P\u00e5 grund af skovenes s\u00e6rlige jordbundsforhold og klimaet oplagres vigtige n\u00e6ringsstoffer i tr\u00e6ernes blade, som absorberes af bladlusene. Det er det, der g\u00f8r denne honningdugblanding s\u00e5 eftertragtet for myrer.<\/p>\n<p><strong>Anvendelse:<\/strong><br \/>\nM\u00e6ngden af mad skal indtages inden for ca. 3 dage.<\/p>\n<p><strong>Beskrivelse:<\/strong><br \/>\nI mods\u00e6tning til blomsterhonning udvindes honningdug af sekreter fra insekter, der suger p\u00e5 planter, f.eks. bladlus. Honningdug er en popul\u00e6r f\u00f8dekilde for mange insekter som myrer, bier og humlebier. Bier og humlebier slikker det af blade eller n\u00e5le fra forskellige tr\u00e6er. Myrer som Lasius niger holder bogstaveligt talt bladlusene. De forsvarer dem endda mod rovdyr og b\u00e6rer dem hen til friske skud.<\/p>\n<p>Honningdug er s\u00e6rlig popul\u00e6r blandt myrer p\u00e5 grund af dens noget anderledes bestanddele. De vigtigste sukkerarter i honningdug er saccharose og fructose, men der findes ogs\u00e5 mindre m\u00e6ngder af maltose, trehalose, melezitose, raffinose og andre oligosaccharider. Ud over sukker og vand indeholder honningdug ogs\u00e5 essentielle aminosyrer, mineraler, sporstoffer, adenosiner, fosfater og andre ingredienser s\u00e5som vitaminer.<\/p>\n<p><strong>Anvendelse:<\/strong><br \/>\nFor honningspisende myrearter (Meliphagidae)<br \/>\nDette er et tilskudsfoder<br \/>\nDet kan tilbydes dyrene, som det leveres. Da sukkerkoncentrationen reduceres af fugtigheden, og en g\u00e6ringsproces begynder, b\u00f8r foderet udskiftes hver 3. dag. Reng\u00f8r fodersk\u00e5len\/r\u00f8ret grundigt f\u00f8r genbrug.<br \/>\nN\u00e5r en pakke er blevet \u00e5bnet, skal den holdes t\u00e6t lukket indtil udl\u00f8bsdatoen.<br \/>\nN\u00e6ringsoplysninger pr. 100 g:<br \/>\nca. 2,7 % fedtstoffer<br \/>\nhvoraf m\u00e6ttet ca. 0,45 %<br \/>\nca. 95 % kulhydrater<br \/>\nheraf sukker ca. 71<br \/>\nca. 2.85% protein<\/p>\n<p>Mineraler (kalium, calcium, kobber, jern, natrium, magnesium, fosfor, zink og andre sporstoffer) Aminosyrer (prolin, leucin, phenylalanin, alanin, histidin, isoleucin, glutaminsyre, arginin, asparaginsyre osv.) Organiske syrer Enzymer (fermenter) Smagsstoffer Inhibiner (antibakterielle stoffer) Blomster Pollen<\/p>\n<p><strong>Opbevaring:<\/strong><br \/>\nFor at sikre foderets kvalitet skal det opbevares m\u00f8rkt og t\u00f8rt.<\/p>\n<p><strong>Bem\u00e6rk:<\/strong><br \/>\nInformation om brugen af foderr\u00f8r kan findes her: Link<br \/>\nTilskudsfoder til honning\u00e6dende myrer.<br \/>\nSe venligst indl\u00e6gssedlen for sammens\u00e6tning, analytiske ingredienser, bedst f\u00f8r-dato og batchnummer.<\/p>\n<p>Informationshotline +49 30 439703870<\/p>\n<p>Ansvarlig veterin\u00e6r- og f\u00f8devareinspektorat:<br \/>\nSteglitz Veterin\u00e6rkontor<br \/>\nK\u00f6nigin-Luise-Str. 92<br \/>\n14195 Berlin<\/p>\n<p><strong>Beskrivelse Prydbusk<\/strong><\/p>\n<p>St\u00f8rrelse \/ h\u00f8jde 17 cm til 19 cm, diameter ~ 10 cm -12 cm, ideel til arenaer 30x30x30 cm og h\u00f8jere.<br \/>\nV\u00e6gten varierer mellem 50 og 80 gram<\/p>\n<p>Dekorativ genstand, der best\u00e5r af en naturligt t\u00f8rret tr\u00e6busk og en base af syntetisk harpiks (bundplade).<br \/>\nDenne prydbusk er h\u00e5ndlavet i Tyskland og er derfor kendetegnet ved b\u00e6redygtighed.<\/p>\n<p><strong>OBS:<\/strong> M\u00e5 ikke placeres i meget fugtige formicaria (over 60% luftfugtighed). Busken kan begynde at mugne. Med meget god ventilation kan busken ogs\u00e5 placeres i mere fugtige formicarier.<\/p>\n<p>Nogle prydbuske kan ikke st\u00e5 af sig selv i formicariet p\u00e5 grund af deres h\u00f8jde. I dette tilf\u00e6lde hj\u00e6lper det at d\u00e6kke basen lidt med substrat eller at placere produktet t\u00e6t p\u00e5 de ydre ruder.<\/p>\n<p><span data-text-color=\"alert\"><strong>VIGTIG BEM\u00c6RKNING TIL ARTIKLEN:<\/strong><\/span><br \/>\nDa dette er et naturprodukt\/unika, er illustrationerne her ikke helt identiske med den vare, du modtager. Der kan v\u00e6re afvigelser i st\u00f8rrelse, form og farve p\u00e5 minitr\u00e6et og bundpladen af stenskifer. Vi garanterer kun den maksimale h\u00f8jde p\u00e5 varen.<\/p>\n<p>Ved at bestille denne vare accepterer og giver du samtykke til de ovenn\u00e6vnte mulige afvigelser af produktet i st\u00f8rrelse, form og farve p\u00e5 k\u00f8bstidspunktet.<\/p>","protected":false},"excerpt":{"rendered":"<p>S\u00e6ttet best\u00e5r af 31 dele.<br \/>\nSt\u00f8rrelse: <strong>XL<\/strong><\/p>","protected":false},"featured_media":7116,"comment_status":"open","ping_status":"closed","template":"","meta":{"_acf_changed":false,"content-type":"","_monsterinsights_skip_tracking":false,"_monsterinsights_sitenote_active":false,"_monsterinsights_sitenote_note":"","_monsterinsights_sitenote_category":0},"product_brand":[],"product_cat":[355,354,73],"product_tag":[],"class_list":{"0":"post-6377","1":"product","2":"type-product","3":"status-publish","4":"has-post-thumbnail","6":"product_cat-bundle-offers","7":"product_cat-starter-sets-for-weaver-ants","8":"product_cat-starter-sets","10":"first","11":"instock","12":"taxable","13":"shipping-taxable","14":"purchasable","15":"product-type-simple"},"acf":[],"aioseo_notices":[],"jetpack_sharing_enabled":true,"_links":{"self":[{"href":"https:\/\/antcube.shop\/da\/wp-json\/wp\/v2\/product\/6377","targetHints":{"allow":["GET"]}}],"collection":[{"href":"https:\/\/antcube.shop\/da\/wp-json\/wp\/v2\/product"}],"about":[{"href":"https:\/\/antcube.shop\/da\/wp-json\/wp\/v2\/types\/product"}],"replies":[{"embeddable":true,"href":"https:\/\/antcube.shop\/da\/wp-json\/wp\/v2\/comments?post=6377"}],"wp:featuredmedia":[{"embeddable":true,"href":"https:\/\/antcube.shop\/da\/wp-json\/wp\/v2\/media\/7116"}],"wp:attachment":[{"href":"https:\/\/antcube.shop\/da\/wp-json\/wp\/v2\/media?parent=6377"}],"wp:term":[{"taxonomy":"product_brand","embeddable":true,"href":"https:\/\/antcube.shop\/da\/wp-json\/wp\/v2\/product_brand?post=6377"},{"taxonomy":"product_cat","embeddable":true,"href":"https:\/\/antcube.shop\/da\/wp-json\/wp\/v2\/product_cat?post=6377"},{"taxonomy":"product_tag","embeddable":true,"href":"https:\/\/antcube.shop\/da\/wp-json\/wp\/v2\/product_tag?post=6377"}],"curies":[{"name":"wp","href":"https:\/\/api.w.org\/{rel}","templated":true}]}}