{"id":5936,"date":"2023-06-24T12:30:54","date_gmt":"2023-06-24T10:30:54","guid":{"rendered":"https:\/\/antcube.shop\/product\/antcube-starter-set-fur-ernteameisen-l-popcorn\/"},"modified":"2026-04-25T18:24:13","modified_gmt":"2026-04-25T16:24:13","slug":"antcube-starter-saet-til-harvester-ants-l-popcorn","status":"publish","type":"product","link":"https:\/\/antcube.shop\/da\/vare\/antcube-starter-saet-til-harvester-ants-l-popcorn\/","title":{"rendered":"ANTCUBE Starter Set for Harvester Ants &#8211; L"},"content":{"rendered":"<div class=\"tab-body active\">\n<p><strong>Indhold:<\/strong><br \/>\n1x ANTCUBE - Arena 20x20x10x10 - flad<br \/>\n1x ramme til myrearena 20\u00d720<br \/>\n1x d\u00e6kning af myrearena 20\u00d720<br \/>\n1x fastg\u00f8relsespunkter til arenad\u00e6ksel 4 stk.<br \/>\n2x ANTCUBE - Myrefarm - L - 20\u00d720 - opretst\u00e5ende<\/p>\n<p>2x ANTCUBE - Digfix Terra nidum 20\u00d720 - L - beige<\/p>\n<p>1x 1m r\u00f8r gennemsigtig 20\/16 mm<br \/>\n2x ANTCUBE - R\u00f8d folie 20\u00d720 - filter<br \/>\n2x selvkl\u00e6bende clips - gennemsigtige 2 stk.<br \/>\n1x substrat - \u00f8rken - 1 kg<\/p>\n<p>2x Grid insert acrylic &#8211; 50 mm with sealing ring<br \/>\n1x Grid insert acrylic &#8211; 27 mm with sealing ring<br \/>\n1x Grid cap &#8211; 10mm &#8211; stainless steel<\/p>\n<p>1x drinking clear 5ml &#8211; sponge<br \/>\n1x Feeding dish white rectangle &#8211; 3 compartments<\/p>\n<p>2x Foil thermometer &#8211; farm<br \/>\n1x Foil thermometer display<\/p>\n<p>1x tank-slangekobling 27-14,16,20 mm - gennemsigtig<br \/>\n1x Beskyttelsesolie til beskyttelse mod myrer 10ml<br \/>\n1x Pincet af fjederst\u00e5l - bred - bl\u00f8d<br \/>\n1x Pincet i gennemsigtig plast<br \/>\n1x Plastpipette 3ml<br \/>\n1x h\u00e5ndlup - 2x - 30mm<br \/>\n1x skumt\u00f8rrer 150x18x2,5mm<br \/>\n1x fotobagside - \u00f8rken - 20\u00d710<\/p>\n<p><strong>Beskrivelse:<\/strong><br \/>\nThis starter set is especially suitable for grain-collecting ant species of the genus Messor or Pogonomyrmex. One of these farms is intended for storing grains\/seeds and ant bread. To prevent the stored grains\/seeds from germinating or molding, it should be kept completely dry.<br \/>\nThe second farm is intended as a nest and breeding area for the ant colony. It should always be kept slightly moist.<\/p>\n<p><strong>Beskrivelse af Terra nidum-pladen:<\/strong> Terra nidum-pladen (latin for jordrede) er lavet af gravevenligt materiale og passer perfekt til vores ANTCUBE-myrefarme. Den kan bruges b\u00e5de t\u00f8rt og v\u00e5dt. Den er ogs\u00e5 velegnet til mange myrearter, is\u00e6r til arter, der bygger rede i sand og (d\u00f8dt) tr\u00e6. Den kan bruges i stedet for sand\/ler-blandinger eller kork-redeindsatser. Fordelen ved denne rede er, at opfugtningen af pladen er lettere at kontrollere p\u00e5 grund af en tydeligt synlig misfarvning, og farven p\u00e5 pladen giver en super kontrast til de normalt m\u00f8rkere myrearter. Desuden kan de indre ruder i myreboet ikke tilsmudses med substrat, som det er tilf\u00e6ldet med f.eks. sand\/ler-blandinger, hvilket giver et perfekt udsyn til boet. Vores redemateriale har ogs\u00e5 en meget fastere struktur, s\u00e5 tunneller og kamre, som myrerne har gravet, ikke falder sammen.<\/p>\n<p><strong>Vigtigt: <\/strong>Fugt substratet f\u00f8r brug, s\u00e5 blandingen kan binde sig og f\u00e5 et fast greb i myretuen. Desuden kan et t\u00f8rt og st\u00f8vet substrat medf\u00f8re, at myrernes luftveje blokeres og i v\u00e6rste fald f\u00e5 dyrene til at kv\u00e6les.<\/p>\n<p><strong>Anbefaling:<\/strong> Vi anbefaler et substratlag med en h\u00f8jde p\u00e5 2 mm, s\u00e5 dyrene ikke kan grave sig ned i arenaen og i stedet bruger den dertil indrettede g\u00e5rd. Vi anbefaler ogs\u00e5, at redematerialet i farmen (sand\/ler, Digfix osv.) er let prikket et sted for at g\u00f8re det lettere for dyrene at grave.<\/p>\n<p><strong>Bem\u00e6rkninger om produktionen<\/strong><br \/>\nGlas sk\u00e6res i henhold til DIN 1249 med en tolerance p\u00e5 +\/- 1 mm. For ekstremt sm\u00e5 myrearter er det n\u00f8dvendigt med yderligere flugtsikring.<\/p>\n<p><strong>Bem\u00e6rkninger om bedriften<\/strong><br \/>\nN\u00e5r du monterer eller fjerner slanger, skal du v\u00e6re opm\u00e6rksom p\u00e5 f\u00f8lgende:<br \/>\nHvis det er meget sv\u00e6rt at f\u00e5 slangen til at passe p\u00e5 tilslutningsmuffen, skal muffen gnides let med en dr\u00e5be af vores olie eller pulver til beskyttelse mod udbrud. Derefter skal slangen skubbes p\u00e5 muffen med drejende eller skruende bev\u00e6gelser uden at belaste muffen med op- og nedadg\u00e5ende bev\u00e6gelser. Det samme g\u00e6lder, n\u00e5r du fjerner slangerne fra g\u00e5rdtilslutningsstudsen. Du m\u00e5 ikke bare tr\u00e6kke den af!<\/p>\n<p><strong>Note om Terra nidum:<\/strong> Den naturlige farvenuance kan variere mellem beige\/sandfarvet og lysebrun. Farvetonen har ingen indflydelse p\u00e5 kvaliteten.<br \/>\nP\u00e5 grund af fremstillingsprocessen kan m\u00e5lene variere med +\/- 1 mm.<\/p>\n<\/div>","protected":false},"excerpt":{"rendered":"<p>This set consists of 30 parts and is ideal for all grain-collecting ants species.<br \/>\nSt\u00f8rrelse: <span style=\"color: #0000ff;\"><strong>L<\/strong><\/span><\/p>","protected":false},"featured_media":5926,"comment_status":"open","ping_status":"closed","template":"","meta":{"_acf_changed":false,"content-type":"","_monsterinsights_skip_tracking":false,"_monsterinsights_sitenote_active":false,"_monsterinsights_sitenote_note":"","_monsterinsights_sitenote_category":0},"product_brand":[],"product_cat":[344,353,73,75],"product_tag":[],"class_list":{"0":"post-5936","1":"product","2":"type-product","3":"status-publish","4":"has-post-thumbnail","6":"product_cat-popcorn","7":"product_cat-starter-sets-for-harvester-ants","8":"product_cat-starter-sets","9":"product_cat-starter-sets-digfix","11":"first","12":"outofstock","13":"taxable","14":"shipping-taxable","15":"purchasable","16":"product-type-simple"},"acf":[],"aioseo_notices":[],"jetpack_sharing_enabled":true,"_links":{"self":[{"href":"https:\/\/antcube.shop\/da\/wp-json\/wp\/v2\/product\/5936","targetHints":{"allow":["GET"]}}],"collection":[{"href":"https:\/\/antcube.shop\/da\/wp-json\/wp\/v2\/product"}],"about":[{"href":"https:\/\/antcube.shop\/da\/wp-json\/wp\/v2\/types\/product"}],"replies":[{"embeddable":true,"href":"https:\/\/antcube.shop\/da\/wp-json\/wp\/v2\/comments?post=5936"}],"wp:featuredmedia":[{"embeddable":true,"href":"https:\/\/antcube.shop\/da\/wp-json\/wp\/v2\/media\/5926"}],"wp:attachment":[{"href":"https:\/\/antcube.shop\/da\/wp-json\/wp\/v2\/media?parent=5936"}],"wp:term":[{"taxonomy":"product_brand","embeddable":true,"href":"https:\/\/antcube.shop\/da\/wp-json\/wp\/v2\/product_brand?post=5936"},{"taxonomy":"product_cat","embeddable":true,"href":"https:\/\/antcube.shop\/da\/wp-json\/wp\/v2\/product_cat?post=5936"},{"taxonomy":"product_tag","embeddable":true,"href":"https:\/\/antcube.shop\/da\/wp-json\/wp\/v2\/product_tag?post=5936"}],"curies":[{"name":"wp","href":"https:\/\/api.w.org\/{rel}","templated":true}]}}