{"id":5935,"date":"2023-06-24T12:30:33","date_gmt":"2023-06-24T10:30:33","guid":{"rendered":"https:\/\/antcube.shop\/product\/bundle-offer-messor-angularis\/"},"modified":"2025-10-19T06:01:04","modified_gmt":"2025-10-19T04:01:04","slug":"bundt-tilbud-messor-angularis","status":"publish","type":"product","link":"https:\/\/antcube.shop\/da\/vare\/bundt-tilbud-messor-angularis\/","title":{"rendered":"Pakketilbud - Messor arenarius"},"content":{"rendered":"<div class=\"tab-body active\">\n<p><span data-text-color=\"secondary\"><strong>Pakketilbud med en Messor arenarius-myrekoloni (dronning + 5-10 arbejdere + yngel), et starts\u00e6t til h\u00f8stmyrer L Popcorn med 3 x formicarium-puder og et glas med vores s\u00e6rlige blancherede f\u00e5rekyllinger (fugtigt protein).<\/strong><\/span><\/p>\n<p><span data-text-color=\"alert\"><strong>Kun s\u00e5 l\u00e6nge lager haves.<\/strong><\/span><\/p>\n<p><strong>Alt hvad du beh\u00f8ver for at holde Messor arenarius med succes<\/strong><br \/>\nDenne pakke indeholder alt, hvad du skal bruge for at kunne holde en koloni af Messor arenarius i de f\u00f8rste par m\u00e5neder. Den kan udvides fleksibelt og er ideel til at komme i gang med at holde myrer.<\/p>\n<p><strong>Myrearten: Messor arenarius<\/strong><br \/>\nMessor arenarius, ogs\u00e5 kendt som \"klith\u00f8stmyren\", er en meget stor, korn\u00e6dende myreart sammenlignet med andre Messor-arter og findes hovedsageligt i t\u00f8rre og varme omr\u00e5der i Nordafrika. Deres store arbejdere kan n\u00e5 en forbl\u00f8ffende st\u00f8rrelse p\u00e5 18 mm. Den er kendt for sin tilpasningsevne til t\u00f8rre habitater og h\u00f8rer til de s\u00e5kaldte h\u00f8stmyrer, som er kendt for deres interessante levevis og imponerende redebygninger.<\/p>\n<p>Visuelt skiller Messor arenarius sig ud med sin skinnende sorte krop og de kraftigt byggede store arbejdermyrer, som er s\u00e6rligt imponerende. P\u00e5 grund af dens robuste natur og enkle pasningskrav er det en ideel art for begyndere, men p\u00e5 grund af dens imponerende st\u00f8rrelse er den ogs\u00e5 interessant for avancerede myreholdere.<\/p>\n<p><strong>Mad til Messor arenarius<\/strong><br \/>\nMessor arenarius lever hovedsageligt af korn, som den bruger til at lave s\u00e5kaldt \"myrebr\u00f8d\". Derudover accepterer kolonien ogs\u00e5 s\u00f8de frugter, sm\u00e5 insekter og proteinfoder. St\u00f8rstedelen af deres fugtbehov d\u00e6kkes af korn, mens resten d\u00e6kkes af insekter og eventuelle v\u00e6sker, som tilbydes, f.eks. honningvand.<\/p>\n<p><strong>F\u00f8lgende foder b\u00f8r gives i formicariet:<\/strong><br \/>\nKornblandinger<br \/>\nSm\u00e5 insekter (f.eks. bananfluer)<br \/>\nS\u00f8rg altid for frisk vand<br \/>\nHonningvand, hvis det er n\u00f8dvendigt (bem\u00e6rk: D\u00e6k altid \u00e5bne v\u00e6sker til, s\u00e5 myrerne ikke falder i).<\/p>\n<p><strong>Det rigtige formicarium til Messor arenarius<\/strong><br \/>\nSom alle h\u00f8stmyrer har Messor arenarius ogs\u00e5 brug for et bo med b\u00e5de t\u00f8rre og let fugtige omr\u00e5der. Det fugtige omr\u00e5de er til yngelpleje, mens den t\u00f8rre del er ideel til opbevaring af korn for at forhindre skimmelv\u00e6kst. Vores starts\u00e6t indeholder derfor to myrefarme (reder), som er tilstr\u00e6kkelige til de f\u00f8rste 1-2 \u00e5r. Derefter skal formicariet udvides for at skabe plads til, at kolonien kan vokse.<\/p>\n<p><strong>De optimale klimaforhold for Messor arenarius:<\/strong><br \/>\n<strong>Fugtighed:<\/strong><br \/>\nArena: 30-50 %<br \/>\nRedeomr\u00e5de: 50-70 %<\/p>\n<p><strong>Temperatur:<\/strong><br \/>\nArena: 25-30 \u00b0C<br \/>\nRedeomr\u00e5de: 22-28 \u00b0C<\/p>\n<p><strong>Redemateriale til Messor arenarius<\/strong><br \/>\nDigfix er s\u00e6rligt velegnet til at holde Messor arenarius. Det er modstandsdygtigt over for fugt og giver et klart udsyn til redekonstruktionerne, uden at rester af substrat forstyrrer udsynet, som det er tilf\u00e6ldet med sand\/ler-blandinger.<\/p>\n<p>Da Major-arbejderne med tiden ogs\u00e5 kan gnave i h\u00e5rdere materialer som Ytong, anbefaler vi glasreder med en Digfix-indsats. Denne kombination giver ikke kun lang levetid, men ogs\u00e5 optimale betingelser for at observere og pleje kolonien.<\/p>\n<p>Med denne ops\u00e6tning skaber du et ideelt grundlag for at holde Messor arenarius og kan observere og pleje disse fascinerende myrer i mange \u00e5r fremover.<\/p>\n<p><strong>Indhold:<\/strong><br \/>\n1x Messor arenarius (dronning + 1-4 arbejdere + yngel)<br \/>\n1x blancheret f\u00e5rekylling 10g<br \/>\n1x kornfoder minor 100g<br \/>\n1x formicarium-pude - 20x20cm<br \/>\n2x formicarium-pude - 20x6cm<\/p>\n<p>1x ANTCUBE - arena 20x20x10 - flad<br \/>\n1x ramme til myrearena 20\u00d720<br \/>\n1x d\u00e6kning af myrearena 20\u00d720<br \/>\n1x fastg\u00f8relsespunkter til arenad\u00e6ksel 4 stk.<br \/>\n2x ANTCUBE - Myrefarm - L - 20\u00d720 - opretst\u00e5ende<\/p>\n<p>2x ANTCUBE - Digfix Terra nidum 20\u00d720 - L - beige<br \/>\n1x Popcorn Nest 20\u00d720 - L<br \/>\n1x 1m r\u00f8r gennemsigtig 20\/16 mm<br \/>\n2x ANTCUBE - R\u00f8d folie 20\u00d720 - filter<br \/>\n2x selvkl\u00e6bende clips - gennemsigtige 2 stk.<br \/>\n1x substrat - \u00f8rken - 1 kg<\/p>\n<p>2x gitterindsats - 50mm - rustfrit st\u00e5l<br \/>\n1x gitterindsats - 27 mm - rustfrit st\u00e5l<br \/>\n1x gitterkappe - 16mm - rustfrit st\u00e5l<\/p>\n<p>1x tank-slangekobling 27-14,16,20 mm - gennemsigtig<br \/>\n1x foderdispenser 2ml - doserbar<br \/>\n1x drikketrug klar 20ml - svamp<br \/>\n1x sk\u00e5l klar 1\u00d720 - svamp<br \/>\n1x Mini termohygrometer analogt - display - h\u00e6ngende<br \/>\n1x Beskyttelsesolie til beskyttelse mod myrer 10ml<br \/>\n1x Pincet af fjederst\u00e5l - bred - bl\u00f8d<br \/>\n1x Pincet i gennemsigtig plast<br \/>\n1x plastpipette 3ml<br \/>\n1x h\u00e5ndlup - 2x - 30mm<br \/>\n1x skumt\u00f8rrer 150x18x2,5mm<br \/>\n1x fotobagside - \u00f8rken - 20\u00d710<\/p>\n<p><strong>Beskrivelse Starts\u00e6t:<\/strong><br \/>\nDette starts\u00e6t er s\u00e6rligt velegnet til kornsamlende myrearter af sl\u00e6gten Messor eller Pogonomyrmex. G\u00e5rden med popcornpladen er beregnet til opbevaring af fr\u00f8 og myrebr\u00f8d og skal derfor forblive helt t\u00f8r for at forhindre, at de fr\u00f8\/korn, som myrerne opbevarer der, spirer eller mugner.<br \/>\nDen anden g\u00e5rd med \"Terra nidum\"-pladen er beregnet som rede- og yngleomr\u00e5de for myrekolonien. Den skal altid holdes let fugtig.<br \/>\nFor at give dig mere fleksibilitet, n\u00e5r du indretter dit formicarium, har vi inkluderet en anden \"Terra nidum\"-plade, som du kan bruge i stedet for popcorn-reden.<\/p>\n<p><strong>Beskrivelse af Terra nidum-pladen:<\/strong> Terra nidum-pladen (latin for jordrede) er lavet af gravevenligt materiale og passer perfekt til vores ANTCUBE-myrefarme. Den kan bruges b\u00e5de t\u00f8rt og v\u00e5dt. Den er ogs\u00e5 velegnet til mange myrearter, is\u00e6r til arter, der bygger rede i sand og (d\u00f8dt) tr\u00e6. Den kan bruges i stedet for sand\/ler-blandinger eller kork-redeindsatser. Fordelen ved denne rede er, at opfugtningen af pladen er lettere at kontrollere p\u00e5 grund af en tydeligt synlig misfarvning, og farven p\u00e5 pladen giver en super kontrast til de normalt m\u00f8rkere myrearter. Desuden kan de indre ruder i myreboet ikke tilsmudses med substrat, som det er tilf\u00e6ldet med f.eks. sand\/ler-blandinger, hvilket giver et perfekt udsyn til boet. Vores redemateriale har ogs\u00e5 en meget fastere struktur, s\u00e5 tunneller og kamre, som myrerne har gravet, ikke falder sammen.<\/p>\n<p><strong>Beskrivelse af popcorn-rede:<\/strong> Denne popcornrede med pr\u00e6fabrikerede gange og kamre er perfekt som kornkammer til for eksempel Messor-myrer, men ogs\u00e5 til andre kornsamlende myrearter. Den har et hul til adgang til boet. Popcornboet absorberer fugt og kan derfor udvide sig, s\u00e5 det skal altid holdes t\u00f8rt. Messor barbarus accepterer vores ANTCUBE popcornrede meget godt som kornkammer. Med tiden begynder myrerne at udvide popcornreden og \u00e6de sig gennem redematerialet. Det lugter af karamelliseret honning og er derfor meget attraktivt.<\/p>\n<p>Popcornboet b\u00f8r kun bruges til myrearter, der kr\u00e6ver meget lidt eller ingen fugt i boomr\u00e5det.<\/p>\n<p><strong>Vigtigt:<\/strong> Fugt substratet f\u00f8r brug, s\u00e5 blandingen kan binde sig og f\u00e5 et fast greb i myretuen. Desuden kan et t\u00f8rt og st\u00f8vet substrat medf\u00f8re, at myrernes luftveje blokeres og i v\u00e6rste fald f\u00e5 dyrene til at kv\u00e6les.<\/p>\n<p><strong>Anbefaling:<\/strong> Vi anbefaler et substratlag med en h\u00f8jde p\u00e5 2 mm, s\u00e5 dyrene ikke kan grave sig ned i arenaen og i stedet bruger den dertil indrettede g\u00e5rd. Vi anbefaler ogs\u00e5, at redematerialet i farmen (sand\/ler, Digfix osv.) er let prikket et sted for at g\u00f8re det lettere for dyrene at grave.<\/p>\n<p><strong>Bem\u00e6rkninger om produktionen<\/strong><br \/>\nGlas sk\u00e6res i henhold til DIN 1249 med en tolerance p\u00e5 +\/- 1 mm. For ekstremt sm\u00e5 myrearter er det n\u00f8dvendigt med yderligere flugtsikring.<\/p>\n<p><strong>Bem\u00e6rkninger om bedriften<\/strong><br \/>\nN\u00e5r du monterer eller fjerner slanger, skal du v\u00e6re opm\u00e6rksom p\u00e5 f\u00f8lgende:<br \/>\nHvis det er meget sv\u00e6rt at f\u00e5 slangen til at passe p\u00e5 tilslutningsmuffen, skal muffen gnides let med en dr\u00e5be af vores olie eller pulver til beskyttelse mod udbrud. Derefter skal slangen skubbes p\u00e5 muffen med drejende eller skruende bev\u00e6gelser uden at belaste muffen med op- og nedadg\u00e5ende bev\u00e6gelser. Det samme g\u00e6lder, n\u00e5r du fjerner slangerne fra g\u00e5rdtilslutningsstudsen. Du m\u00e5 ikke bare tr\u00e6kke den af!<\/p>\n<p><strong>Note om Terra nidum:<\/strong> Den naturlige farve kan variere mellem beige\/sandfarvet og lysebrun. Farven har ingen indflydelse p\u00e5 kvaliteten.<br \/>\nP\u00e5 grund af produktionsprocessen kan m\u00e5lene variere med +\/- 1 mm.<\/p>\n<p><strong>Bem\u00e6rk om de blancherede f\u00e5rekyllinger:<\/strong><br \/>\nVores blancherede f\u00e5rekyllinger er en nem m\u00e5de at give dine myrer frisk konserveret proteinfoder p\u00e5 uden at skulle fodre med levende insekter. F\u00e5rekyllingerne (Acheta domesticus) er blevet blancheret forsigtigt for at sikre, at n\u00e6ringsv\u00e6rdier, smag og aroma bevares. Desuden bl\u00f8dg\u00f8res insekternes kitinholdige skal p\u00e5 denne m\u00e5de, s\u00e5 den lettere kan ford\u00f8jes. Bindingerne i kollagenproteinerne nedbrydes, s\u00e5 myrerne bedre kan udnytte dem. Acheta domesticus p\u00e5 d\u00e5se har samme n\u00e6ringsv\u00e6rdi som levende f\u00e5rekyllinger, men er lettere at ford\u00f8je.<\/p>\n<p>De blancherede f\u00e5rekyllinger er ikke egnede til at jage myrearter, der kr\u00e6ver levende f\u00f8de (f.eks. poneriner (store myrer) som Harpegnathos eller Odontomachus).<\/p>\n<p><strong>Yderligere fordele:<\/strong><br \/>\nGaranteret fri for mider<br \/>\nKan portionsanrettes<br \/>\nSteriliseret og st\u00f8vsuget<br \/>\nUden tils\u00e6tningsstoffer<br \/>\nF\u00e5rekyllinger fra b\u00e6redygtigt, rent \u00f8kologisk opdr\u00e6t, fodret med organisk affald<\/p>\n<p><strong>Bem\u00e6rk venligst:<\/strong><br \/>\nKan opbevares i k\u00f8leskabet i ca. fire dage efter \u00e5bning. L\u00e6ngere holdbarhed, hvis den fryses.<\/p>\n<\/div>","protected":false},"excerpt":{"rendered":"<p>Pakketilbud med en Messor arenarius-myrekoloni (dronning + 5-10 arbejdere + yngel), et starts\u00e6t til h\u00f8stmyrer L Popcorn med 3 x formicarium-puder og et glas med vores s\u00e6rlige blancherede f\u00e5rekyllinger (fugtigt protein). Kun s\u00e5 l\u00e6nge lager haves. Alt, hvad du skal bruge for at holde Messor arenarius med succes Denne pakke indeholder alt, hvad du skal bruge for at","protected":false},"featured_media":10873,"comment_status":"open","ping_status":"closed","template":"","meta":{"_acf_changed":false,"content-type":"","_monsterinsights_skip_tracking":false,"_monsterinsights_sitenote_active":false,"_monsterinsights_sitenote_note":"","_monsterinsights_sitenote_category":0},"product_brand":[],"product_cat":[355,344,353,73],"product_tag":[],"class_list":{"0":"post-5935","1":"product","2":"type-product","3":"status-publish","4":"has-post-thumbnail","6":"product_cat-bundle-offers","7":"product_cat-popcorn","8":"product_cat-starter-sets-for-harvester-ants","9":"product_cat-starter-sets","11":"first","12":"outofstock","13":"taxable","14":"shipping-taxable","15":"purchasable","16":"product-type-simple"},"acf":[],"aioseo_notices":[],"jetpack_sharing_enabled":true,"_links":{"self":[{"href":"https:\/\/antcube.shop\/da\/wp-json\/wp\/v2\/product\/5935","targetHints":{"allow":["GET"]}}],"collection":[{"href":"https:\/\/antcube.shop\/da\/wp-json\/wp\/v2\/product"}],"about":[{"href":"https:\/\/antcube.shop\/da\/wp-json\/wp\/v2\/types\/product"}],"replies":[{"embeddable":true,"href":"https:\/\/antcube.shop\/da\/wp-json\/wp\/v2\/comments?post=5935"}],"wp:featuredmedia":[{"embeddable":true,"href":"https:\/\/antcube.shop\/da\/wp-json\/wp\/v2\/media\/10873"}],"wp:attachment":[{"href":"https:\/\/antcube.shop\/da\/wp-json\/wp\/v2\/media?parent=5935"}],"wp:term":[{"taxonomy":"product_brand","embeddable":true,"href":"https:\/\/antcube.shop\/da\/wp-json\/wp\/v2\/product_brand?post=5935"},{"taxonomy":"product_cat","embeddable":true,"href":"https:\/\/antcube.shop\/da\/wp-json\/wp\/v2\/product_cat?post=5935"},{"taxonomy":"product_tag","embeddable":true,"href":"https:\/\/antcube.shop\/da\/wp-json\/wp\/v2\/product_tag?post=5935"}],"curies":[{"name":"wp","href":"https:\/\/api.w.org\/{rel}","templated":true}]}}